{"id":1841,"date":"2015-09-18T00:42:07","date_gmt":"2015-09-18T00:42:07","guid":{"rendered":"http:\/\/grupos.unileon.es\/mebar\/?page_id=1841"},"modified":"2015-09-18T00:42:07","modified_gmt":"2015-09-18T00:42:07","slug":"casus-definicion-latin","status":"publish","type":"page","link":"https:\/\/grupos.unileon.es\/mebar\/casus-definicion-latin\/","title":{"rendered":"Casus. Definici\u00f3n lat\u00edn"},"content":{"rendered":"<p style=\"text-align: justify;\"><em>Casus<\/em><br \/>\nLa caracterizaci\u00f3n tipol\u00f3gica de las personas de las que se habla se realiza a trav\u00e9s del cat\u00e1logo de virtudes y defectos, en los que se desea encontrar el origen de los comportamientos y actitudes que se ensalzan o se critican. Los afectos (temor, tristeza, misericordia, desesperaci\u00f3n) y las pasiones (amor, odio, venganza) alcanzan un gran rendimiento en esta recreaci\u00f3n de una tipolog\u00eda de actitudes y actuaciones en el juego de <em>ethos<\/em> y <em>pathos<\/em>. Se trata en el g\u00e9nero demostrativo de un locus del elogio y del vituperio, pero tambi\u00e9n puede emplearse en el exordio, en una narraci\u00f3n matizada y en la peroraci\u00f3n (Qvint. inst. 7, 2, 35-41; Lausb. I, \u00a7 157). Los sucesos fortuitos o la fortuna que le ha correspondido a una persona es uno de los recursos del lugar o t\u00f3pico correspondiente. En consecuencia, se presentan en la literatura en funci\u00f3n de una recreaci\u00f3n ficticia y sumaria de una persona real dentro de las caracter\u00edsticas de una tipolog\u00eda general (Lausb. I, \u00a7 189).<\/p>\n","protected":false},"excerpt":{"rendered":"<p>Casus La caracterizaci\u00f3n tipol\u00f3gica de las personas de las que se habla se realiza a trav\u00e9s del cat\u00e1logo de virtudes y defectos, en los que se desea encontrar el origen de los comportamientos y actitudes que se ensalzan o se critican. Los afectos (temor, tristeza, misericordia, desesperaci\u00f3n) y las pasiones (amor, odio, venganza) alcanzan un [&hellip;]<\/p>\n","protected":false},"author":16,"featured_media":0,"parent":0,"menu_order":0,"comment_status":"closed","ping_status":"closed","template":"","meta":{"footnotes":""},"class_list":["post-1841","page","type-page","status-publish","hentry"],"_links":{"self":[{"href":"https:\/\/grupos.unileon.es\/mebar\/wp-json\/wp\/v2\/pages\/1841","targetHints":{"allow":["GET"]}}],"collection":[{"href":"https:\/\/grupos.unileon.es\/mebar\/wp-json\/wp\/v2\/pages"}],"about":[{"href":"https:\/\/grupos.unileon.es\/mebar\/wp-json\/wp\/v2\/types\/page"}],"author":[{"embeddable":true,"href":"https:\/\/grupos.unileon.es\/mebar\/wp-json\/wp\/v2\/users\/16"}],"replies":[{"embeddable":true,"href":"https:\/\/grupos.unileon.es\/mebar\/wp-json\/wp\/v2\/comments?post=1841"}],"version-history":[{"count":1,"href":"https:\/\/grupos.unileon.es\/mebar\/wp-json\/wp\/v2\/pages\/1841\/revisions"}],"predecessor-version":[{"id":1842,"href":"https:\/\/grupos.unileon.es\/mebar\/wp-json\/wp\/v2\/pages\/1841\/revisions\/1842"}],"wp:attachment":[{"href":"https:\/\/grupos.unileon.es\/mebar\/wp-json\/wp\/v2\/media?parent=1841"}],"curies":[{"name":"wp","href":"https:\/\/api.w.org\/{rel}","templated":true}]}}