{"id":1879,"date":"2015-09-18T02:18:30","date_gmt":"2015-09-18T02:18:30","guid":{"rendered":"http:\/\/grupos.unileon.es\/mebar\/?page_id=1879"},"modified":"2015-09-18T02:18:30","modified_gmt":"2015-09-18T02:18:30","slug":"oxymoron-definicion-aleman","status":"publish","type":"page","link":"https:\/\/grupos.unileon.es\/mebar\/oxymoron-definicion-aleman\/","title":{"rendered":"Oxymoron. Definici\u00f3n alem\u00e1n"},"content":{"rendered":"<p style=\"text-align: justify;\"><em>Oxymoron<\/em> (gr. Oxys = scharf, moros = dumm scharfsinnige Dummheit.) \u00a0Rhetor. Figur Verbindung zweie sich gedakl.-log. ausliessender Begriffe, sei es in einem Kompositum oder bei einen attribuierten Substantiv. Das Oxymoron ist kennzeichnend f\u00fcr manierist. Stilhaltungen oder ein gebrochenes Weltgef\u00fchl, aber auch f\u00fcr das Bestreben, polare Gegens\u00e4tze zu vereinen.<\/p>\n","protected":false},"excerpt":{"rendered":"<p>Oxymoron (gr. Oxys = scharf, moros = dumm scharfsinnige Dummheit.) \u00a0Rhetor. Figur Verbindung zweie sich gedakl.-log. ausliessender Begriffe, sei es in einem Kompositum oder bei einen attribuierten Substantiv. Das Oxymoron ist kennzeichnend f\u00fcr manierist. Stilhaltungen oder ein gebrochenes Weltgef\u00fchl, aber auch f\u00fcr das Bestreben, polare Gegens\u00e4tze zu vereinen.<\/p>\n","protected":false},"author":16,"featured_media":0,"parent":0,"menu_order":0,"comment_status":"closed","ping_status":"closed","template":"","meta":{"footnotes":""},"class_list":["post-1879","page","type-page","status-publish","hentry"],"_links":{"self":[{"href":"https:\/\/grupos.unileon.es\/mebar\/wp-json\/wp\/v2\/pages\/1879","targetHints":{"allow":["GET"]}}],"collection":[{"href":"https:\/\/grupos.unileon.es\/mebar\/wp-json\/wp\/v2\/pages"}],"about":[{"href":"https:\/\/grupos.unileon.es\/mebar\/wp-json\/wp\/v2\/types\/page"}],"author":[{"embeddable":true,"href":"https:\/\/grupos.unileon.es\/mebar\/wp-json\/wp\/v2\/users\/16"}],"replies":[{"embeddable":true,"href":"https:\/\/grupos.unileon.es\/mebar\/wp-json\/wp\/v2\/comments?post=1879"}],"version-history":[{"count":1,"href":"https:\/\/grupos.unileon.es\/mebar\/wp-json\/wp\/v2\/pages\/1879\/revisions"}],"predecessor-version":[{"id":1880,"href":"https:\/\/grupos.unileon.es\/mebar\/wp-json\/wp\/v2\/pages\/1879\/revisions\/1880"}],"wp:attachment":[{"href":"https:\/\/grupos.unileon.es\/mebar\/wp-json\/wp\/v2\/media?parent=1879"}],"curies":[{"name":"wp","href":"https:\/\/api.w.org\/{rel}","templated":true}]}}