{"id":1882,"date":"2015-09-18T02:20:26","date_gmt":"2015-09-18T02:20:26","guid":{"rendered":"http:\/\/grupos.unileon.es\/mebar\/?page_id=1882"},"modified":"2015-09-18T02:24:55","modified_gmt":"2015-09-18T02:24:55","slug":"hyperbole-definicion-aleman","status":"publish","type":"page","link":"https:\/\/grupos.unileon.es\/mebar\/hyperbole-definicion-aleman\/","title":{"rendered":"Hyperbole. Definici\u00f3n alem\u00e1n"},"content":{"rendered":"<p>SCHWEIKLE, G. y SCHWEIKLE I. (eds.). <em>Metzler Literatur Lexikon<\/em>, <em>Stichtw\u00f6rter zur Weltliteratu<\/em>r. Stuttgart: Metzler, 1990.<\/p>\n<p style=\"text-align: justify;\"><em>Hyperbel<\/em> (gr. Hyperbole = \u00fcbermass. Tropus; extreme im w\u00f6rtl. Sinne oft unglaubw\u00fcrdige oder unm\u00f6gl. \u00dcbertreibung zur Darstellung des Aussenordentlichen, meist mit Mitteln der Metaphorik oder des ausgef\u00fchrten Vergleichs. Bess. beliebt in volkst\u00fcm. Erz\u00e4hlgattungen Barock, von Klasizist, autoren gemieden. Die angestrebte affekt. Intensivierung ger\u00e4t leicht zur Manier und in die N\u00e4he des L\u00e4cherlichen.<\/p>\n","protected":false},"excerpt":{"rendered":"<p>SCHWEIKLE, G. y SCHWEIKLE I. (eds.). Metzler Literatur Lexikon, Stichtw\u00f6rter zur Weltliteratur. Stuttgart: Metzler, 1990. Hyperbel (gr. Hyperbole = \u00fcbermass. Tropus; extreme im w\u00f6rtl. Sinne oft unglaubw\u00fcrdige oder unm\u00f6gl. \u00dcbertreibung zur Darstellung des Aussenordentlichen, meist mit Mitteln der Metaphorik oder des ausgef\u00fchrten Vergleichs. Bess. beliebt in volkst\u00fcm. Erz\u00e4hlgattungen Barock, von Klasizist, autoren gemieden. Die angestrebte [&hellip;]<\/p>\n","protected":false},"author":16,"featured_media":0,"parent":0,"menu_order":0,"comment_status":"closed","ping_status":"closed","template":"","meta":{"footnotes":""},"class_list":["post-1882","page","type-page","status-publish","hentry"],"_links":{"self":[{"href":"https:\/\/grupos.unileon.es\/mebar\/wp-json\/wp\/v2\/pages\/1882","targetHints":{"allow":["GET"]}}],"collection":[{"href":"https:\/\/grupos.unileon.es\/mebar\/wp-json\/wp\/v2\/pages"}],"about":[{"href":"https:\/\/grupos.unileon.es\/mebar\/wp-json\/wp\/v2\/types\/page"}],"author":[{"embeddable":true,"href":"https:\/\/grupos.unileon.es\/mebar\/wp-json\/wp\/v2\/users\/16"}],"replies":[{"embeddable":true,"href":"https:\/\/grupos.unileon.es\/mebar\/wp-json\/wp\/v2\/comments?post=1882"}],"version-history":[{"count":2,"href":"https:\/\/grupos.unileon.es\/mebar\/wp-json\/wp\/v2\/pages\/1882\/revisions"}],"predecessor-version":[{"id":1889,"href":"https:\/\/grupos.unileon.es\/mebar\/wp-json\/wp\/v2\/pages\/1882\/revisions\/1889"}],"wp:attachment":[{"href":"https:\/\/grupos.unileon.es\/mebar\/wp-json\/wp\/v2\/media?parent=1882"}],"curies":[{"name":"wp","href":"https:\/\/api.w.org\/{rel}","templated":true}]}}