{"id":1885,"date":"2015-09-18T02:22:52","date_gmt":"2015-09-18T02:22:52","guid":{"rendered":"http:\/\/grupos.unileon.es\/mebar\/?page_id=1885"},"modified":"2015-09-18T02:24:14","modified_gmt":"2015-09-18T02:24:14","slug":"interrogatio-definicion-aleman","status":"publish","type":"page","link":"https:\/\/grupos.unileon.es\/mebar\/interrogatio-definicion-aleman\/","title":{"rendered":"Interrogatio. Definici\u00f3n alem\u00e1n"},"content":{"rendered":"<p><strong>SCHWEIKLE, G. y SCHWEIKLE I.<\/strong> (eds.). <em>Metzler Literatur Lexikon<\/em>, <em>Stichtw\u00f6rter zur Weltliteratu<\/em>r. Stuttgart: Metzler, 1990.<\/p>\n<p style=\"text-align: justify;\"><em>Correctio<\/em> (lat.= Verbesserung) auch Metanoia f. (gr. = Sinn\u00e4nderung) rhetor. Figur unmittelbare Berichctigung einer eigenen \u00c4usserung (oder in der Gerichstrede auch einer \u00c4usserung des Gegners); dient meist nicht zur Abschw\u00e4chung der Aussage, sondern zur Steigerung.<\/p>\n","protected":false},"excerpt":{"rendered":"<p>SCHWEIKLE, G. y SCHWEIKLE I. (eds.). Metzler Literatur Lexikon, Stichtw\u00f6rter zur Weltliteratur. Stuttgart: Metzler, 1990. Correctio (lat.= Verbesserung) auch Metanoia f. (gr. = Sinn\u00e4nderung) rhetor. Figur unmittelbare Berichctigung einer eigenen \u00c4usserung (oder in der Gerichstrede auch einer \u00c4usserung des Gegners); dient meist nicht zur Abschw\u00e4chung der Aussage, sondern zur Steigerung.<\/p>\n","protected":false},"author":16,"featured_media":0,"parent":0,"menu_order":0,"comment_status":"closed","ping_status":"closed","template":"","meta":{"footnotes":""},"class_list":["post-1885","page","type-page","status-publish","hentry"],"_links":{"self":[{"href":"https:\/\/grupos.unileon.es\/mebar\/wp-json\/wp\/v2\/pages\/1885","targetHints":{"allow":["GET"]}}],"collection":[{"href":"https:\/\/grupos.unileon.es\/mebar\/wp-json\/wp\/v2\/pages"}],"about":[{"href":"https:\/\/grupos.unileon.es\/mebar\/wp-json\/wp\/v2\/types\/page"}],"author":[{"embeddable":true,"href":"https:\/\/grupos.unileon.es\/mebar\/wp-json\/wp\/v2\/users\/16"}],"replies":[{"embeddable":true,"href":"https:\/\/grupos.unileon.es\/mebar\/wp-json\/wp\/v2\/comments?post=1885"}],"version-history":[{"count":2,"href":"https:\/\/grupos.unileon.es\/mebar\/wp-json\/wp\/v2\/pages\/1885\/revisions"}],"predecessor-version":[{"id":1888,"href":"https:\/\/grupos.unileon.es\/mebar\/wp-json\/wp\/v2\/pages\/1885\/revisions\/1888"}],"wp:attachment":[{"href":"https:\/\/grupos.unileon.es\/mebar\/wp-json\/wp\/v2\/media?parent=1885"}],"curies":[{"name":"wp","href":"https:\/\/api.w.org\/{rel}","templated":true}]}}