{"id":1906,"date":"2015-09-18T09:21:32","date_gmt":"2015-09-18T09:21:32","guid":{"rendered":"http:\/\/grupos.unileon.es\/mebar\/?page_id=1906"},"modified":"2015-09-18T09:52:22","modified_gmt":"2015-09-18T09:52:22","slug":"allegoria-definicion-frances","status":"publish","type":"page","link":"https:\/\/grupos.unileon.es\/mebar\/allegoria-definicion-frances\/","title":{"rendered":"Allegoria. Definici\u00f3n franc\u00e9s"},"content":{"rendered":"<p><strong>MORIER, H.<\/strong> <em>Dictionnaire de rh\u00e9torique et de po\u00e9tique.<\/em>\u00a0Paris: Presses Universitaires de France, 1961.<\/p>\n<p><strong>Morier.<\/strong> 1961<\/p>\n<p style=\"text-align: justify;\">1.D\u00e9finition.<br \/>\n[p. 65-85] L\u00b4all\u00e9gorie est un r\u00e9cit de caract\u00e8re symbolique ou allusif. En tant que narration, elle est un encha\u00eenement d\u00b4actes\u00a0; elle met en sc\u00e8ne des personnages (\u00eatres humains, animaux, abstractions personnifi\u00e9es) dont les attributs et le costume, dont les faits et gestes ont valeur de signes, et qui se meuvent dans un milieu et dans un temps qui sont eux-m\u00eames des symboles.<\/p>\n<hr \/>\n<p><strong>GORP,<\/strong> Hendrik van et al.\u00a0<em>Dictionnaire des termes litt\u00e9raires.\u00a0<\/em>Paris: Champion Classiques. H. Champion, 2005.<\/p>\n<p><strong>Gorp<\/strong>. 2005<\/p>\n<p>[p.27-28] \u00a0Trope qui permet de renvoyer terme \u00e0 terme, surtout moyennant des m\u00e9taphores, \u00e0 un univers abstrait, en particulier \u00e0 des propri\u00e9t\u00e9s morales (v. symbole*). Par extension. Le genre ou les ouvrages compos\u00e9s selon ce proc\u00e9d\u00e9. En fran\u00e7ais, l\u00b4apologue, la fable*, la parabole* mettent souvent en \u0153uvre des all\u00e9gories sous la forme de personnifications, ainsi les deux premiers vers de la fable \u00ab\u00a0Le loup et l\u00b4agneau\u00a0\u00bb de la Fontaine annoncent la port\u00e9e all\u00e9gorique du r\u00e9cit qui va opposer les deux protagonistes\u00a0: \u00ab\u00a0La raison du plus fort est toujours la meilleure\u00a0;<br \/>\nNous l\u00b4allons montrer tout \u00e0 l\u00b4heure\u00a0\u00bb. L\u00b4all\u00e9gorie peut \u00e9galement investir une \u0153uvre plus longue, ainsi que le montre <em>Le Roman de la Rose <\/em>(v. 1230) de G. de Lorris.<\/p>\n<p>En tant que figure de la continuit\u00e9, constitu\u00e9e\u00a0 par la conjugaison de m\u00e9taphores qui renvoient toutes au contenu signifi\u00e9, l\u00b4all\u00e9gorie est le topos par excellence de l\u00b4analyse psychologique.<\/p>\n","protected":false},"excerpt":{"rendered":"<p>MORIER, H. Dictionnaire de rh\u00e9torique et de po\u00e9tique.\u00a0Paris: Presses Universitaires de France, 1961. Morier. 1961 1.D\u00e9finition. [p. 65-85] L\u00b4all\u00e9gorie est un r\u00e9cit de caract\u00e8re symbolique ou allusif. En tant que narration, elle est un encha\u00eenement d\u00b4actes\u00a0; elle met en sc\u00e8ne des personnages (\u00eatres humains, animaux, abstractions personnifi\u00e9es) dont les attributs et le costume, dont les [&hellip;]<\/p>\n","protected":false},"author":16,"featured_media":0,"parent":0,"menu_order":0,"comment_status":"closed","ping_status":"closed","template":"","meta":{"footnotes":""},"class_list":["post-1906","page","type-page","status-publish","hentry"],"_links":{"self":[{"href":"https:\/\/grupos.unileon.es\/mebar\/wp-json\/wp\/v2\/pages\/1906","targetHints":{"allow":["GET"]}}],"collection":[{"href":"https:\/\/grupos.unileon.es\/mebar\/wp-json\/wp\/v2\/pages"}],"about":[{"href":"https:\/\/grupos.unileon.es\/mebar\/wp-json\/wp\/v2\/types\/page"}],"author":[{"embeddable":true,"href":"https:\/\/grupos.unileon.es\/mebar\/wp-json\/wp\/v2\/users\/16"}],"replies":[{"embeddable":true,"href":"https:\/\/grupos.unileon.es\/mebar\/wp-json\/wp\/v2\/comments?post=1906"}],"version-history":[{"count":2,"href":"https:\/\/grupos.unileon.es\/mebar\/wp-json\/wp\/v2\/pages\/1906\/revisions"}],"predecessor-version":[{"id":1919,"href":"https:\/\/grupos.unileon.es\/mebar\/wp-json\/wp\/v2\/pages\/1906\/revisions\/1919"}],"wp:attachment":[{"href":"https:\/\/grupos.unileon.es\/mebar\/wp-json\/wp\/v2\/media?parent=1906"}],"curies":[{"name":"wp","href":"https:\/\/api.w.org\/{rel}","templated":true}]}}