{"id":1909,"date":"2015-09-18T09:30:57","date_gmt":"2015-09-18T09:30:57","guid":{"rendered":"http:\/\/grupos.unileon.es\/mebar\/?page_id=1909"},"modified":"2015-09-18T09:30:57","modified_gmt":"2015-09-18T09:30:57","slug":"allegoria-critica-literaria-frances-2","status":"publish","type":"page","link":"https:\/\/grupos.unileon.es\/mebar\/allegoria-critica-literaria-frances-2\/","title":{"rendered":"Allegoria. Cr\u00edtica literaria franc\u00e9s"},"content":{"rendered":"<p style=\"text-align: justify;\"><strong>VOLTAIRE.<\/strong>\u00a0 \u00ab\u00c9loquence\u00bb. Eds. Diderot, Denis y Jean\u00a0Le Rond d\u2019Alembert. \u00a0<em>Encyclop\u00e9die, ou Dictionnaire raisonn\u00e9 des sciences, des arts et des m\u00e9tiers. <\/em>Paris:<em>\u00a0<\/em>\u00a0Briasson, David, Le Breton et Durand, 1755. 17 vols.<\/p>\n<p><strong>Voltaire.\u00a0<\/strong>1755. Vol. 5<\/p>\n<p style=\"text-align: justify;\">[p. 280] <em>Allegorie<\/em>. s. f. (<em>Litt\u00e9rat<\/em>.) <em>figure de Rh\u00e9torique<\/em> par laquelle on employe des termes qui, pris \u00e0 la lettre, signifient toute autre chose que ce qu\u2019on veut leur faire signifier. L\u2019<em>all\u00e9gorie<\/em> n\u2019est proprement autre chose qu\u2019une m\u00e9taphore continu\u00e9e, qui sert de comparaison pour faire entendre un sens qu\u2019on n\u2019exprime point, mais qu\u2019on a en v\u00fbe. C\u2019est ainsi que les Orateurs &amp; les Po\u00ebtes ont co\u00fbtume de repr\u00e9senter un \u00e9tat sous l\u2019image d\u2019un <em>vaisseau<\/em>, &amp; les troubles qui l\u2019agitent sous celle <em>des flots<\/em> &amp; <em>des vents d\u00e9cha\u00een\u00e9s<\/em>\u00a0; par les Pilotes, ils entendent <em>les Souverains<\/em> ou <em>les Magistrats<\/em>\u00a0; par le port, <em>la paix<\/em> ou <em>la concorde<\/em>. Horace fait un pareil tableau de sa patrie pr\u00eate \u00e0 \u00eatre replong\u00e9e dans les horreurs d\u2019une guerre civile, dans cette belle ode qui commence ainsi.<\/p>\n","protected":false},"excerpt":{"rendered":"<p>VOLTAIRE.\u00a0 \u00ab\u00c9loquence\u00bb. Eds. Diderot, Denis y Jean\u00a0Le Rond d\u2019Alembert. \u00a0Encyclop\u00e9die, ou Dictionnaire raisonn\u00e9 des sciences, des arts et des m\u00e9tiers. Paris:\u00a0\u00a0Briasson, David, Le Breton et Durand, 1755. 17 vols. Voltaire.\u00a01755. Vol. 5 [p. 280] Allegorie. s. f. (Litt\u00e9rat.) figure de Rh\u00e9torique par laquelle on employe des termes qui, pris \u00e0 la lettre, signifient toute autre [&hellip;]<\/p>\n","protected":false},"author":16,"featured_media":0,"parent":0,"menu_order":0,"comment_status":"closed","ping_status":"closed","template":"","meta":{"footnotes":""},"class_list":["post-1909","page","type-page","status-publish","hentry"],"_links":{"self":[{"href":"https:\/\/grupos.unileon.es\/mebar\/wp-json\/wp\/v2\/pages\/1909","targetHints":{"allow":["GET"]}}],"collection":[{"href":"https:\/\/grupos.unileon.es\/mebar\/wp-json\/wp\/v2\/pages"}],"about":[{"href":"https:\/\/grupos.unileon.es\/mebar\/wp-json\/wp\/v2\/types\/page"}],"author":[{"embeddable":true,"href":"https:\/\/grupos.unileon.es\/mebar\/wp-json\/wp\/v2\/users\/16"}],"replies":[{"embeddable":true,"href":"https:\/\/grupos.unileon.es\/mebar\/wp-json\/wp\/v2\/comments?post=1909"}],"version-history":[{"count":1,"href":"https:\/\/grupos.unileon.es\/mebar\/wp-json\/wp\/v2\/pages\/1909\/revisions"}],"predecessor-version":[{"id":1910,"href":"https:\/\/grupos.unileon.es\/mebar\/wp-json\/wp\/v2\/pages\/1909\/revisions\/1910"}],"wp:attachment":[{"href":"https:\/\/grupos.unileon.es\/mebar\/wp-json\/wp\/v2\/media?parent=1909"}],"curies":[{"name":"wp","href":"https:\/\/api.w.org\/{rel}","templated":true}]}}