{"id":1916,"date":"2015-09-18T09:49:10","date_gmt":"2015-09-18T09:49:10","guid":{"rendered":"http:\/\/grupos.unileon.es\/mebar\/?page_id=1916"},"modified":"2015-09-18T09:49:10","modified_gmt":"2015-09-18T09:49:10","slug":"ambiguitas-critica-literaria-frances","status":"publish","type":"page","link":"https:\/\/grupos.unileon.es\/mebar\/ambiguitas-critica-literaria-frances\/","title":{"rendered":"Ambiguitas. Cr\u00edtica literaria franc\u00e9s"},"content":{"rendered":"<p style=\"text-align: justify;\"><strong>VOLTAIRE.<\/strong>\u00a0 \u201c\u00c9loquence\u201d. Eds. Diderot, Denis y Jean\u00a0Le Rond d\u2019Alembert. <em>Encyclop\u00e9die, ou Dictionnaire raisonn\u00e9 des sciences, des arts et des m\u00e9tiers.<\/em><em>\u00a0<\/em>Paris:<em>\u00a0<\/em>\u00a0Briasson, David, Le Breton et Durand, 1755. 17 vols.<\/p>\n<p style=\"text-align: justify;\"><strong>Voltaire.\u00a0<\/strong>1755. Vol. 5<\/p>\n<p style=\"text-align: justify;\">U et i sont deux syllabes. D\u00e9faut d\u2019un terme qui pr\u00e9sente des sens diff\u00e9rens. \u00a0Il y a aussi de l\u00b4<em>ambiguit\u00e9<\/em> dans les phrases qui offrent plusieurs sens. Voyez <em>Equivoque, Louche.<\/em><\/p>\n","protected":false},"excerpt":{"rendered":"<p>VOLTAIRE.\u00a0 \u201c\u00c9loquence\u201d. Eds. Diderot, Denis y Jean\u00a0Le Rond d\u2019Alembert. Encyclop\u00e9die, ou Dictionnaire raisonn\u00e9 des sciences, des arts et des m\u00e9tiers.\u00a0Paris:\u00a0\u00a0Briasson, David, Le Breton et Durand, 1755. 17 vols. Voltaire.\u00a01755. Vol. 5 U et i sont deux syllabes. D\u00e9faut d\u2019un terme qui pr\u00e9sente des sens diff\u00e9rens. \u00a0Il y a aussi de l\u00b4ambiguit\u00e9 dans les phrases qui [&hellip;]<\/p>\n","protected":false},"author":16,"featured_media":0,"parent":0,"menu_order":0,"comment_status":"closed","ping_status":"closed","template":"","meta":{"footnotes":""},"class_list":["post-1916","page","type-page","status-publish","hentry"],"_links":{"self":[{"href":"https:\/\/grupos.unileon.es\/mebar\/wp-json\/wp\/v2\/pages\/1916","targetHints":{"allow":["GET"]}}],"collection":[{"href":"https:\/\/grupos.unileon.es\/mebar\/wp-json\/wp\/v2\/pages"}],"about":[{"href":"https:\/\/grupos.unileon.es\/mebar\/wp-json\/wp\/v2\/types\/page"}],"author":[{"embeddable":true,"href":"https:\/\/grupos.unileon.es\/mebar\/wp-json\/wp\/v2\/users\/16"}],"replies":[{"embeddable":true,"href":"https:\/\/grupos.unileon.es\/mebar\/wp-json\/wp\/v2\/comments?post=1916"}],"version-history":[{"count":1,"href":"https:\/\/grupos.unileon.es\/mebar\/wp-json\/wp\/v2\/pages\/1916\/revisions"}],"predecessor-version":[{"id":1917,"href":"https:\/\/grupos.unileon.es\/mebar\/wp-json\/wp\/v2\/pages\/1916\/revisions\/1917"}],"wp:attachment":[{"href":"https:\/\/grupos.unileon.es\/mebar\/wp-json\/wp\/v2\/media?parent=1916"}],"curies":[{"name":"wp","href":"https:\/\/api.w.org\/{rel}","templated":true}]}}