{"id":1931,"date":"2015-09-18T10:34:11","date_gmt":"2015-09-18T10:34:11","guid":{"rendered":"http:\/\/grupos.unileon.es\/mebar\/?page_id=1931"},"modified":"2015-09-18T10:34:11","modified_gmt":"2015-09-18T10:34:11","slug":"antithesis-critica-literaria-frances","status":"publish","type":"page","link":"https:\/\/grupos.unileon.es\/mebar\/antithesis-critica-literaria-frances\/","title":{"rendered":"Antithesis. Cr\u00edtica literaria franc\u00e9s"},"content":{"rendered":"<p><strong>VOLTAIRE.<\/strong>\u00a0 \u201c\u00c9loquence\u201d. Eds. Diderot, Denis y Jean\u00a0Le Rond d\u2019Alembert. \u00a0<em>Encyclop\u00e9die, ou Dictionnaire raisonn\u00e9 des sciences, des arts et des m\u00e9tiers.<\/em><em>\u00a0<\/em>Paris:<em>\u00a0<\/em>\u00a0Briasson, David, Le Breton et Durand, 1755. 17 vols.<\/p>\n<p>No existe la figura\u00a0 Antith\u00e8se<\/p>\n","protected":false},"excerpt":{"rendered":"<p>VOLTAIRE.\u00a0 \u201c\u00c9loquence\u201d. Eds. Diderot, Denis y Jean\u00a0Le Rond d\u2019Alembert. \u00a0Encyclop\u00e9die, ou Dictionnaire raisonn\u00e9 des sciences, des arts et des m\u00e9tiers.\u00a0Paris:\u00a0\u00a0Briasson, David, Le Breton et Durand, 1755. 17 vols. No existe la figura\u00a0 Antith\u00e8se<\/p>\n","protected":false},"author":16,"featured_media":0,"parent":0,"menu_order":0,"comment_status":"closed","ping_status":"closed","template":"","meta":{"footnotes":""},"class_list":["post-1931","page","type-page","status-publish","hentry"],"_links":{"self":[{"href":"https:\/\/grupos.unileon.es\/mebar\/wp-json\/wp\/v2\/pages\/1931","targetHints":{"allow":["GET"]}}],"collection":[{"href":"https:\/\/grupos.unileon.es\/mebar\/wp-json\/wp\/v2\/pages"}],"about":[{"href":"https:\/\/grupos.unileon.es\/mebar\/wp-json\/wp\/v2\/types\/page"}],"author":[{"embeddable":true,"href":"https:\/\/grupos.unileon.es\/mebar\/wp-json\/wp\/v2\/users\/16"}],"replies":[{"embeddable":true,"href":"https:\/\/grupos.unileon.es\/mebar\/wp-json\/wp\/v2\/comments?post=1931"}],"version-history":[{"count":1,"href":"https:\/\/grupos.unileon.es\/mebar\/wp-json\/wp\/v2\/pages\/1931\/revisions"}],"predecessor-version":[{"id":1932,"href":"https:\/\/grupos.unileon.es\/mebar\/wp-json\/wp\/v2\/pages\/1931\/revisions\/1932"}],"wp:attachment":[{"href":"https:\/\/grupos.unileon.es\/mebar\/wp-json\/wp\/v2\/media?parent=1931"}],"curies":[{"name":"wp","href":"https:\/\/api.w.org\/{rel}","templated":true}]}}