{"id":1935,"date":"2015-09-18T10:48:34","date_gmt":"2015-09-18T10:48:34","guid":{"rendered":"http:\/\/grupos.unileon.es\/mebar\/?page_id=1935"},"modified":"2015-09-18T10:48:34","modified_gmt":"2015-09-18T10:48:34","slug":"antonomasia-recepcion-frances","status":"publish","type":"page","link":"https:\/\/grupos.unileon.es\/mebar\/antonomasia-recepcion-frances\/","title":{"rendered":"Antonomasia. Recepci\u00f3n franc\u00e9s"},"content":{"rendered":"<p><strong>DU MARSAIS, C.\u00a0<\/strong><em>Trait\u00e9 des tropes pour servir d\u2019introduction \u00e0 la rh\u00e9torique et a la logique.\u00a0<\/em>\u00a0Nouv. ed. publi\u00e9e par M. Formey. Leipsic: Chez la veuve Garpard Fritsch, 1757.<\/p>\n<p><strong>Du Marsais.\u00a0<\/strong>1757<\/p>\n<p style=\"text-align: justify;\">\u00a0[p. 101-102] L&#8217;Antonomase est une esp\u00e8ce de synecdoque, par laquelle on met un nom commun pour un nom propre, ou bien un nom propre pour un nom commun. Dans le premier cas, on veut faire entendre que la personne ou la chose dont on parle, excelle sur toutes celles qui peuvent \u00eatre comprises sous le nom commun\u00a0: &amp; dans le second cas, on fait entendre que celui dont on parle ressemble \u00e0 ceux dont le nom propre est c\u00e9l\u00e8bre par quelque vice ou par quelque vertu.<\/p>\n<hr \/>\n<p style=\"text-align: justify;\">\n<p style=\"text-align: justify;\"><strong><em>Encyclop\u00e9die M\u00e9thodique.<\/em><\/strong><em>\u00a0Grammaire et litt\u00e9rature.<\/em>\u00a0Paris: Chez Panckoucke Libraire, 1782. 3 vols.<\/p>\n<p style=\"text-align: justify;\">[p. 206] Antonomase. \u00a0Avant de fixer \u00e0 quelle classe on doit rapporter cette figure, commen\u00e7ons par examiner en quoi elle consiste &amp; \u00e0 quelle fin on l\u2019emploie.<\/p>\n<p style=\"text-align: justify;\">L\u00b4<em>Antonomase <\/em>est en effet une figure qui emploie une d\u00e9nomination commune ou appellative au lieu d\u2019un nom propre, ou au contraire un nom propre au lieu d\u2019une d\u00e9nomination commune ou appellative\u00a0; ce qui peut faire distinguer l\u00b4<em>Antonomase<\/em> en deux esp\u00e8ces.<\/p>\n<hr \/>\n<p style=\"text-align: justify;\"><strong>LAMY, B<\/strong>.\u00a0<em>La Rh\u00e9torique ou l\u2019art de parler.<\/em>\u00a06\u00aa ed. La Haye: Chez Pierre Paupie, 1737.<\/p>\n<p style=\"text-align: justify;\">[p. 120] l\u2019antonomase est une esp\u00e8ce de M\u00e9tonymie. Elle le fait lorsqu\u00b4on applique le nom propre d\u00b4une chose \u00e0 plusieurs autres, ou au contraire lorsqu\u00b4on donne \u00e0 quelque particulier un nom commun \u00e0 plusieurs<\/p>\n","protected":false},"excerpt":{"rendered":"<p>DU MARSAIS, C.\u00a0Trait\u00e9 des tropes pour servir d\u2019introduction \u00e0 la rh\u00e9torique et a la logique.\u00a0\u00a0Nouv. ed. publi\u00e9e par M. Formey. Leipsic: Chez la veuve Garpard Fritsch, 1757. Du Marsais.\u00a01757 \u00a0[p. 101-102] L&#8217;Antonomase est une esp\u00e8ce de synecdoque, par laquelle on met un nom commun pour un nom propre, ou bien un nom propre pour un [&hellip;]<\/p>\n","protected":false},"author":16,"featured_media":0,"parent":0,"menu_order":0,"comment_status":"closed","ping_status":"closed","template":"","meta":{"footnotes":""},"class_list":["post-1935","page","type-page","status-publish","hentry"],"_links":{"self":[{"href":"https:\/\/grupos.unileon.es\/mebar\/wp-json\/wp\/v2\/pages\/1935","targetHints":{"allow":["GET"]}}],"collection":[{"href":"https:\/\/grupos.unileon.es\/mebar\/wp-json\/wp\/v2\/pages"}],"about":[{"href":"https:\/\/grupos.unileon.es\/mebar\/wp-json\/wp\/v2\/types\/page"}],"author":[{"embeddable":true,"href":"https:\/\/grupos.unileon.es\/mebar\/wp-json\/wp\/v2\/users\/16"}],"replies":[{"embeddable":true,"href":"https:\/\/grupos.unileon.es\/mebar\/wp-json\/wp\/v2\/comments?post=1935"}],"version-history":[{"count":1,"href":"https:\/\/grupos.unileon.es\/mebar\/wp-json\/wp\/v2\/pages\/1935\/revisions"}],"predecessor-version":[{"id":1936,"href":"https:\/\/grupos.unileon.es\/mebar\/wp-json\/wp\/v2\/pages\/1935\/revisions\/1936"}],"wp:attachment":[{"href":"https:\/\/grupos.unileon.es\/mebar\/wp-json\/wp\/v2\/media?parent=1935"}],"curies":[{"name":"wp","href":"https:\/\/api.w.org\/{rel}","templated":true}]}}