{"id":1941,"date":"2015-09-18T10:55:43","date_gmt":"2015-09-18T10:55:43","guid":{"rendered":"http:\/\/grupos.unileon.es\/mebar\/?page_id=1941"},"modified":"2015-09-18T10:55:43","modified_gmt":"2015-09-18T10:55:43","slug":"antonomasia-critica-literaria-frances","status":"publish","type":"page","link":"https:\/\/grupos.unileon.es\/mebar\/antonomasia-critica-literaria-frances\/","title":{"rendered":"Antonomasia. Cr\u00edtica literaria franc\u00e9s"},"content":{"rendered":"<p style=\"text-align: justify;\">\u00a0<strong>VOLTAIRE.<\/strong>\u00a0 \u201c\u00c9loquence\u201d. Eds. Diderot, Denis y Jean\u00a0Le Rond d\u2019Alembert. \u00a0<em>Encyclop\u00e9die, ou Dictionnaire raisonn\u00e9 des sciences, des arts et des m\u00e9tiers.<\/em><em>\u00a0<\/em>Paris:<em>\u00a0<\/em>\u00a0Briasson, David, Le Breton et Durand, 1755. 17 vols.<\/p>\n<p style=\"text-align: justify;\"><strong>Voltaire.\u00a0<\/strong>1755. Vol. 5<\/p>\n<p style=\"text-align: justify;\">\u00a0[p. 69] Antonomase. Substantif f\u00e9minin. Trope ou figure de rh\u00e9torique par laquelle on met un nom commun pour un nom propre, ou bien un nom propre pour un nom commun. <em>Philosophe, orateur, po\u00e8te, roi, ville,<\/em> sont des noms communs\u00a0; cependant l\u00b4antonomase en fait des noms propres. Ainsi les Anciens disoient <em>le philosophe<\/em>, pour dire Aristote\u00a0; les latins, <em>Orateur<\/em>, pour dire Cic\u00e9ron, <em>le po\u00e8te<\/em>, pour dire Virgile.<\/p>\n","protected":false},"excerpt":{"rendered":"<p>\u00a0VOLTAIRE.\u00a0 \u201c\u00c9loquence\u201d. Eds. Diderot, Denis y Jean\u00a0Le Rond d\u2019Alembert. \u00a0Encyclop\u00e9die, ou Dictionnaire raisonn\u00e9 des sciences, des arts et des m\u00e9tiers.\u00a0Paris:\u00a0\u00a0Briasson, David, Le Breton et Durand, 1755. 17 vols. Voltaire.\u00a01755. Vol. 5 \u00a0[p. 69] Antonomase. Substantif f\u00e9minin. Trope ou figure de rh\u00e9torique par laquelle on met un nom commun pour un nom propre, ou bien un [&hellip;]<\/p>\n","protected":false},"author":16,"featured_media":0,"parent":0,"menu_order":0,"comment_status":"closed","ping_status":"closed","template":"","meta":{"footnotes":""},"class_list":["post-1941","page","type-page","status-publish","hentry"],"_links":{"self":[{"href":"https:\/\/grupos.unileon.es\/mebar\/wp-json\/wp\/v2\/pages\/1941","targetHints":{"allow":["GET"]}}],"collection":[{"href":"https:\/\/grupos.unileon.es\/mebar\/wp-json\/wp\/v2\/pages"}],"about":[{"href":"https:\/\/grupos.unileon.es\/mebar\/wp-json\/wp\/v2\/types\/page"}],"author":[{"embeddable":true,"href":"https:\/\/grupos.unileon.es\/mebar\/wp-json\/wp\/v2\/users\/16"}],"replies":[{"embeddable":true,"href":"https:\/\/grupos.unileon.es\/mebar\/wp-json\/wp\/v2\/comments?post=1941"}],"version-history":[{"count":1,"href":"https:\/\/grupos.unileon.es\/mebar\/wp-json\/wp\/v2\/pages\/1941\/revisions"}],"predecessor-version":[{"id":1942,"href":"https:\/\/grupos.unileon.es\/mebar\/wp-json\/wp\/v2\/pages\/1941\/revisions\/1942"}],"wp:attachment":[{"href":"https:\/\/grupos.unileon.es\/mebar\/wp-json\/wp\/v2\/media?parent=1941"}],"curies":[{"name":"wp","href":"https:\/\/api.w.org\/{rel}","templated":true}]}}