{"id":1945,"date":"2015-09-18T11:09:44","date_gmt":"2015-09-18T11:09:44","guid":{"rendered":"http:\/\/grupos.unileon.es\/mebar\/?page_id=1945"},"modified":"2015-09-18T11:09:44","modified_gmt":"2015-09-18T11:09:44","slug":"concessio-recepcion-frances","status":"publish","type":"page","link":"https:\/\/grupos.unileon.es\/mebar\/concessio-recepcion-frances\/","title":{"rendered":"Concessio. Recepci\u00f3n franc\u00e9s"},"content":{"rendered":"<p><strong><em>Encyclop\u00e9die M\u00e9thodique.<\/em><\/strong><em>\u00a0Grammaire et litt\u00e9rature.<\/em>\u00a0Paris: Chez Panckoucke Libraire, 1782. 3 Vols.<\/p>\n<p>Encyclop\u00e9die M\u00e9thodique. 1783<\/p>\n<p style=\"text-align: justify;\">[p. 451] <em>Concession<\/em>. \u00a0Figure de pens\u00e9e par raisonnement, qui consiste \u00e0 accorder quelque chose \u00e0 celui contre qui on parle, pour en tirer ensuite un plus grand avantage.<\/p>\n<hr \/>\n<p style=\"text-align: justify;\">\n<p><strong>MORIER, H.<\/strong>\u00a0<em>Dictionnaire de po\u00e9tique et de rh\u00e9torique.<\/em>\u00a0Paris: Presses Universitaires de France, 1961<\/p>\n<p><strong>Concession.<\/strong><\/p>\n<p>[p. 213] Figure par laquelle on accorde \u00e0 son adversaire ce qu\u00b4on pourrait lui refuser.<\/p>\n<p style=\"text-align: justify;\">La concession n\u00b4est pas n\u00e9cessairement dict\u00e9e par l\u00b4\u00e9quit\u00e9, le respect d\u00b4autrui ou la charit\u00e9. Elle traduit bien souvent l\u00b4intention\u00a0: 1\u00ba d\u00b4arracher \u00e0 la partie adverse le privil\u00e8ge de la contradiction\u00a0; 2\u00ba de prouver que, m\u00eame en \u00e9tant juste et g\u00e9n\u00e9reux ( du moins dans les apparences), on conserve l\u00b4avantage.<\/p>\n<hr \/>\n<p style=\"text-align: justify;\">\n<p><strong>GORP,\u00a0Hendrik van. <\/strong>et al.<strong>\u00a0<\/strong><em>Dictionnaire des termes litt\u00e9raires.<\/em>\u00a0Paris: Champion Classiques. H. Champion. 2005.<\/p>\n<p><strong>Gorp et al.<\/strong> 2005<\/p>\n<p><strong>Concession<\/strong><\/p>\n<p>[p.111] (lat.concedere &lt; cedere = \u00eatre inf\u00e9rieur \u00e0, faire concession).\u00a0 Proc\u00e9d\u00e9 rh\u00e9torique qui permet \u00e0 l\u00b4orateur d\u00b4accepter un argument ou une objection qu\u00b4il pourrait disputer \u00e0 son adversaire, et ce afin d\u00b4en tirer plus tard un avantage sup\u00e9rieur. V. aussi conciliation.<\/p>\n<p>&nbsp;<\/p>\n<hr \/>\n<p style=\"text-align: justify;\">\n","protected":false},"excerpt":{"rendered":"<p>Encyclop\u00e9die M\u00e9thodique.\u00a0Grammaire et litt\u00e9rature.\u00a0Paris: Chez Panckoucke Libraire, 1782. 3 Vols. Encyclop\u00e9die M\u00e9thodique. 1783 [p. 451] Concession. \u00a0Figure de pens\u00e9e par raisonnement, qui consiste \u00e0 accorder quelque chose \u00e0 celui contre qui on parle, pour en tirer ensuite un plus grand avantage. MORIER, H.\u00a0Dictionnaire de po\u00e9tique et de rh\u00e9torique.\u00a0Paris: Presses Universitaires de France, 1961 Concession. [p. [&hellip;]<\/p>\n","protected":false},"author":16,"featured_media":0,"parent":0,"menu_order":0,"comment_status":"closed","ping_status":"closed","template":"","meta":{"footnotes":""},"class_list":["post-1945","page","type-page","status-publish","hentry"],"_links":{"self":[{"href":"https:\/\/grupos.unileon.es\/mebar\/wp-json\/wp\/v2\/pages\/1945","targetHints":{"allow":["GET"]}}],"collection":[{"href":"https:\/\/grupos.unileon.es\/mebar\/wp-json\/wp\/v2\/pages"}],"about":[{"href":"https:\/\/grupos.unileon.es\/mebar\/wp-json\/wp\/v2\/types\/page"}],"author":[{"embeddable":true,"href":"https:\/\/grupos.unileon.es\/mebar\/wp-json\/wp\/v2\/users\/16"}],"replies":[{"embeddable":true,"href":"https:\/\/grupos.unileon.es\/mebar\/wp-json\/wp\/v2\/comments?post=1945"}],"version-history":[{"count":1,"href":"https:\/\/grupos.unileon.es\/mebar\/wp-json\/wp\/v2\/pages\/1945\/revisions"}],"predecessor-version":[{"id":1946,"href":"https:\/\/grupos.unileon.es\/mebar\/wp-json\/wp\/v2\/pages\/1945\/revisions\/1946"}],"wp:attachment":[{"href":"https:\/\/grupos.unileon.es\/mebar\/wp-json\/wp\/v2\/media?parent=1945"}],"curies":[{"name":"wp","href":"https:\/\/api.w.org\/{rel}","templated":true}]}}