{"id":1948,"date":"2015-09-18T11:16:30","date_gmt":"2015-09-18T11:16:30","guid":{"rendered":"http:\/\/grupos.unileon.es\/mebar\/?page_id=1948"},"modified":"2015-09-18T11:16:30","modified_gmt":"2015-09-18T11:16:30","slug":"distinctio-recepcion-frances","status":"publish","type":"page","link":"https:\/\/grupos.unileon.es\/mebar\/distinctio-recepcion-frances\/","title":{"rendered":"Distinctio. Recepci\u00f3n franc\u00e9s"},"content":{"rendered":"<p><strong><em>Encyclop\u00e9die M\u00e9thodique.<\/em><\/strong><em>\u00a0Grammaire et litt\u00e9rature.<\/em>\u00a0Paris: Chez Panckoucke Libraire, 1782. 3 Vols.<\/p>\n<p><em>Encyclop\u00e9die M\u00e9thodique<\/em><strong>.<\/strong> 1782<\/p>\n<p><strong>Distinction, Diversit\u00e9, D\u00e9paration.<\/strong> <em>Synonymes.<\/em><\/p>\n<p>[ p. 632] Ces termes supposent plusieurs objets, &amp; expriment une relation qui tient \u00e0 cette pluralit\u00e9.<\/p>\n<p>La <em>Distinction<\/em> est oppos\u00e9e \u00e0 l\u00b4identit\u00e9, il n\u00b4y a point de <em>Distinction <\/em>\u00a0o\u00f9 il n\u00b4y a qu\u00b4un m\u00eame \u00e9tat. La <em>Diversit\u00e9 <\/em>\u00a0est oppos\u00e9e \u00e0 la similitude, il n\u00b4y a point de <em>Diversit\u00e9 <\/em>entre des \u00eatres absolument semblables. La <em>S\u00e9paration<\/em> est oppos\u00e9e \u00e0 l\u00b4unit\u00e9\u00a0; il n\u00b4y a point de <em>S\u00e9paration <\/em>entre des \u00eatres qui en constituent un seul.<\/p>\n<p>Il y a <em>Distinction <\/em>entre l\u00b4\u00e2me &amp; le corps, puisque ce sont deux substances diff\u00e9rentes, &amp; non la m\u00eame. Il y a aussi <em>Diversit\u00e9<\/em>, puisque la nature de l\u00b4un ne ressemble point \u00e0 la nature de l\u00b4autre\u00a0: mais pendant la vie de l\u00b4homme il n\u00b4y a point de <em>S\u00e9paration<\/em>, puisque leur union constitue l\u00b4individu.<\/p>\n<hr \/>\n<p><strong>GREIMAS, A. J.\u00a0; Joseph COURT\u00c9S. <\/strong>\u00a0<em>S\u00e9miotique. Dictionnaire raisonn\u00e9 de la th\u00e9orie du langage. <\/em>Paris: Classiques Hachette, 1979.<\/p>\n<p>&nbsp;<\/p>\n<p><strong>Distinction<\/strong><\/p>\n<p style=\"text-align: justify;\"><em>\u00a0<\/em>[ p. 109] 1. La <strong>distinction<\/strong> est\u00a0 un concept non d\u00e9fini, qui est \u00e0 verser dans l\u00b4inventaire \u00e9pist\u00e9mologique. Il s\u00b4agit l\u00e0 d\u00b4une op\u00e9ration \u00e0 l\u00b4identification qui vise \u00e0 reconna\u00eetre l&#8217;identit\u00e9.<\/p>\n<p style=\"text-align: justify;\">2.La distinction est \u00e0 rapprocher de la diff\u00e9rence, \u00e0 ceci pr\u00e8s que, si celle-ci, en tant que concept fondateur de la s\u00e9miotique, est consid\u00e9r\u00e9e comme la propri\u00e9t\u00e9 de l\u00b4objet, la distinction est l\u00b4acte cognitif du sujet \u00e9tablissant la diff\u00e9rence. Les deux termes correspondent donc \u00e0 deux approches \u00e9pist\u00e9mologiques diff\u00e9rentes.<\/p>\n<p style=\"text-align: justify;\">\n<p>&nbsp;<\/p>\n<p>&nbsp;<\/p>\n","protected":false},"excerpt":{"rendered":"<p>Encyclop\u00e9die M\u00e9thodique.\u00a0Grammaire et litt\u00e9rature.\u00a0Paris: Chez Panckoucke Libraire, 1782. 3 Vols. Encyclop\u00e9die M\u00e9thodique. 1782 Distinction, Diversit\u00e9, D\u00e9paration. Synonymes. [ p. 632] Ces termes supposent plusieurs objets, &amp; expriment une relation qui tient \u00e0 cette pluralit\u00e9. La Distinction est oppos\u00e9e \u00e0 l\u00b4identit\u00e9, il n\u00b4y a point de Distinction \u00a0o\u00f9 il n\u00b4y a qu\u00b4un m\u00eame \u00e9tat. La Diversit\u00e9 [&hellip;]<\/p>\n","protected":false},"author":16,"featured_media":0,"parent":0,"menu_order":0,"comment_status":"closed","ping_status":"closed","template":"","meta":{"footnotes":""},"class_list":["post-1948","page","type-page","status-publish","hentry"],"_links":{"self":[{"href":"https:\/\/grupos.unileon.es\/mebar\/wp-json\/wp\/v2\/pages\/1948","targetHints":{"allow":["GET"]}}],"collection":[{"href":"https:\/\/grupos.unileon.es\/mebar\/wp-json\/wp\/v2\/pages"}],"about":[{"href":"https:\/\/grupos.unileon.es\/mebar\/wp-json\/wp\/v2\/types\/page"}],"author":[{"embeddable":true,"href":"https:\/\/grupos.unileon.es\/mebar\/wp-json\/wp\/v2\/users\/16"}],"replies":[{"embeddable":true,"href":"https:\/\/grupos.unileon.es\/mebar\/wp-json\/wp\/v2\/comments?post=1948"}],"version-history":[{"count":1,"href":"https:\/\/grupos.unileon.es\/mebar\/wp-json\/wp\/v2\/pages\/1948\/revisions"}],"predecessor-version":[{"id":1949,"href":"https:\/\/grupos.unileon.es\/mebar\/wp-json\/wp\/v2\/pages\/1948\/revisions\/1949"}],"wp:attachment":[{"href":"https:\/\/grupos.unileon.es\/mebar\/wp-json\/wp\/v2\/media?parent=1948"}],"curies":[{"name":"wp","href":"https:\/\/api.w.org\/{rel}","templated":true}]}}