{"id":1994,"date":"2015-09-18T15:12:23","date_gmt":"2015-09-18T15:12:23","guid":{"rendered":"http:\/\/grupos.unileon.es\/mebar\/?page_id=1994"},"modified":"2015-09-18T15:12:23","modified_gmt":"2015-09-18T15:12:23","slug":"finitio-definicion-latin","status":"publish","type":"page","link":"https:\/\/grupos.unileon.es\/mebar\/finitio-definicion-latin\/","title":{"rendered":"Finitio. Definici\u00f3n lat\u00edn"},"content":{"rendered":"<p><em>Finitio<\/em><\/p>\n<p style=\"text-align: justify;\">Uso o formulaci\u00f3n de una definici\u00f3n, que a veces no es exacta ni esperable, sino amoldada a los intereses del orador. Se considera un locus particular (Qvint. inst. 5, 10, 54; Lausb. II, \u00a7 782). Puede servir para dividir un concepto en especies o clases.<em> Distinctio<\/em>: Consiste en una diferenciaci\u00f3n respecto del significado habitual de una palabra, o bien una repetici\u00f3n con sentido enf\u00e1tico. (Aqvi. 28; Qvint. inst. 9, 3, 65; Lausb. II, \u00a7 660-662; 804-805). <em>Re<\/em><em>flexio<\/em>: Forma especial de la <em>distinctio<\/em> que se realiza en forma de di\u00e1logo, en el que uno de los interlocutores toma un sentido diferente y corrector de lo que ha dicho otro de los hablantes. (Qvint. inst. 6, 3, 84; Lausb. II, \u00a7 663-664).<\/p>\n","protected":false},"excerpt":{"rendered":"<p>Finitio Uso o formulaci\u00f3n de una definici\u00f3n, que a veces no es exacta ni esperable, sino amoldada a los intereses del orador. Se considera un locus particular (Qvint. inst. 5, 10, 54; Lausb. II, \u00a7 782). Puede servir para dividir un concepto en especies o clases. Distinctio: Consiste en una diferenciaci\u00f3n respecto del significado habitual [&hellip;]<\/p>\n","protected":false},"author":16,"featured_media":0,"parent":0,"menu_order":0,"comment_status":"closed","ping_status":"closed","template":"","meta":{"footnotes":""},"class_list":["post-1994","page","type-page","status-publish","hentry"],"_links":{"self":[{"href":"https:\/\/grupos.unileon.es\/mebar\/wp-json\/wp\/v2\/pages\/1994","targetHints":{"allow":["GET"]}}],"collection":[{"href":"https:\/\/grupos.unileon.es\/mebar\/wp-json\/wp\/v2\/pages"}],"about":[{"href":"https:\/\/grupos.unileon.es\/mebar\/wp-json\/wp\/v2\/types\/page"}],"author":[{"embeddable":true,"href":"https:\/\/grupos.unileon.es\/mebar\/wp-json\/wp\/v2\/users\/16"}],"replies":[{"embeddable":true,"href":"https:\/\/grupos.unileon.es\/mebar\/wp-json\/wp\/v2\/comments?post=1994"}],"version-history":[{"count":1,"href":"https:\/\/grupos.unileon.es\/mebar\/wp-json\/wp\/v2\/pages\/1994\/revisions"}],"predecessor-version":[{"id":1995,"href":"https:\/\/grupos.unileon.es\/mebar\/wp-json\/wp\/v2\/pages\/1994\/revisions\/1995"}],"wp:attachment":[{"href":"https:\/\/grupos.unileon.es\/mebar\/wp-json\/wp\/v2\/media?parent=1994"}],"curies":[{"name":"wp","href":"https:\/\/api.w.org\/{rel}","templated":true}]}}