{"id":2003,"date":"2015-09-18T15:18:08","date_gmt":"2015-09-18T15:18:08","guid":{"rendered":"http:\/\/grupos.unileon.es\/mebar\/?page_id=2003"},"modified":"2015-09-18T15:18:08","modified_gmt":"2015-09-18T15:18:08","slug":"insinuatio-definicion-latin","status":"publish","type":"page","link":"https:\/\/grupos.unileon.es\/mebar\/insinuatio-definicion-latin\/","title":{"rendered":"Insinuatio. Definici\u00f3n lat\u00edn"},"content":{"rendered":"<p style=\"text-align: justify;\"><strong>Insinuatio<\/strong><br \/>\nEs una realizaci\u00f3n especial del exordio cuando la causa es tal que su defensa se hace dif\u00edcil. Aplica recursos psicol\u00f3gicos (suposici\u00f3n, imputaci\u00f3n, sorpresa, juegos de ingenio) para conseguir la atenci\u00f3n del auditorio para nuestra causa. Esta t\u00e9cnica se desarroll\u00f3 en la Antig\u00fcedad para los di\u00e1logos en la tragedia. En su expresi\u00f3n puede adoptar la forma de simulaci\u00f3n o de circunloquio. (CIC. inv. 1, 15, 20).<\/p>\n","protected":false},"excerpt":{"rendered":"<p>Insinuatio Es una realizaci\u00f3n especial del exordio cuando la causa es tal que su defensa se hace dif\u00edcil. Aplica recursos psicol\u00f3gicos (suposici\u00f3n, imputaci\u00f3n, sorpresa, juegos de ingenio) para conseguir la atenci\u00f3n del auditorio para nuestra causa. Esta t\u00e9cnica se desarroll\u00f3 en la Antig\u00fcedad para los di\u00e1logos en la tragedia. En su expresi\u00f3n puede adoptar la [&hellip;]<\/p>\n","protected":false},"author":16,"featured_media":0,"parent":0,"menu_order":0,"comment_status":"closed","ping_status":"closed","template":"","meta":{"footnotes":""},"class_list":["post-2003","page","type-page","status-publish","hentry"],"_links":{"self":[{"href":"https:\/\/grupos.unileon.es\/mebar\/wp-json\/wp\/v2\/pages\/2003","targetHints":{"allow":["GET"]}}],"collection":[{"href":"https:\/\/grupos.unileon.es\/mebar\/wp-json\/wp\/v2\/pages"}],"about":[{"href":"https:\/\/grupos.unileon.es\/mebar\/wp-json\/wp\/v2\/types\/page"}],"author":[{"embeddable":true,"href":"https:\/\/grupos.unileon.es\/mebar\/wp-json\/wp\/v2\/users\/16"}],"replies":[{"embeddable":true,"href":"https:\/\/grupos.unileon.es\/mebar\/wp-json\/wp\/v2\/comments?post=2003"}],"version-history":[{"count":1,"href":"https:\/\/grupos.unileon.es\/mebar\/wp-json\/wp\/v2\/pages\/2003\/revisions"}],"predecessor-version":[{"id":2004,"href":"https:\/\/grupos.unileon.es\/mebar\/wp-json\/wp\/v2\/pages\/2003\/revisions\/2004"}],"wp:attachment":[{"href":"https:\/\/grupos.unileon.es\/mebar\/wp-json\/wp\/v2\/media?parent=2003"}],"curies":[{"name":"wp","href":"https:\/\/api.w.org\/{rel}","templated":true}]}}