{"id":2007,"date":"2015-09-18T15:20:57","date_gmt":"2015-09-18T15:20:57","guid":{"rendered":"http:\/\/grupos.unileon.es\/mebar\/?page_id=2007"},"modified":"2015-09-18T15:20:57","modified_gmt":"2015-09-18T15:20:57","slug":"interpretatio-definicion-latin","status":"publish","type":"page","link":"https:\/\/grupos.unileon.es\/mebar\/interpretatio-definicion-latin\/","title":{"rendered":"Interpretatio. Definici\u00f3n lat\u00edn"},"content":{"rendered":"<p><strong>Interpretatio<\/strong><br \/>\nConsiste en el cambio del modo de expresi\u00f3n para conseguir un efecto estil\u00edstico. Se puede interpretar en prosa un texto en verso o cambiar de forma de expresi\u00f3n textos compuestos en prosa mejorando su estilo por emulaci\u00f3n de los modelos literarios propuestos. (Qvint. inst. 10, 5, 4-8; Lausb. II, \u00a7 751).<\/p>\n","protected":false},"excerpt":{"rendered":"<p>Interpretatio Consiste en el cambio del modo de expresi\u00f3n para conseguir un efecto estil\u00edstico. Se puede interpretar en prosa un texto en verso o cambiar de forma de expresi\u00f3n textos compuestos en prosa mejorando su estilo por emulaci\u00f3n de los modelos literarios propuestos. (Qvint. inst. 10, 5, 4-8; Lausb. II, \u00a7 751).<\/p>\n","protected":false},"author":16,"featured_media":0,"parent":0,"menu_order":0,"comment_status":"closed","ping_status":"closed","template":"","meta":{"footnotes":""},"class_list":["post-2007","page","type-page","status-publish","hentry"],"_links":{"self":[{"href":"https:\/\/grupos.unileon.es\/mebar\/wp-json\/wp\/v2\/pages\/2007","targetHints":{"allow":["GET"]}}],"collection":[{"href":"https:\/\/grupos.unileon.es\/mebar\/wp-json\/wp\/v2\/pages"}],"about":[{"href":"https:\/\/grupos.unileon.es\/mebar\/wp-json\/wp\/v2\/types\/page"}],"author":[{"embeddable":true,"href":"https:\/\/grupos.unileon.es\/mebar\/wp-json\/wp\/v2\/users\/16"}],"replies":[{"embeddable":true,"href":"https:\/\/grupos.unileon.es\/mebar\/wp-json\/wp\/v2\/comments?post=2007"}],"version-history":[{"count":1,"href":"https:\/\/grupos.unileon.es\/mebar\/wp-json\/wp\/v2\/pages\/2007\/revisions"}],"predecessor-version":[{"id":2008,"href":"https:\/\/grupos.unileon.es\/mebar\/wp-json\/wp\/v2\/pages\/2007\/revisions\/2008"}],"wp:attachment":[{"href":"https:\/\/grupos.unileon.es\/mebar\/wp-json\/wp\/v2\/media?parent=2007"}],"curies":[{"name":"wp","href":"https:\/\/api.w.org\/{rel}","templated":true}]}}