{"id":2010,"date":"2015-09-18T15:22:26","date_gmt":"2015-09-18T15:22:26","guid":{"rendered":"http:\/\/grupos.unileon.es\/mebar\/?page_id=2010"},"modified":"2015-09-18T15:22:26","modified_gmt":"2015-09-18T15:22:26","slug":"interrogatio-definicion-latin","status":"publish","type":"page","link":"https:\/\/grupos.unileon.es\/mebar\/interrogatio-definicion-latin\/","title":{"rendered":"Interrogatio. Definici\u00f3n lat\u00edn"},"content":{"rendered":"<p style=\"text-align: justify;\"><strong>Interrogatio<\/strong><br \/>\nConsiste en expresar como interrogaci\u00f3n un enunciado, sin que una respuesta expl\u00edcita se espere, porque resulta evidente en su contexto situacional, de manera impaciente. (Qvint. inst. 9, 2, 7-8; Lausb. II, 767-770).<em> Subiectio<\/em>: Di\u00e1logo ficticio (mon\u00f3logo) inserto en un discurso, con preguntas y respuestas que el propio orador se da a s\u00ed mismo. Tiene un prop\u00f3sito de ilustrar el razonamiento y ofrecer una exposici\u00f3n variada que mantenga la atenci\u00f3n. (Qvint. inst. 9, 2, 14; Lausb. II, \u00a7 771-775).<\/p>\n","protected":false},"excerpt":{"rendered":"<p>Interrogatio Consiste en expresar como interrogaci\u00f3n un enunciado, sin que una respuesta expl\u00edcita se espere, porque resulta evidente en su contexto situacional, de manera impaciente. (Qvint. inst. 9, 2, 7-8; Lausb. II, 767-770). Subiectio: Di\u00e1logo ficticio (mon\u00f3logo) inserto en un discurso, con preguntas y respuestas que el propio orador se da a s\u00ed mismo. Tiene [&hellip;]<\/p>\n","protected":false},"author":16,"featured_media":0,"parent":0,"menu_order":0,"comment_status":"closed","ping_status":"closed","template":"","meta":{"footnotes":""},"class_list":["post-2010","page","type-page","status-publish","hentry"],"_links":{"self":[{"href":"https:\/\/grupos.unileon.es\/mebar\/wp-json\/wp\/v2\/pages\/2010","targetHints":{"allow":["GET"]}}],"collection":[{"href":"https:\/\/grupos.unileon.es\/mebar\/wp-json\/wp\/v2\/pages"}],"about":[{"href":"https:\/\/grupos.unileon.es\/mebar\/wp-json\/wp\/v2\/types\/page"}],"author":[{"embeddable":true,"href":"https:\/\/grupos.unileon.es\/mebar\/wp-json\/wp\/v2\/users\/16"}],"replies":[{"embeddable":true,"href":"https:\/\/grupos.unileon.es\/mebar\/wp-json\/wp\/v2\/comments?post=2010"}],"version-history":[{"count":1,"href":"https:\/\/grupos.unileon.es\/mebar\/wp-json\/wp\/v2\/pages\/2010\/revisions"}],"predecessor-version":[{"id":2011,"href":"https:\/\/grupos.unileon.es\/mebar\/wp-json\/wp\/v2\/pages\/2010\/revisions\/2011"}],"wp:attachment":[{"href":"https:\/\/grupos.unileon.es\/mebar\/wp-json\/wp\/v2\/media?parent=2010"}],"curies":[{"name":"wp","href":"https:\/\/api.w.org\/{rel}","templated":true}]}}