{"id":2014,"date":"2015-09-18T15:27:17","date_gmt":"2015-09-18T15:27:17","guid":{"rendered":"http:\/\/grupos.unileon.es\/mebar\/?page_id=2014"},"modified":"2015-09-18T15:27:17","modified_gmt":"2015-09-18T15:27:17","slug":"licentia-definicion-latin","status":"publish","type":"page","link":"https:\/\/grupos.unileon.es\/mebar\/licentia-definicion-latin\/","title":{"rendered":"Licentia. Definici\u00f3n lat\u00edn"},"content":{"rendered":"<p style=\"text-align: justify;\"><strong>Licentia<\/strong><br \/>\nEs un reproche dirigido al auditorio, para que asuma una verdad que el orador intenta desvelar, y reaccione con simpat\u00eda hacia su causa. Se consigue haciendo patente una opini\u00f3n que el auditorio mayoritariamente tiene, y de la que el orador se hace portavoz. De este modo consigue la satisfacci\u00f3n de los asistentes al advertir que quien habla parece tambi\u00e9n convencido de ella. Por eso se consideraba una forma de adulaci\u00f3n. (Qvint. inst. 9, 2, 27; Lausb. II, \u00a7 761).<\/p>\n","protected":false},"excerpt":{"rendered":"<p>Licentia Es un reproche dirigido al auditorio, para que asuma una verdad que el orador intenta desvelar, y reaccione con simpat\u00eda hacia su causa. Se consigue haciendo patente una opini\u00f3n que el auditorio mayoritariamente tiene, y de la que el orador se hace portavoz. De este modo consigue la satisfacci\u00f3n de los asistentes al advertir [&hellip;]<\/p>\n","protected":false},"author":16,"featured_media":0,"parent":0,"menu_order":0,"comment_status":"closed","ping_status":"closed","template":"","meta":{"footnotes":""},"class_list":["post-2014","page","type-page","status-publish","hentry"],"_links":{"self":[{"href":"https:\/\/grupos.unileon.es\/mebar\/wp-json\/wp\/v2\/pages\/2014","targetHints":{"allow":["GET"]}}],"collection":[{"href":"https:\/\/grupos.unileon.es\/mebar\/wp-json\/wp\/v2\/pages"}],"about":[{"href":"https:\/\/grupos.unileon.es\/mebar\/wp-json\/wp\/v2\/types\/page"}],"author":[{"embeddable":true,"href":"https:\/\/grupos.unileon.es\/mebar\/wp-json\/wp\/v2\/users\/16"}],"replies":[{"embeddable":true,"href":"https:\/\/grupos.unileon.es\/mebar\/wp-json\/wp\/v2\/comments?post=2014"}],"version-history":[{"count":1,"href":"https:\/\/grupos.unileon.es\/mebar\/wp-json\/wp\/v2\/pages\/2014\/revisions"}],"predecessor-version":[{"id":2015,"href":"https:\/\/grupos.unileon.es\/mebar\/wp-json\/wp\/v2\/pages\/2014\/revisions\/2015"}],"wp:attachment":[{"href":"https:\/\/grupos.unileon.es\/mebar\/wp-json\/wp\/v2\/media?parent=2014"}],"curies":[{"name":"wp","href":"https:\/\/api.w.org\/{rel}","templated":true}]}}