{"id":2032,"date":"2015-09-18T15:38:54","date_gmt":"2015-09-18T15:38:54","guid":{"rendered":"http:\/\/grupos.unileon.es\/mebar\/?page_id=2032"},"modified":"2015-09-18T15:38:54","modified_gmt":"2015-09-18T15:38:54","slug":"verisimile-definicion-latin","status":"publish","type":"page","link":"https:\/\/grupos.unileon.es\/mebar\/verisimile-definicion-latin\/","title":{"rendered":"Verisimile. Definici\u00f3n lat\u00edn"},"content":{"rendered":"<p style=\"text-align: justify;\"><strong>Verisimile<\/strong><br \/>\nB\u00fasqueda de argumentos o enunciados verdaderos, coherentes con la realidad o asumibles por el auditorio como tales (Lausb. II, \u00a7 810; 1180). <em>Narratio verisimilis<\/em>: La narraci\u00f3n literaria corresponde propiamente a la po\u00e9tica. En ret\u00f3rica se relaciona con la historia como realizaci\u00f3n veros\u00edmil, a diferencia de la f\u00e1bula, que no lo es. La fundamentaci\u00f3n hist\u00f3rica veros\u00edmil puede incluir descripciones detalladas, y discursos, que pueden presentarse en estilo directo (dram\u00e1tico) a trav\u00e9s de un relator (diegem\u00e1tico) o con un relator que da entrada a discursos directos de las personas (mixto). Cic. inv. 1, 19, 27; Lausb. I, \u00a7 290-297; II, 1175).<\/p>\n","protected":false},"excerpt":{"rendered":"<p>Verisimile B\u00fasqueda de argumentos o enunciados verdaderos, coherentes con la realidad o asumibles por el auditorio como tales (Lausb. II, \u00a7 810; 1180). Narratio verisimilis: La narraci\u00f3n literaria corresponde propiamente a la po\u00e9tica. En ret\u00f3rica se relaciona con la historia como realizaci\u00f3n veros\u00edmil, a diferencia de la f\u00e1bula, que no lo es. La fundamentaci\u00f3n hist\u00f3rica [&hellip;]<\/p>\n","protected":false},"author":16,"featured_media":0,"parent":0,"menu_order":0,"comment_status":"closed","ping_status":"closed","template":"","meta":{"footnotes":""},"class_list":["post-2032","page","type-page","status-publish","hentry"],"_links":{"self":[{"href":"https:\/\/grupos.unileon.es\/mebar\/wp-json\/wp\/v2\/pages\/2032","targetHints":{"allow":["GET"]}}],"collection":[{"href":"https:\/\/grupos.unileon.es\/mebar\/wp-json\/wp\/v2\/pages"}],"about":[{"href":"https:\/\/grupos.unileon.es\/mebar\/wp-json\/wp\/v2\/types\/page"}],"author":[{"embeddable":true,"href":"https:\/\/grupos.unileon.es\/mebar\/wp-json\/wp\/v2\/users\/16"}],"replies":[{"embeddable":true,"href":"https:\/\/grupos.unileon.es\/mebar\/wp-json\/wp\/v2\/comments?post=2032"}],"version-history":[{"count":1,"href":"https:\/\/grupos.unileon.es\/mebar\/wp-json\/wp\/v2\/pages\/2032\/revisions"}],"predecessor-version":[{"id":2033,"href":"https:\/\/grupos.unileon.es\/mebar\/wp-json\/wp\/v2\/pages\/2032\/revisions\/2033"}],"wp:attachment":[{"href":"https:\/\/grupos.unileon.es\/mebar\/wp-json\/wp\/v2\/media?parent=2032"}],"curies":[{"name":"wp","href":"https:\/\/api.w.org\/{rel}","templated":true}]}}