{"id":2043,"date":"2015-09-23T09:47:22","date_gmt":"2015-09-23T09:47:22","guid":{"rendered":"http:\/\/grupos.unileon.es\/mebar\/?page_id=2043"},"modified":"2015-09-23T09:49:59","modified_gmt":"2015-09-23T09:49:59","slug":"dubitatio-definicion-frances","status":"publish","type":"page","link":"https:\/\/grupos.unileon.es\/mebar\/dubitatio-definicion-frances\/","title":{"rendered":"Dubitatio. Definici\u00f3n franc\u00e9s"},"content":{"rendered":"<p><strong>MORIER, H.<\/strong>\u00a0<em>Dictionnaire de po\u00e9tique et de rh\u00e9torique.<\/em>\u00a0Paris: Presses Universitaires de France, 1961.<\/p>\n<p><strong>Morier 1961<\/strong><\/p>\n<p style=\"text-align: justify;\"><strong>\u00a0<\/strong><strong>Dubitation<br \/>\n<\/strong>[p. 392]<strong>\u00a0 <\/strong>\u00a0Figure par laquelle l\u00b4auteur ou le locuteur semble h\u00e9siter entre plusieurs mots, plusieurs partis \u00e0 prendre, plusieurs sens \u00e0 donner \u00e0 une action.<\/p>\n<p style=\"text-align: justify;\">Pour que la figure soit efficace, il faut qu\u00b4elle reproduise les conditions de la v\u00e9rit\u00e9, Nous h\u00e9sitons pour de multiples raisons, dont toutes ne sont pas bonnes \u00e0 r\u00e9v\u00e9ler: lenteur ou insuffisance d\u00b4esprit, d\u00e9faut de m\u00e9moire; pauvret\u00e9 de vocabulaire; inhibition due \u00e0 un sentiment de culpabilit\u00e9, c\u00b4est-\u00e0-dire veto de la conscience morale.<\/p>\n<p style=\"text-align: justify;\">Mais le m\u00eame v\u00e9to peut devenir louable s\u00b4il s\u00b4\u00e9carte de la pens\u00e9e des images viles et des mots bas, si l\u00b4esprit cherche une expression voil\u00e9e. En ce cas, la dubitation se marque par des interruptions, des pr\u00e9cautions, des t\u00e2tonnements, des corrections, des reprises, des points de suspension, et finit souvent par livrer un euph\u00e9misme.<\/p>\n<hr \/>\n<p><strong>GORP,\u00a0Hendrik van. et al.\u00a0<\/strong><em>Dictionnaire des termes litt\u00e9raires.<\/em>\u00a0Paris: Champion Classiques. H. Champion. 2005.<\/p>\n<p><strong>Gorp et al.<\/strong> 2005<\/p>\n<p><strong>Dubitation<br \/>\n<\/strong>[p.156] \u00a0(lat.dubitare = h\u00e9siter entre deux choses, \u00eatre ind\u00e9cis).<\/p>\n<p style=\"text-align: justify;\">En rh\u00e9torique\u00a0: interrogation de l\u00b4orateur au cours su plaidoyer\u00a0; h\u00e9sitation ou semblant d&#8217;h\u00e9sitation (suspicion feinte), ainsi que doute. Par extension\u00a0: proc\u00e9d\u00e9 litt\u00e9raire gr\u00e2ce auquel le locuteur tente de s\u00b4effacer devant les faits quand il h\u00e9site \u00e0 les \u00ab\u00a0expliquer\u00a0\u00bb.<\/p>\n<p style=\"text-align: justify;\">\n<p style=\"text-align: justify;\">\n","protected":false},"excerpt":{"rendered":"<p>MORIER, H.\u00a0Dictionnaire de po\u00e9tique et de rh\u00e9torique.\u00a0Paris: Presses Universitaires de France, 1961. Morier 1961 \u00a0Dubitation [p. 392]\u00a0 \u00a0Figure par laquelle l\u00b4auteur ou le locuteur semble h\u00e9siter entre plusieurs mots, plusieurs partis \u00e0 prendre, plusieurs sens \u00e0 donner \u00e0 une action. Pour que la figure soit efficace, il faut qu\u00b4elle reproduise les conditions de la v\u00e9rit\u00e9, [&hellip;]<\/p>\n","protected":false},"author":16,"featured_media":0,"parent":0,"menu_order":0,"comment_status":"closed","ping_status":"closed","template":"","meta":{"footnotes":""},"class_list":["post-2043","page","type-page","status-publish","hentry"],"_links":{"self":[{"href":"https:\/\/grupos.unileon.es\/mebar\/wp-json\/wp\/v2\/pages\/2043","targetHints":{"allow":["GET"]}}],"collection":[{"href":"https:\/\/grupos.unileon.es\/mebar\/wp-json\/wp\/v2\/pages"}],"about":[{"href":"https:\/\/grupos.unileon.es\/mebar\/wp-json\/wp\/v2\/types\/page"}],"author":[{"embeddable":true,"href":"https:\/\/grupos.unileon.es\/mebar\/wp-json\/wp\/v2\/users\/16"}],"replies":[{"embeddable":true,"href":"https:\/\/grupos.unileon.es\/mebar\/wp-json\/wp\/v2\/comments?post=2043"}],"version-history":[{"count":3,"href":"https:\/\/grupos.unileon.es\/mebar\/wp-json\/wp\/v2\/pages\/2043\/revisions"}],"predecessor-version":[{"id":2046,"href":"https:\/\/grupos.unileon.es\/mebar\/wp-json\/wp\/v2\/pages\/2043\/revisions\/2046"}],"wp:attachment":[{"href":"https:\/\/grupos.unileon.es\/mebar\/wp-json\/wp\/v2\/media?parent=2043"}],"curies":[{"name":"wp","href":"https:\/\/api.w.org\/{rel}","templated":true}]}}