{"id":2048,"date":"2015-09-23T09:55:11","date_gmt":"2015-09-23T09:55:11","guid":{"rendered":"http:\/\/grupos.unileon.es\/mebar\/?page_id=2048"},"modified":"2015-09-23T09:55:11","modified_gmt":"2015-09-23T09:55:11","slug":"dubitatio-recepcion-frances","status":"publish","type":"page","link":"https:\/\/grupos.unileon.es\/mebar\/dubitatio-recepcion-frances\/","title":{"rendered":"Dubitatio. Recepci\u00f3n franc\u00e9s"},"content":{"rendered":"<p><strong><em>Encyclop\u00e9die M\u00e9thodique.<\/em><\/strong><em>\u00a0Grammaire et litt\u00e9rature.<\/em>\u00a0Paris: Chez Panckoucke Libraire, 1782. 3 Vols.<\/p>\n<p><strong>Dubitatio<br \/>\n<\/strong>[p. 643] \u00a0Figure de pens\u00e9e par fiction, dans laquelle celui qui parle paro\u00eet incertain du parti qu\u00b4il doit prendre, quoiqu\u00b4il sache au fonds \u00e0 quoi s\u00b4en tenir, ou qu\u00b4il n\u00b4y ait en effet q&#8217;un parti qui lui convienne.<\/p>\n","protected":false},"excerpt":{"rendered":"<p>Encyclop\u00e9die M\u00e9thodique.\u00a0Grammaire et litt\u00e9rature.\u00a0Paris: Chez Panckoucke Libraire, 1782. 3 Vols. Dubitatio [p. 643] \u00a0Figure de pens\u00e9e par fiction, dans laquelle celui qui parle paro\u00eet incertain du parti qu\u00b4il doit prendre, quoiqu\u00b4il sache au fonds \u00e0 quoi s\u00b4en tenir, ou qu\u00b4il n\u00b4y ait en effet q&#8217;un parti qui lui convienne.<\/p>\n","protected":false},"author":16,"featured_media":0,"parent":0,"menu_order":0,"comment_status":"closed","ping_status":"closed","template":"","meta":{"footnotes":""},"class_list":["post-2048","page","type-page","status-publish","hentry"],"_links":{"self":[{"href":"https:\/\/grupos.unileon.es\/mebar\/wp-json\/wp\/v2\/pages\/2048","targetHints":{"allow":["GET"]}}],"collection":[{"href":"https:\/\/grupos.unileon.es\/mebar\/wp-json\/wp\/v2\/pages"}],"about":[{"href":"https:\/\/grupos.unileon.es\/mebar\/wp-json\/wp\/v2\/types\/page"}],"author":[{"embeddable":true,"href":"https:\/\/grupos.unileon.es\/mebar\/wp-json\/wp\/v2\/users\/16"}],"replies":[{"embeddable":true,"href":"https:\/\/grupos.unileon.es\/mebar\/wp-json\/wp\/v2\/comments?post=2048"}],"version-history":[{"count":1,"href":"https:\/\/grupos.unileon.es\/mebar\/wp-json\/wp\/v2\/pages\/2048\/revisions"}],"predecessor-version":[{"id":2049,"href":"https:\/\/grupos.unileon.es\/mebar\/wp-json\/wp\/v2\/pages\/2048\/revisions\/2049"}],"wp:attachment":[{"href":"https:\/\/grupos.unileon.es\/mebar\/wp-json\/wp\/v2\/media?parent=2048"}],"curies":[{"name":"wp","href":"https:\/\/api.w.org\/{rel}","templated":true}]}}