{"id":2051,"date":"2015-09-23T10:01:14","date_gmt":"2015-09-23T10:01:14","guid":{"rendered":"http:\/\/grupos.unileon.es\/mebar\/?page_id=2051"},"modified":"2015-09-23T10:01:14","modified_gmt":"2015-09-23T10:01:14","slug":"elogium-recepcion-frances","status":"publish","type":"page","link":"https:\/\/grupos.unileon.es\/mebar\/elogium-recepcion-frances\/","title":{"rendered":"Elogium. Recepci\u00f3n franc\u00e9s"},"content":{"rendered":"<p><strong><em>Encyclop\u00e9die M\u00e9thodique.<\/em><\/strong><em>\u00a0Grammaire et litt\u00e9rature.<\/em>\u00a0Paris: Chez Panckoucke Libraire, 1782. 3 Vols.<\/p>\n<p><strong>\u00c9loge<\/strong><\/p>\n<p style=\"text-align: justify;\">[p. 698] Belles-Lettres. Louange que l\u00b4on donne \u00e0 quelque personne ou \u00e0 quelque chose en consid\u00e9ration de son excellence, de son rang, ou de ses vertus, &amp;c.<\/p>\n","protected":false},"excerpt":{"rendered":"<p>Encyclop\u00e9die M\u00e9thodique.\u00a0Grammaire et litt\u00e9rature.\u00a0Paris: Chez Panckoucke Libraire, 1782. 3 Vols. \u00c9loge [p. 698] Belles-Lettres. Louange que l\u00b4on donne \u00e0 quelque personne ou \u00e0 quelque chose en consid\u00e9ration de son excellence, de son rang, ou de ses vertus, &amp;c.<\/p>\n","protected":false},"author":16,"featured_media":0,"parent":0,"menu_order":0,"comment_status":"closed","ping_status":"closed","template":"","meta":{"footnotes":""},"class_list":["post-2051","page","type-page","status-publish","hentry"],"_links":{"self":[{"href":"https:\/\/grupos.unileon.es\/mebar\/wp-json\/wp\/v2\/pages\/2051","targetHints":{"allow":["GET"]}}],"collection":[{"href":"https:\/\/grupos.unileon.es\/mebar\/wp-json\/wp\/v2\/pages"}],"about":[{"href":"https:\/\/grupos.unileon.es\/mebar\/wp-json\/wp\/v2\/types\/page"}],"author":[{"embeddable":true,"href":"https:\/\/grupos.unileon.es\/mebar\/wp-json\/wp\/v2\/users\/16"}],"replies":[{"embeddable":true,"href":"https:\/\/grupos.unileon.es\/mebar\/wp-json\/wp\/v2\/comments?post=2051"}],"version-history":[{"count":1,"href":"https:\/\/grupos.unileon.es\/mebar\/wp-json\/wp\/v2\/pages\/2051\/revisions"}],"predecessor-version":[{"id":2052,"href":"https:\/\/grupos.unileon.es\/mebar\/wp-json\/wp\/v2\/pages\/2051\/revisions\/2052"}],"wp:attachment":[{"href":"https:\/\/grupos.unileon.es\/mebar\/wp-json\/wp\/v2\/media?parent=2051"}],"curies":[{"name":"wp","href":"https:\/\/api.w.org\/{rel}","templated":true}]}}