{"id":2054,"date":"2015-09-23T10:15:34","date_gmt":"2015-09-23T10:15:34","guid":{"rendered":"http:\/\/grupos.unileon.es\/mebar\/?page_id=2054"},"modified":"2015-09-23T10:15:34","modified_gmt":"2015-09-23T10:15:34","slug":"elogium-definicion-frances","status":"publish","type":"page","link":"https:\/\/grupos.unileon.es\/mebar\/elogium-definicion-frances\/","title":{"rendered":"Elogium. Definici\u00f3n franc\u00e9s"},"content":{"rendered":"<p><strong>GORP,\u00a0Hendrik van. et al.\u00a0<\/strong><em>Dictionnaire des termes litt\u00e9raires.<\/em>\u00a0Paris: Champion Classiques. H. Champion. 2005.<\/p>\n<p><strong>Gorp et al<\/strong>. 2005<\/p>\n<p style=\"text-align: justify;\">\u00a0<strong>\u00c9loge<br \/>\n<\/strong>[p. 167]\u00a0 <strong>\u00c9loge<\/strong> (gr.eulogia= beau langage\u00a0; lat.laudatio). En\u00a0 Gr\u00e8ce ancienne\u00a0: discours pour c\u00e9l\u00e9brer les institutions ou la Cit\u00e9. Chez les Romains. Allocution \u00e9logieuse, voire flatteuse, qui s\u00b4adresse \u00e0 un personnage connu ou qui traite d\u00b4un homme c\u00e9l\u00e8bre. La litt\u00e9rature latine conna\u00eet \u00e9galement les \u00ab\u00a0laudationes funebres\u00a0\u00bb (v. \u00e9pitapghios* et oraison fun\u00e8bre*), ainsi que des \u00e9loges prononc\u00e9s \u00e0 d\u00b4autres occasions (les pan\u00e9gyriques). En France, l\u00b4\u00e9loge est une composition traditionnellement acad\u00e9mique. Discours fait \u00e0 la louange d\u00b4un personnage ancien ou contemporain (cf. les <em>\u00c9loges des membres de l\u00b4Acad\u00e9mie fran\u00e7aise<\/em>, 1787, par d\u00b4Alembert, en 6 vol.). V. aussi rh\u00e9torique*.<\/p>\n","protected":false},"excerpt":{"rendered":"<p>GORP,\u00a0Hendrik van. et al.\u00a0Dictionnaire des termes litt\u00e9raires.\u00a0Paris: Champion Classiques. H. Champion. 2005. Gorp et al. 2005 \u00a0\u00c9loge [p. 167]\u00a0 \u00c9loge (gr.eulogia= beau langage\u00a0; lat.laudatio). En\u00a0 Gr\u00e8ce ancienne\u00a0: discours pour c\u00e9l\u00e9brer les institutions ou la Cit\u00e9. Chez les Romains. Allocution \u00e9logieuse, voire flatteuse, qui s\u00b4adresse \u00e0 un personnage connu ou qui traite d\u00b4un homme c\u00e9l\u00e8bre. La [&hellip;]<\/p>\n","protected":false},"author":16,"featured_media":0,"parent":0,"menu_order":0,"comment_status":"closed","ping_status":"closed","template":"","meta":{"footnotes":""},"class_list":["post-2054","page","type-page","status-publish","hentry"],"_links":{"self":[{"href":"https:\/\/grupos.unileon.es\/mebar\/wp-json\/wp\/v2\/pages\/2054","targetHints":{"allow":["GET"]}}],"collection":[{"href":"https:\/\/grupos.unileon.es\/mebar\/wp-json\/wp\/v2\/pages"}],"about":[{"href":"https:\/\/grupos.unileon.es\/mebar\/wp-json\/wp\/v2\/types\/page"}],"author":[{"embeddable":true,"href":"https:\/\/grupos.unileon.es\/mebar\/wp-json\/wp\/v2\/users\/16"}],"replies":[{"embeddable":true,"href":"https:\/\/grupos.unileon.es\/mebar\/wp-json\/wp\/v2\/comments?post=2054"}],"version-history":[{"count":1,"href":"https:\/\/grupos.unileon.es\/mebar\/wp-json\/wp\/v2\/pages\/2054\/revisions"}],"predecessor-version":[{"id":2055,"href":"https:\/\/grupos.unileon.es\/mebar\/wp-json\/wp\/v2\/pages\/2054\/revisions\/2055"}],"wp:attachment":[{"href":"https:\/\/grupos.unileon.es\/mebar\/wp-json\/wp\/v2\/media?parent=2054"}],"curies":[{"name":"wp","href":"https:\/\/api.w.org\/{rel}","templated":true}]}}