{"id":2058,"date":"2015-09-23T10:20:08","date_gmt":"2015-09-23T10:20:08","guid":{"rendered":"http:\/\/grupos.unileon.es\/mebar\/?page_id=2058"},"modified":"2015-09-23T10:20:45","modified_gmt":"2015-09-23T10:20:45","slug":"elogium-critica-frances","status":"publish","type":"page","link":"https:\/\/grupos.unileon.es\/mebar\/elogium-critica-frances\/","title":{"rendered":"Elogium. Cr\u00edtica franc\u00e9s"},"content":{"rendered":"<p><strong>VOLTAIRE.<\/strong>\u00a0\u201c\u00c9loquence\u201d. Eds. Diderot, Denis y Jean\u00a0Le Rond d\u2019Alembert. \u00a0<em>Encyclop\u00e9die, ou Dictionnaire raisonn\u00e9 des sciences, des arts et des m\u00e9tiers.<\/em><em>\u00a0<\/em>Paris:<em>\u00a0<\/em>\u00a0Briasson, David, Le Breton et Durand, 1755. 17 vols.<\/p>\n<p><strong>Voltaire<\/strong>, 1755<\/p>\n<p><strong>\u00c9loge<\/strong>.<\/p>\n<p style=\"text-align: justify;\">\u00a0[p. 261] \u00a0Substantif masculin. Ce mot a un sens passif. Il se dit de celui qui est lou\u00e9, et non pas celui qui loue. <em>L\u00b4\u00e9loge de Voltaire par Fr\u00e9d\u00e9ric II<\/em>. On le dit aussi des choses, <em>l\u00b4\u00e9loge d&#8217;une ville, l\u00b4\u00e9loge de la folie par \u00c9rasme.<\/em><\/p>\n<p style=\"text-align: justify;\">\u00a0On appelle \u00e9loges acad\u00e9miques ceux qu\u00b4on prononce dans les acad\u00e9mies et soci\u00e9t\u00e9s litt\u00e9raires, \u00e0 l\u00b4honneur des membres qu\u00b4elles ont perdus. Il y en a de deux sortes, d\u00b4oratoires et d\u00b4historiques. Dans les uns le style doit \u00eatre \u00e9lev\u00e9, dans les autres il doit \u00eatre simple, dans tous il doit \u00eatre pur.<\/p>\n","protected":false},"excerpt":{"rendered":"<p>VOLTAIRE.\u00a0\u201c\u00c9loquence\u201d. Eds. Diderot, Denis y Jean\u00a0Le Rond d\u2019Alembert. \u00a0Encyclop\u00e9die, ou Dictionnaire raisonn\u00e9 des sciences, des arts et des m\u00e9tiers.\u00a0Paris:\u00a0\u00a0Briasson, David, Le Breton et Durand, 1755. 17 vols. Voltaire, 1755 \u00c9loge. \u00a0[p. 261] \u00a0Substantif masculin. Ce mot a un sens passif. Il se dit de celui qui est lou\u00e9, et non pas celui qui loue. L\u00b4\u00e9loge [&hellip;]<\/p>\n","protected":false},"author":16,"featured_media":0,"parent":0,"menu_order":0,"comment_status":"closed","ping_status":"closed","template":"","meta":{"footnotes":""},"class_list":["post-2058","page","type-page","status-publish","hentry"],"_links":{"self":[{"href":"https:\/\/grupos.unileon.es\/mebar\/wp-json\/wp\/v2\/pages\/2058","targetHints":{"allow":["GET"]}}],"collection":[{"href":"https:\/\/grupos.unileon.es\/mebar\/wp-json\/wp\/v2\/pages"}],"about":[{"href":"https:\/\/grupos.unileon.es\/mebar\/wp-json\/wp\/v2\/types\/page"}],"author":[{"embeddable":true,"href":"https:\/\/grupos.unileon.es\/mebar\/wp-json\/wp\/v2\/users\/16"}],"replies":[{"embeddable":true,"href":"https:\/\/grupos.unileon.es\/mebar\/wp-json\/wp\/v2\/comments?post=2058"}],"version-history":[{"count":2,"href":"https:\/\/grupos.unileon.es\/mebar\/wp-json\/wp\/v2\/pages\/2058\/revisions"}],"predecessor-version":[{"id":2060,"href":"https:\/\/grupos.unileon.es\/mebar\/wp-json\/wp\/v2\/pages\/2058\/revisions\/2060"}],"wp:attachment":[{"href":"https:\/\/grupos.unileon.es\/mebar\/wp-json\/wp\/v2\/media?parent=2058"}],"curies":[{"name":"wp","href":"https:\/\/api.w.org\/{rel}","templated":true}]}}