{"id":2062,"date":"2015-09-23T11:53:15","date_gmt":"2015-09-23T11:53:15","guid":{"rendered":"http:\/\/grupos.unileon.es\/mebar\/?page_id=2062"},"modified":"2015-09-23T12:07:59","modified_gmt":"2015-09-23T12:07:59","slug":"emphasis-recepcion-frances","status":"publish","type":"page","link":"https:\/\/grupos.unileon.es\/mebar\/emphasis-recepcion-frances\/","title":{"rendered":"Emphasis. Recepci\u00f3n franc\u00e9s"},"content":{"rendered":"<p><strong><em>Encyclop\u00e9die M\u00e9thodique.<\/em><\/strong><em>\u00a0Grammaire et litt\u00e9rature.<\/em>\u00a0Paris: Chez Panckoucke Libraire, 1782. 3 Vols.<\/p>\n<p style=\"text-align: justify;\">\u00a0<strong>Emphase<br \/>\n<\/strong>[p. 709] En latin <em>Emphasis<\/em>, en grec\u2026\u2026, mot compos\u00e9 de i (in) &amp; de\u2026\u2026<em>(ostendo)<\/em>\u00a0: il signifie donc litt\u00e9ralement <em>action de montrer en<\/em> \u00e9vidence, <em>illustration<\/em>. Ce mot, dans notre langue, a plusieurs acceptions\u00a0: on le prend tant\u00f4t pour la magnificence, la pompe, l\u00b4\u00e9clat du style\u00a0; quelquefois pour une recherche minutieuse dans l\u00b4\u00e9locution ou dans la d\u00e9clamation.<\/p>\n<p style=\"text-align: justify;\">Dans le premier sens, M. Cr\u00e9vier appelle <em>Emphase<\/em>, l\u00b4emploi d\u00b4un mot qui dit beaucoup dans la place o\u00f9 il est, &amp; qui donne plus \u00e0 penser qu\u00b4il n\u00b4exprime.<\/p>\n","protected":false},"excerpt":{"rendered":"<p>Encyclop\u00e9die M\u00e9thodique.\u00a0Grammaire et litt\u00e9rature.\u00a0Paris: Chez Panckoucke Libraire, 1782. 3 Vols. \u00a0Emphase [p. 709] En latin Emphasis, en grec\u2026\u2026, mot compos\u00e9 de i (in) &amp; de\u2026\u2026(ostendo)\u00a0: il signifie donc litt\u00e9ralement action de montrer en \u00e9vidence, illustration. Ce mot, dans notre langue, a plusieurs acceptions\u00a0: on le prend tant\u00f4t pour la magnificence, la pompe, l\u00b4\u00e9clat du style\u00a0; [&hellip;]<\/p>\n","protected":false},"author":16,"featured_media":0,"parent":0,"menu_order":0,"comment_status":"closed","ping_status":"closed","template":"","meta":{"footnotes":""},"class_list":["post-2062","page","type-page","status-publish","hentry"],"_links":{"self":[{"href":"https:\/\/grupos.unileon.es\/mebar\/wp-json\/wp\/v2\/pages\/2062","targetHints":{"allow":["GET"]}}],"collection":[{"href":"https:\/\/grupos.unileon.es\/mebar\/wp-json\/wp\/v2\/pages"}],"about":[{"href":"https:\/\/grupos.unileon.es\/mebar\/wp-json\/wp\/v2\/types\/page"}],"author":[{"embeddable":true,"href":"https:\/\/grupos.unileon.es\/mebar\/wp-json\/wp\/v2\/users\/16"}],"replies":[{"embeddable":true,"href":"https:\/\/grupos.unileon.es\/mebar\/wp-json\/wp\/v2\/comments?post=2062"}],"version-history":[{"count":1,"href":"https:\/\/grupos.unileon.es\/mebar\/wp-json\/wp\/v2\/pages\/2062\/revisions"}],"predecessor-version":[{"id":2063,"href":"https:\/\/grupos.unileon.es\/mebar\/wp-json\/wp\/v2\/pages\/2062\/revisions\/2063"}],"wp:attachment":[{"href":"https:\/\/grupos.unileon.es\/mebar\/wp-json\/wp\/v2\/media?parent=2062"}],"curies":[{"name":"wp","href":"https:\/\/api.w.org\/{rel}","templated":true}]}}