{"id":2065,"date":"2015-09-23T12:05:37","date_gmt":"2015-09-23T12:05:37","guid":{"rendered":"http:\/\/grupos.unileon.es\/mebar\/?page_id=2065"},"modified":"2015-09-23T12:09:40","modified_gmt":"2015-09-23T12:09:40","slug":"emphasis-definicion-frances","status":"publish","type":"page","link":"https:\/\/grupos.unileon.es\/mebar\/emphasis-definicion-frances\/","title":{"rendered":"Emphasis. Definici\u00f3n franc\u00e9s"},"content":{"rendered":"<p><strong>GREIMAS, A. J.\u00a0; Joseph COURT\u00c9S. <\/strong>\u00a0<em>S\u00e9miotique. Dictionnaire raisonn\u00e9 de la th\u00e9orie du langage. <\/em>Paris: Classiques Hachette, 1979.<\/p>\n<p style=\"text-align: justify;\"><strong>Greimas y Court\u00e9s<\/strong>, \u00a01979<\/p>\n<p style=\"text-align: justify;\">\u00a0<strong>Emphase<\/strong><\/p>\n<p style=\"text-align: justify;\"><em>\u00a0<\/em>[p. 122] On entend par emphase l\u00b4investissement suppl\u00e9mentaire d\u00b4une unit\u00e9 linguistique par le s\u00e8me <em>intensivit\u00e9<\/em>, effectu\u00e9 par des moyens rh\u00e9toriques (par exemple, la substitution d\u00b4un \u00e9l\u00e9ment neutre par un autre, figuratif, dont seul le s\u00e8me \u00ab\u00a0intensit\u00e9\u00a0\u00bb est retenu) ou syntaxiques (par des tournures de 2mise en relief\u00a0\u00bb, telles que \u00ab\u00a0 c\u00b4est moi qui\u2026\u00a0\u00bb). La grammaire g\u00e9n\u00e9rative* cherche \u00e0 rendre compte des formes syntaxiques emphatiques soit par des transformations* d\u00b4emphase, soit en reconnaissant l\u00b4emphase, au niveau des structures profondes*, comme un \u00ab\u00a0constituant de phrase\u00a0\u00bb facultatif.<\/p>\n<hr \/>\n<p><strong>GORP,\u00a0Hendrik van. et al.\u00a0<\/strong><em>Dictionnaire des termes litt\u00e9raires.<\/em>\u00a0Paris: Champion Classiques. H. Champion. 2005.<\/p>\n<p><strong>Gorp et al.<\/strong> 2005<\/p>\n<p><strong>Emphase<br \/>\n<\/strong>[p. 168] \u00a0Emphase (gr. Emfainein = faire briller). Mise en relief d\u00b4un mot ou d\u00b4un groupe de mots, par la prononciation qu\u00b4on en donne, leur disposition, ou l\u00b4ellipse* de tout \u00e9l\u00e9ment superflu. L\u00b4emphase d\u00e9bouche parfois sur une forme d\u00b4exag\u00e9ration par un effet de contraste, de m\u00e9taphore ou de redondance\u00a0: \u00ab\u00a0br\u00fblant d\u00b4amour, glac\u00e9 d\u00b4effroi\u00a0\u00bb.<\/p>\n","protected":false},"excerpt":{"rendered":"<p>GREIMAS, A. J.\u00a0; Joseph COURT\u00c9S. \u00a0S\u00e9miotique. Dictionnaire raisonn\u00e9 de la th\u00e9orie du langage. Paris: Classiques Hachette, 1979. Greimas y Court\u00e9s, \u00a01979 \u00a0Emphase \u00a0[p. 122] On entend par emphase l\u00b4investissement suppl\u00e9mentaire d\u00b4une unit\u00e9 linguistique par le s\u00e8me intensivit\u00e9, effectu\u00e9 par des moyens rh\u00e9toriques (par exemple, la substitution d\u00b4un \u00e9l\u00e9ment neutre par un autre, figuratif, dont seul [&hellip;]<\/p>\n","protected":false},"author":16,"featured_media":0,"parent":0,"menu_order":0,"comment_status":"closed","ping_status":"closed","template":"","meta":{"footnotes":""},"class_list":["post-2065","page","type-page","status-publish","hentry"],"_links":{"self":[{"href":"https:\/\/grupos.unileon.es\/mebar\/wp-json\/wp\/v2\/pages\/2065","targetHints":{"allow":["GET"]}}],"collection":[{"href":"https:\/\/grupos.unileon.es\/mebar\/wp-json\/wp\/v2\/pages"}],"about":[{"href":"https:\/\/grupos.unileon.es\/mebar\/wp-json\/wp\/v2\/types\/page"}],"author":[{"embeddable":true,"href":"https:\/\/grupos.unileon.es\/mebar\/wp-json\/wp\/v2\/users\/16"}],"replies":[{"embeddable":true,"href":"https:\/\/grupos.unileon.es\/mebar\/wp-json\/wp\/v2\/comments?post=2065"}],"version-history":[{"count":3,"href":"https:\/\/grupos.unileon.es\/mebar\/wp-json\/wp\/v2\/pages\/2065\/revisions"}],"predecessor-version":[{"id":2069,"href":"https:\/\/grupos.unileon.es\/mebar\/wp-json\/wp\/v2\/pages\/2065\/revisions\/2069"}],"wp:attachment":[{"href":"https:\/\/grupos.unileon.es\/mebar\/wp-json\/wp\/v2\/media?parent=2065"}],"curies":[{"name":"wp","href":"https:\/\/api.w.org\/{rel}","templated":true}]}}