{"id":2070,"date":"2015-09-23T12:15:48","date_gmt":"2015-09-23T12:15:48","guid":{"rendered":"http:\/\/grupos.unileon.es\/mebar\/?page_id=2070"},"modified":"2015-09-23T12:15:48","modified_gmt":"2015-09-23T12:15:48","slug":"fictio-personae-definicion-frances","status":"publish","type":"page","link":"https:\/\/grupos.unileon.es\/mebar\/fictio-personae-definicion-frances\/","title":{"rendered":"Fictio Personae. Definici\u00f3n franc\u00e9s"},"content":{"rendered":"<p style=\"text-align: justify;\"><strong>GREIMAS, A. J.; Joseph COURT\u00c9S. <\/strong>\u00a0<em>S\u00e9miotique. Dictionnaire raisonn\u00e9 de la th\u00e9orie du langage. <\/em>Paris: Classiques Hachette, 1979.<\/p>\n<p style=\"text-align: justify;\"><strong>Greimas y Court\u00e9s<\/strong>, 1979<\/p>\n<p style=\"text-align: justify;\"><strong>Personnification<br \/>\n<\/strong>[p. 274] La personnification est un proc\u00e9d\u00e9 narratif qui consiste \u00e0 attribuer \u00e0 un objet 8chose, entit\u00e9 abstraite ou \u00eatre non humain) des propri\u00e9t\u00e9s qui permettent de le consid\u00e9rer comme un sujet, autrement dit, qui consiste \u00e0 le doter d\u00b4un programme* narratif \u00e0 l\u00b4int\u00e9rieur duquel il puisse exercer un faire*. La personnification semble caract\u00e9riser un certain type de discours ethnolitt\u00e9raire (le conte merveilleux, par exemple, o\u00f9 l\u00b4on rencontre des objets magnifiques, des animaux secourables, etc.).<\/p>\n<hr \/>\n<p style=\"text-align: justify;\">\n<p><strong>GORP,\u00a0Hendrik van. et al.\u00a0<\/strong><em>Dictionnaire des termes litt\u00e9raires.<\/em>\u00a0Paris: Champion Classiques. H. Champion, 2005.<\/p>\n<p><strong>Gorp et al<\/strong>. 2005<\/p>\n<p><strong>Personnification<br \/>\n<\/strong>[p. 363] Proc\u00e9d\u00e9 stylistique qui consiste \u00e0 attribuer des propri\u00e9t\u00e9s humaines \u00e0 un animal ou \u00e0 une chose inanim\u00e9e (objet concret ou abstraction), que l\u00b4on fait parler, agir, \u00e0 qui l&#8217;on s\u00b4adresse, etc.<\/p>\n<p style=\"text-align: justify;\">\n","protected":false},"excerpt":{"rendered":"<p>GREIMAS, A. J.; Joseph COURT\u00c9S. \u00a0S\u00e9miotique. Dictionnaire raisonn\u00e9 de la th\u00e9orie du langage. Paris: Classiques Hachette, 1979. Greimas y Court\u00e9s, 1979 Personnification [p. 274] La personnification est un proc\u00e9d\u00e9 narratif qui consiste \u00e0 attribuer \u00e0 un objet 8chose, entit\u00e9 abstraite ou \u00eatre non humain) des propri\u00e9t\u00e9s qui permettent de le consid\u00e9rer comme un sujet, autrement [&hellip;]<\/p>\n","protected":false},"author":16,"featured_media":0,"parent":0,"menu_order":0,"comment_status":"closed","ping_status":"closed","template":"","meta":{"footnotes":""},"class_list":["post-2070","page","type-page","status-publish","hentry"],"_links":{"self":[{"href":"https:\/\/grupos.unileon.es\/mebar\/wp-json\/wp\/v2\/pages\/2070","targetHints":{"allow":["GET"]}}],"collection":[{"href":"https:\/\/grupos.unileon.es\/mebar\/wp-json\/wp\/v2\/pages"}],"about":[{"href":"https:\/\/grupos.unileon.es\/mebar\/wp-json\/wp\/v2\/types\/page"}],"author":[{"embeddable":true,"href":"https:\/\/grupos.unileon.es\/mebar\/wp-json\/wp\/v2\/users\/16"}],"replies":[{"embeddable":true,"href":"https:\/\/grupos.unileon.es\/mebar\/wp-json\/wp\/v2\/comments?post=2070"}],"version-history":[{"count":1,"href":"https:\/\/grupos.unileon.es\/mebar\/wp-json\/wp\/v2\/pages\/2070\/revisions"}],"predecessor-version":[{"id":2071,"href":"https:\/\/grupos.unileon.es\/mebar\/wp-json\/wp\/v2\/pages\/2070\/revisions\/2071"}],"wp:attachment":[{"href":"https:\/\/grupos.unileon.es\/mebar\/wp-json\/wp\/v2\/media?parent=2070"}],"curies":[{"name":"wp","href":"https:\/\/api.w.org\/{rel}","templated":true}]}}