{"id":2073,"date":"2015-09-23T12:41:11","date_gmt":"2015-09-23T12:41:11","guid":{"rendered":"http:\/\/grupos.unileon.es\/mebar\/?page_id=2073"},"modified":"2015-09-23T12:41:11","modified_gmt":"2015-09-23T12:41:11","slug":"finitio-recepcion-frances","status":"publish","type":"page","link":"https:\/\/grupos.unileon.es\/mebar\/finitio-recepcion-frances\/","title":{"rendered":"Finitio. Recepci\u00f3n franc\u00e9s"},"content":{"rendered":"<p><strong><em>Encyclop\u00e9die M\u00e9thodique.<\/em><\/strong><em>\u00a0Grammaire et litt\u00e9rature.<\/em>\u00a0Paris: Chez Panckoucke Libraire, 1782. 3 Vols.<\/p>\n<p><strong>\u00a0D\u00e9finition<\/strong><\/p>\n<p style=\"text-align: justify;\">[p. 571] . (<em>Rh\u00e9torique.)<\/em> C\u00b4est un lieu commun\u00a0; &amp; par <em>D\u00e9finition<\/em>, les rh\u00e9teurs entendent une explication courte &amp; claire de quelque chose.<\/p>\n<p style=\"text-align: justify;\">Les D\u00e9finitions de l\u00b4orateur diff\u00e8rent beaucoup dans la m\u00e9thode de celles du dialecticien &amp; du philosophe. Ces derniers expliquent &amp; s\u00e8chement chaque chose par son genre &amp; la diff\u00e9rence\u00a0: ainsi, ils d\u00e9finissent l\u00b4homme un animal raisonnable. L\u00b4orateur se donne plus de libert\u00e9, &amp; d\u00e9finit d\u00b4une mani\u00e8re plus \u00e9tendue &amp; plus orn\u00e9e.<\/p>\n","protected":false},"excerpt":{"rendered":"<p>Encyclop\u00e9die M\u00e9thodique.\u00a0Grammaire et litt\u00e9rature.\u00a0Paris: Chez Panckoucke Libraire, 1782. 3 Vols. \u00a0D\u00e9finition [p. 571] . (Rh\u00e9torique.) C\u00b4est un lieu commun\u00a0; &amp; par D\u00e9finition, les rh\u00e9teurs entendent une explication courte &amp; claire de quelque chose. Les D\u00e9finitions de l\u00b4orateur diff\u00e8rent beaucoup dans la m\u00e9thode de celles du dialecticien &amp; du philosophe. Ces derniers expliquent &amp; s\u00e8chement chaque [&hellip;]<\/p>\n","protected":false},"author":16,"featured_media":0,"parent":0,"menu_order":0,"comment_status":"closed","ping_status":"closed","template":"","meta":{"footnotes":""},"class_list":["post-2073","page","type-page","status-publish","hentry"],"_links":{"self":[{"href":"https:\/\/grupos.unileon.es\/mebar\/wp-json\/wp\/v2\/pages\/2073","targetHints":{"allow":["GET"]}}],"collection":[{"href":"https:\/\/grupos.unileon.es\/mebar\/wp-json\/wp\/v2\/pages"}],"about":[{"href":"https:\/\/grupos.unileon.es\/mebar\/wp-json\/wp\/v2\/types\/page"}],"author":[{"embeddable":true,"href":"https:\/\/grupos.unileon.es\/mebar\/wp-json\/wp\/v2\/users\/16"}],"replies":[{"embeddable":true,"href":"https:\/\/grupos.unileon.es\/mebar\/wp-json\/wp\/v2\/comments?post=2073"}],"version-history":[{"count":1,"href":"https:\/\/grupos.unileon.es\/mebar\/wp-json\/wp\/v2\/pages\/2073\/revisions"}],"predecessor-version":[{"id":2074,"href":"https:\/\/grupos.unileon.es\/mebar\/wp-json\/wp\/v2\/pages\/2073\/revisions\/2074"}],"wp:attachment":[{"href":"https:\/\/grupos.unileon.es\/mebar\/wp-json\/wp\/v2\/media?parent=2073"}],"curies":[{"name":"wp","href":"https:\/\/api.w.org\/{rel}","templated":true}]}}