{"id":2078,"date":"2015-09-23T12:56:16","date_gmt":"2015-09-23T12:56:16","guid":{"rendered":"http:\/\/grupos.unileon.es\/mebar\/?page_id=2078"},"modified":"2015-09-23T12:56:16","modified_gmt":"2015-09-23T12:56:16","slug":"hyperbole-definicion-frances","status":"publish","type":"page","link":"https:\/\/grupos.unileon.es\/mebar\/hyperbole-definicion-frances\/","title":{"rendered":"Hyperbole. Definici\u00f3n franc\u00e9s"},"content":{"rendered":"<p style=\"text-align: justify;\"><strong>MORIER, H.<\/strong>\u00a0<em>Dictionnaire de po\u00e9tique et de rh\u00e9torique.<\/em>\u00a0Paris: Presses Universitaires de France, 1961.<\/p>\n<p style=\"text-align: justify;\"><strong>Morier<\/strong>, 1961<\/p>\n<p style=\"text-align: justify;\">\u00a0<strong>Hyperbole<br \/>\n<\/strong>[p. 535] Figure consistant dans l\u00b4exag\u00e9ration des termes. Rien n\u00b4est plus courant que l&#8217;hyperbole. Elle est dans la bouche de tout le monde, mais\u00a0\u00a0\u00a0\u00a0\u00a0 nom f\u00e9minin surtout des jeunes gens (soucieux de passer pour des h\u00e9ros) et des jeunes filles (soucieuses de faire valoir leur exceptionnelle sensibilit\u00e9). De l\u00e0 ces hyperboles pr\u00e9cieuses qui se renouvellent \u00e0 peine avec les si\u00e8cles.<\/p>\n<hr \/>\n<p style=\"text-align: justify;\"><strong>GORP,\u00a0Hendrik van. et al.\u00a0<\/strong><em>Dictionnaire des termes litt\u00e9raires.<\/em>\u00a0Paris: Champion Classiques. H. Champion. 2005.<\/p>\n<p style=\"text-align: justify;\"><strong>Gorp et al<\/strong>., 2005<\/p>\n<p style=\"text-align: justify;\"><strong>Hyperbole<br \/>\n<\/strong>[241] (gr. Huper = au-dessus, au-del\u00e0\u00a0; ballein = lancer, jeter\u00a0; d\u00b4o\u00f9 jeter au-dessus, d\u00e9passer la mesure). Figure d\u00b4exag\u00e9ration soulignant une pens\u00e9e au moyen d\u00b4une expression qui la d\u00e9passe (\u00ab\u00a0superbement beau\u00a0\u00bb, \u00ab\u00a0courir plus vite que le vent\u00a0\u00bb). D\u00b4o\u00f9 le risque d\u00b4emphase. En rh\u00e9torique, la figure avait pout fonction de renforcer le path\u00e9tique, en po\u00e9sie, elle souligne un trait ou un affect. L\u00b4hyperbole s\u00b4use vite et devient alors un clich\u00e9.<\/p>\n<p style=\"text-align: justify;\">\n","protected":false},"excerpt":{"rendered":"<p>MORIER, H.\u00a0Dictionnaire de po\u00e9tique et de rh\u00e9torique.\u00a0Paris: Presses Universitaires de France, 1961. Morier, 1961 \u00a0Hyperbole [p. 535] Figure consistant dans l\u00b4exag\u00e9ration des termes. Rien n\u00b4est plus courant que l&#8217;hyperbole. Elle est dans la bouche de tout le monde, mais\u00a0\u00a0\u00a0\u00a0\u00a0 nom f\u00e9minin surtout des jeunes gens (soucieux de passer pour des h\u00e9ros) et des jeunes filles [&hellip;]<\/p>\n","protected":false},"author":16,"featured_media":0,"parent":0,"menu_order":0,"comment_status":"closed","ping_status":"closed","template":"","meta":{"footnotes":""},"class_list":["post-2078","page","type-page","status-publish","hentry"],"_links":{"self":[{"href":"https:\/\/grupos.unileon.es\/mebar\/wp-json\/wp\/v2\/pages\/2078","targetHints":{"allow":["GET"]}}],"collection":[{"href":"https:\/\/grupos.unileon.es\/mebar\/wp-json\/wp\/v2\/pages"}],"about":[{"href":"https:\/\/grupos.unileon.es\/mebar\/wp-json\/wp\/v2\/types\/page"}],"author":[{"embeddable":true,"href":"https:\/\/grupos.unileon.es\/mebar\/wp-json\/wp\/v2\/users\/16"}],"replies":[{"embeddable":true,"href":"https:\/\/grupos.unileon.es\/mebar\/wp-json\/wp\/v2\/comments?post=2078"}],"version-history":[{"count":1,"href":"https:\/\/grupos.unileon.es\/mebar\/wp-json\/wp\/v2\/pages\/2078\/revisions"}],"predecessor-version":[{"id":2079,"href":"https:\/\/grupos.unileon.es\/mebar\/wp-json\/wp\/v2\/pages\/2078\/revisions\/2079"}],"wp:attachment":[{"href":"https:\/\/grupos.unileon.es\/mebar\/wp-json\/wp\/v2\/media?parent=2078"}],"curies":[{"name":"wp","href":"https:\/\/api.w.org\/{rel}","templated":true}]}}