{"id":2080,"date":"2015-09-23T12:56:52","date_gmt":"2015-09-23T12:56:52","guid":{"rendered":"http:\/\/grupos.unileon.es\/mebar\/?page_id=2080"},"modified":"2015-09-23T12:56:52","modified_gmt":"2015-09-23T12:56:52","slug":"hyperbole-recepcion-frances","status":"publish","type":"page","link":"https:\/\/grupos.unileon.es\/mebar\/hyperbole-recepcion-frances\/","title":{"rendered":"Hyperbole. Recepci\u00f3n franc\u00e9s"},"content":{"rendered":"<p style=\"text-align: justify;\"><strong><em>Encyclop\u00e9die M\u00e9thodique.<\/em><\/strong><em>\u00a0Grammaire et litt\u00e9rature.<\/em>\u00a0Paris: Chez Panckoucke Libraire, 1782. 3 Vols.<\/p>\n<p style=\"text-align: justify;\">\u00a0<strong>Hyperbole<\/strong><\/p>\n<p style=\"text-align: justify;\">[p. 268] \u00a0Figure de pens\u00e9e par fiction, qui consiste \u00e0 pr\u00e9senter des id\u00e9es qui surpassent m\u00eame la vraisemblance\u00a0; non dans l\u00b4intention d\u00b4en imposer, mais dans la v\u00fbe, comme le dit S\u00e9n\u00e8que, d\u00b4amener l\u00b4esprit \u00e0 la v\u00e9rit\u00e9 par cette esp\u00e8ce de mensonge, &amp; de fixer ce qu\u00b4il doit croire en lui pr\u00e9sentant des choses incroyables.<\/p>\n","protected":false},"excerpt":{"rendered":"<p>Encyclop\u00e9die M\u00e9thodique.\u00a0Grammaire et litt\u00e9rature.\u00a0Paris: Chez Panckoucke Libraire, 1782. 3 Vols. \u00a0Hyperbole [p. 268] \u00a0Figure de pens\u00e9e par fiction, qui consiste \u00e0 pr\u00e9senter des id\u00e9es qui surpassent m\u00eame la vraisemblance\u00a0; non dans l\u00b4intention d\u00b4en imposer, mais dans la v\u00fbe, comme le dit S\u00e9n\u00e8que, d\u00b4amener l\u00b4esprit \u00e0 la v\u00e9rit\u00e9 par cette esp\u00e8ce de mensonge, &amp; de fixer [&hellip;]<\/p>\n","protected":false},"author":16,"featured_media":0,"parent":0,"menu_order":0,"comment_status":"closed","ping_status":"closed","template":"","meta":{"footnotes":""},"class_list":["post-2080","page","type-page","status-publish","hentry"],"_links":{"self":[{"href":"https:\/\/grupos.unileon.es\/mebar\/wp-json\/wp\/v2\/pages\/2080","targetHints":{"allow":["GET"]}}],"collection":[{"href":"https:\/\/grupos.unileon.es\/mebar\/wp-json\/wp\/v2\/pages"}],"about":[{"href":"https:\/\/grupos.unileon.es\/mebar\/wp-json\/wp\/v2\/types\/page"}],"author":[{"embeddable":true,"href":"https:\/\/grupos.unileon.es\/mebar\/wp-json\/wp\/v2\/users\/16"}],"replies":[{"embeddable":true,"href":"https:\/\/grupos.unileon.es\/mebar\/wp-json\/wp\/v2\/comments?post=2080"}],"version-history":[{"count":1,"href":"https:\/\/grupos.unileon.es\/mebar\/wp-json\/wp\/v2\/pages\/2080\/revisions"}],"predecessor-version":[{"id":2081,"href":"https:\/\/grupos.unileon.es\/mebar\/wp-json\/wp\/v2\/pages\/2080\/revisions\/2081"}],"wp:attachment":[{"href":"https:\/\/grupos.unileon.es\/mebar\/wp-json\/wp\/v2\/media?parent=2080"}],"curies":[{"name":"wp","href":"https:\/\/api.w.org\/{rel}","templated":true}]}}