{"id":2086,"date":"2015-09-23T13:15:30","date_gmt":"2015-09-23T13:15:30","guid":{"rendered":"http:\/\/grupos.unileon.es\/mebar\/?page_id=2086"},"modified":"2015-09-23T13:15:30","modified_gmt":"2015-09-23T13:15:30","slug":"insinuatio-recepcion-frances","status":"publish","type":"page","link":"https:\/\/grupos.unileon.es\/mebar\/insinuatio-recepcion-frances\/","title":{"rendered":"Insinuatio. Recepci\u00f3n franc\u00e9s"},"content":{"rendered":"<p><strong><em>Encyclop\u00e9die M\u00e9thodique.<\/em><\/strong><em>\u00a0Grammaire et litt\u00e9rature.<\/em>\u00a0Paris: Chez Panckoucke Libraire, 1782. 3 Vols.<\/p>\n<p><strong>Insinuation<br \/>\n<\/strong>[p. 337] Tour\u00a0 d\u00b4\u00c9loquence, qui consiste \u00e0 pr\u00e9senter \u00e0 l\u00b4auditoire, au lieu de l\u00b4objet qu\u00b4on se propose, &amp; pour lequel on se sait qu\u00b4il y a de la r\u00e9pugnance ou de l\u00b4\u00e9loignement, un autre objet qui l\u00b4int\u00e9resse, &amp; qui, par ses\u00a0 rapports avec l\u00b4objet dont il s\u00b4agit, dispose d\u00b4abord les esprits \u00e0 ne pas en \u00eatre bless\u00e9s, &amp; les am\u00e8ne insensiblement \u00e0 le voir d\u00b4un \u0153il favorable.<\/p>\n","protected":false},"excerpt":{"rendered":"<p>Encyclop\u00e9die M\u00e9thodique.\u00a0Grammaire et litt\u00e9rature.\u00a0Paris: Chez Panckoucke Libraire, 1782. 3 Vols. Insinuation [p. 337] Tour\u00a0 d\u00b4\u00c9loquence, qui consiste \u00e0 pr\u00e9senter \u00e0 l\u00b4auditoire, au lieu de l\u00b4objet qu\u00b4on se propose, &amp; pour lequel on se sait qu\u00b4il y a de la r\u00e9pugnance ou de l\u00b4\u00e9loignement, un autre objet qui l\u00b4int\u00e9resse, &amp; qui, par ses\u00a0 rapports avec l\u00b4objet [&hellip;]<\/p>\n","protected":false},"author":16,"featured_media":0,"parent":0,"menu_order":0,"comment_status":"closed","ping_status":"closed","template":"","meta":{"footnotes":""},"class_list":["post-2086","page","type-page","status-publish","hentry"],"_links":{"self":[{"href":"https:\/\/grupos.unileon.es\/mebar\/wp-json\/wp\/v2\/pages\/2086","targetHints":{"allow":["GET"]}}],"collection":[{"href":"https:\/\/grupos.unileon.es\/mebar\/wp-json\/wp\/v2\/pages"}],"about":[{"href":"https:\/\/grupos.unileon.es\/mebar\/wp-json\/wp\/v2\/types\/page"}],"author":[{"embeddable":true,"href":"https:\/\/grupos.unileon.es\/mebar\/wp-json\/wp\/v2\/users\/16"}],"replies":[{"embeddable":true,"href":"https:\/\/grupos.unileon.es\/mebar\/wp-json\/wp\/v2\/comments?post=2086"}],"version-history":[{"count":1,"href":"https:\/\/grupos.unileon.es\/mebar\/wp-json\/wp\/v2\/pages\/2086\/revisions"}],"predecessor-version":[{"id":2087,"href":"https:\/\/grupos.unileon.es\/mebar\/wp-json\/wp\/v2\/pages\/2086\/revisions\/2087"}],"wp:attachment":[{"href":"https:\/\/grupos.unileon.es\/mebar\/wp-json\/wp\/v2\/media?parent=2086"}],"curies":[{"name":"wp","href":"https:\/\/api.w.org\/{rel}","templated":true}]}}