{"id":2095,"date":"2015-09-23T13:25:12","date_gmt":"2015-09-23T13:25:12","guid":{"rendered":"http:\/\/grupos.unileon.es\/mebar\/?page_id=2095"},"modified":"2015-09-23T13:25:12","modified_gmt":"2015-09-23T13:25:12","slug":"mirabile-recepcion-frances","status":"publish","type":"page","link":"https:\/\/grupos.unileon.es\/mebar\/mirabile-recepcion-frances\/","title":{"rendered":"Mirabile. Recepci\u00f3n franc\u00e9s"},"content":{"rendered":"<p><strong><em>Encyclop\u00e9die M\u00e9thodique.<\/em><\/strong><em>\u00a0Grammaire et litt\u00e9rature.<\/em>\u00a0Paris: Chez Panckoucke Libraire, 1782. 3 Vols.<\/p>\n<p><strong>Merveilleux<\/strong><\/p>\n<p>[p.518-519] <em>Belles-Lettres<\/em>. On peut distinguer dans la Po\u00e9sie deux esp\u00e8ces de <em>Merveilleux.<\/em><\/p>\n<p style=\"text-align: justify;\">\u00a0\u00a0\u00a0\u00a0\u00a0\u00a0\u00a0\u00a0\u00a0\u00a0\u00a0 Le <em>Merveilleux naturel<\/em> est pris, si je l\u00b4\u00f4se dire, sur la derni\u00e8re limite des possibles\u00a0; la v\u00e9rit\u00e9 y peut atteindre, &amp; la simple raison peut y ajouter foi. Tels sont les extr\u00eames en toutes choses, les \u00e9v\u00e9nements sans exemple, les caract\u00e8res, les vertus, les crimes inou\u00efs, les jeux du hasard qui semblent annoncer une fatalit\u00e9 marqu\u00e9e, ou l\u00b4influence d\u00b4une cause qui pr\u00e9side \u00e0 ces accidents\u00a0: telles sont les grandes r\u00e9volutions dans le physique, les d\u00e9luges, les tremblements de terre, les bouleversements qui ont chang\u00e9 la face du globe, ouvert un passage \u00e0 l\u00b4Oc\u00e9an dans les profondes vall\u00e9es qui s\u00b4\u00e9paraient l\u00b4Europe de l\u00b4Afrique ou la Su\u00e8de de l\u00b4Allemagne, rompu la communication du Nord de l\u00b4Am\u00e9rique &amp; de l\u00b4Europe, englouti peut-\u00eatre la grande \u00eele Atlantique, &amp; mis \u00e0 sec les banc de sable qui forment l\u00b4Archipel de la\u00a0 Gr\u00e8ce &amp; celui de l\u00b4Inde, peut-\u00eatre aussi \u00e9lev\u00e9 si haut les volcans de l\u00b4ancien &amp; du nouveau monde\u00a0: telles sont aussi, dans le moral, les grandes incursions &amp; les vastes conqu\u00eates, le renversement des Empires &amp; leur succession rapide, surtout lorsque c\u00b4est un seul homme dont le g\u00e9nie &amp; le courage ont produit ces grands changements\u00a0: tels sont par cons\u00e9quent les caract\u00e8res &amp; les g\u00e9nies d\u00b4une force, d\u00b4une vigueur, d\u00b4une \u00e9l\u00e9vation extraordinaires\u00a0: tels sont enfin les \u00e9v\u00e9nements particuliers, dont la rencontre semble ordonn\u00e9e par une puissance sup\u00e9rieure.<\/p>\n<p style=\"text-align: justify;\">\u00a0\u00a0\u00a0\u00a0\u00a0\u00a0\u00a0\u00a0\u00a0\u00a0\u00a0 De ce m\u00eame genre de <em>Merveilleux<\/em>, sont toutes ces descriptions des po\u00e8tes, o\u00f9, sans sortir des bornes de la nature, l\u00b4imagination rench\u00e9rit tant qu\u00b4elle peut sur la r\u00e9alit\u00e9\u00a0; ce qui fait de la fiction un continuel enchantement.<\/p>\n<p style=\"text-align: justify;\">\u00a0\u00a0\u00a0\u00a0\u00a0\u00a0\u00a0\u00a0\u00a0\u00a0\u00a0 Le <em>Merveilleux surnaturel<\/em> est l\u00b4entremise des \u00eatres qui, n\u00b4\u00e9tant pas soumis aux lois de la nature, y produisent des accidents au-dessus de ses forces ou ind\u00e9pendants de ses lois.<\/p>\n","protected":false},"excerpt":{"rendered":"<p>Encyclop\u00e9die M\u00e9thodique.\u00a0Grammaire et litt\u00e9rature.\u00a0Paris: Chez Panckoucke Libraire, 1782. 3 Vols. Merveilleux [p.518-519] Belles-Lettres. On peut distinguer dans la Po\u00e9sie deux esp\u00e8ces de Merveilleux. \u00a0\u00a0\u00a0\u00a0\u00a0\u00a0\u00a0\u00a0\u00a0\u00a0\u00a0 Le Merveilleux naturel est pris, si je l\u00b4\u00f4se dire, sur la derni\u00e8re limite des possibles\u00a0; la v\u00e9rit\u00e9 y peut atteindre, &amp; la simple raison peut y ajouter foi. Tels sont les [&hellip;]<\/p>\n","protected":false},"author":16,"featured_media":0,"parent":0,"menu_order":0,"comment_status":"closed","ping_status":"closed","template":"","meta":{"footnotes":""},"class_list":["post-2095","page","type-page","status-publish","hentry"],"_links":{"self":[{"href":"https:\/\/grupos.unileon.es\/mebar\/wp-json\/wp\/v2\/pages\/2095","targetHints":{"allow":["GET"]}}],"collection":[{"href":"https:\/\/grupos.unileon.es\/mebar\/wp-json\/wp\/v2\/pages"}],"about":[{"href":"https:\/\/grupos.unileon.es\/mebar\/wp-json\/wp\/v2\/types\/page"}],"author":[{"embeddable":true,"href":"https:\/\/grupos.unileon.es\/mebar\/wp-json\/wp\/v2\/users\/16"}],"replies":[{"embeddable":true,"href":"https:\/\/grupos.unileon.es\/mebar\/wp-json\/wp\/v2\/comments?post=2095"}],"version-history":[{"count":1,"href":"https:\/\/grupos.unileon.es\/mebar\/wp-json\/wp\/v2\/pages\/2095\/revisions"}],"predecessor-version":[{"id":2096,"href":"https:\/\/grupos.unileon.es\/mebar\/wp-json\/wp\/v2\/pages\/2095\/revisions\/2096"}],"wp:attachment":[{"href":"https:\/\/grupos.unileon.es\/mebar\/wp-json\/wp\/v2\/media?parent=2095"}],"curies":[{"name":"wp","href":"https:\/\/api.w.org\/{rel}","templated":true}]}}