{"id":2104,"date":"2015-09-23T13:42:05","date_gmt":"2015-09-23T13:42:05","guid":{"rendered":"http:\/\/grupos.unileon.es\/mebar\/?page_id=2104"},"modified":"2015-09-23T13:42:05","modified_gmt":"2015-09-23T13:42:05","slug":"oxymoron-definicion-frances","status":"publish","type":"page","link":"https:\/\/grupos.unileon.es\/mebar\/oxymoron-definicion-frances\/","title":{"rendered":"Oxymoron. Definici\u00f3n franc\u00e9s"},"content":{"rendered":"<p><strong>MORIER, H.<\/strong>\u00a0<em>Dictionnaire de po\u00e9tique et de rh\u00e9torique.<\/em>\u00a0Paris: Presses Universitaires de France, 1961.<\/p>\n<p><strong>Oxymore ou Oxymoron<\/strong><\/p>\n<p style=\"text-align: justify;\">\u00a0[p. 850-851] Nom masculin. Sorte d\u00b4antith\u00e8se dans laquelle on rapproche deux mots contradictoires, l\u00b4un paraissant exclure logiquement l\u2019autre.<\/p>\n<p style=\"text-align: justify;\">Tant\u00f4t, et d\u00e8s ses lointaines origines grecques, l\u00b4oxymore attire l\u00b4attention sur une criante opposition, tant\u00f4t il cherche \u00e0 fondre les valeurs comme dans la langue commune o\u00f9 sont n\u00e9s les expressions <em>d\u00b4aigre-doux<\/em> et de <em>doux-amer<\/em>.<\/p>\n<hr \/>\n<p><strong>GORP,\u00a0Hendrik van. et al.\u00a0<\/strong><em>Dictionnaire des termes litt\u00e9raires.<\/em>\u00a0Paris: Champion Classiques. H. Champion. 2005.<\/p>\n<p><strong>Gorp et al.<\/strong> 2005<\/p>\n<p><strong>Oxymore, oxymoron<\/strong><\/p>\n<p style=\"text-align: justify;\">\u00a0[p. 343] \u00a0Oxymore, oxymoron (gr. Oxu- = aigu, fin, spirituel\u00a0; m\u00f4ros = stupide, fou). Figure de style qui allie \u00e0 des fins diverses qui vont de la simple recherche d\u00b4une nuance nouvelle au choc intraduisible de l\u00b4image surr\u00e9aliste, en passant par le paradoxe piquant de la conversation mondaine, deux mots apparemment incompatible.<\/p>\n<p style=\"text-align: justify;\">\n<p style=\"text-align: justify;\">\n<p style=\"text-align: justify;\">\n","protected":false},"excerpt":{"rendered":"<p>MORIER, H.\u00a0Dictionnaire de po\u00e9tique et de rh\u00e9torique.\u00a0Paris: Presses Universitaires de France, 1961. Oxymore ou Oxymoron \u00a0[p. 850-851] Nom masculin. Sorte d\u00b4antith\u00e8se dans laquelle on rapproche deux mots contradictoires, l\u00b4un paraissant exclure logiquement l\u2019autre. Tant\u00f4t, et d\u00e8s ses lointaines origines grecques, l\u00b4oxymore attire l\u00b4attention sur une criante opposition, tant\u00f4t il cherche \u00e0 fondre les valeurs comme [&hellip;]<\/p>\n","protected":false},"author":16,"featured_media":0,"parent":0,"menu_order":0,"comment_status":"closed","ping_status":"closed","template":"","meta":{"footnotes":""},"class_list":["post-2104","page","type-page","status-publish","hentry"],"_links":{"self":[{"href":"https:\/\/grupos.unileon.es\/mebar\/wp-json\/wp\/v2\/pages\/2104","targetHints":{"allow":["GET"]}}],"collection":[{"href":"https:\/\/grupos.unileon.es\/mebar\/wp-json\/wp\/v2\/pages"}],"about":[{"href":"https:\/\/grupos.unileon.es\/mebar\/wp-json\/wp\/v2\/types\/page"}],"author":[{"embeddable":true,"href":"https:\/\/grupos.unileon.es\/mebar\/wp-json\/wp\/v2\/users\/16"}],"replies":[{"embeddable":true,"href":"https:\/\/grupos.unileon.es\/mebar\/wp-json\/wp\/v2\/comments?post=2104"}],"version-history":[{"count":1,"href":"https:\/\/grupos.unileon.es\/mebar\/wp-json\/wp\/v2\/pages\/2104\/revisions"}],"predecessor-version":[{"id":2105,"href":"https:\/\/grupos.unileon.es\/mebar\/wp-json\/wp\/v2\/pages\/2104\/revisions\/2105"}],"wp:attachment":[{"href":"https:\/\/grupos.unileon.es\/mebar\/wp-json\/wp\/v2\/media?parent=2104"}],"curies":[{"name":"wp","href":"https:\/\/api.w.org\/{rel}","templated":true}]}}