{"id":2106,"date":"2015-09-23T13:42:51","date_gmt":"2015-09-23T13:42:51","guid":{"rendered":"http:\/\/grupos.unileon.es\/mebar\/?page_id=2106"},"modified":"2015-09-23T13:42:51","modified_gmt":"2015-09-23T13:42:51","slug":"oxymoron-recepcion-frances","status":"publish","type":"page","link":"https:\/\/grupos.unileon.es\/mebar\/oxymoron-recepcion-frances\/","title":{"rendered":"Oxymoron. Recepci\u00f3n franc\u00e9s"},"content":{"rendered":"<p><strong><em>Encyclop\u00e9die M\u00e9thodique.<\/em><\/strong><em>\u00a0Grammaire et litt\u00e9rature.<\/em>\u00a0Paris: Chez Panckoucke Libraire, 1782. 3 Vols.<\/p>\n<p><strong>Oxymoron<\/strong><\/p>\n<p style=\"text-align: justify;\">[p. 1744] Mot grec, que quelques rh\u00e9teurs ont gard\u00e9 pour d\u00e9signer une figure de pens\u00e9e, que je nomme <em>Paradoxeisme<\/em>. Voyez ce mot.xxxxxxxxxxxx\u00a0; parce qu\u00b4il y a en effet de la finesse dans la pr\u00e9tendue <em>absurdit\u00e9<\/em> qui caract\u00e9rise cette figure.<\/p>\n","protected":false},"excerpt":{"rendered":"<p>Encyclop\u00e9die M\u00e9thodique.\u00a0Grammaire et litt\u00e9rature.\u00a0Paris: Chez Panckoucke Libraire, 1782. 3 Vols. Oxymoron [p. 1744] Mot grec, que quelques rh\u00e9teurs ont gard\u00e9 pour d\u00e9signer une figure de pens\u00e9e, que je nomme Paradoxeisme. Voyez ce mot.xxxxxxxxxxxx\u00a0; parce qu\u00b4il y a en effet de la finesse dans la pr\u00e9tendue absurdit\u00e9 qui caract\u00e9rise cette figure.<\/p>\n","protected":false},"author":16,"featured_media":0,"parent":0,"menu_order":0,"comment_status":"closed","ping_status":"closed","template":"","meta":{"footnotes":""},"class_list":["post-2106","page","type-page","status-publish","hentry"],"_links":{"self":[{"href":"https:\/\/grupos.unileon.es\/mebar\/wp-json\/wp\/v2\/pages\/2106","targetHints":{"allow":["GET"]}}],"collection":[{"href":"https:\/\/grupos.unileon.es\/mebar\/wp-json\/wp\/v2\/pages"}],"about":[{"href":"https:\/\/grupos.unileon.es\/mebar\/wp-json\/wp\/v2\/types\/page"}],"author":[{"embeddable":true,"href":"https:\/\/grupos.unileon.es\/mebar\/wp-json\/wp\/v2\/users\/16"}],"replies":[{"embeddable":true,"href":"https:\/\/grupos.unileon.es\/mebar\/wp-json\/wp\/v2\/comments?post=2106"}],"version-history":[{"count":1,"href":"https:\/\/grupos.unileon.es\/mebar\/wp-json\/wp\/v2\/pages\/2106\/revisions"}],"predecessor-version":[{"id":2107,"href":"https:\/\/grupos.unileon.es\/mebar\/wp-json\/wp\/v2\/pages\/2106\/revisions\/2107"}],"wp:attachment":[{"href":"https:\/\/grupos.unileon.es\/mebar\/wp-json\/wp\/v2\/media?parent=2106"}],"curies":[{"name":"wp","href":"https:\/\/api.w.org\/{rel}","templated":true}]}}