{"id":2119,"date":"2015-09-23T14:00:22","date_gmt":"2015-09-23T14:00:22","guid":{"rendered":"http:\/\/grupos.unileon.es\/mebar\/?page_id=2119"},"modified":"2015-09-23T14:00:22","modified_gmt":"2015-09-23T14:00:22","slug":"similitudo-recepcion-frances","status":"publish","type":"page","link":"https:\/\/grupos.unileon.es\/mebar\/similitudo-recepcion-frances\/","title":{"rendered":"Similitudo. Recepci\u00f3n franc\u00e9s"},"content":{"rendered":"<p><strong><em>Encyclop\u00e9die M\u00e9thodique.<\/em><\/strong><em>\u00a0Grammaire et litt\u00e9rature.<\/em>\u00a0Paris: Chez Panckoucke Libraire, 1782. 3 Vols.<\/p>\n<p><strong>Similitude<\/strong><strong>\u00a0<\/strong><\/p>\n<p style=\"text-align: justify;\">[p. 390] Figure de pens\u00e9e par combinaison, qui indique ou qui d\u00e9veloppe le rapport qui est entre deux choses, deux id\u00e9es, deux pens\u00e9es, dans la v\u00fbe seulement d\u00b4\u00e9claircir l\u00b4une par l&#8217;autre, ou de rendre l\u00b4une plus sensible sous l\u00b4image &amp; l\u00b4embl\u00eame de l\u00b4autre.<\/p>\n","protected":false},"excerpt":{"rendered":"<p>Encyclop\u00e9die M\u00e9thodique.\u00a0Grammaire et litt\u00e9rature.\u00a0Paris: Chez Panckoucke Libraire, 1782. 3 Vols. Similitude\u00a0 [p. 390] Figure de pens\u00e9e par combinaison, qui indique ou qui d\u00e9veloppe le rapport qui est entre deux choses, deux id\u00e9es, deux pens\u00e9es, dans la v\u00fbe seulement d\u00b4\u00e9claircir l\u00b4une par l&#8217;autre, ou de rendre l\u00b4une plus sensible sous l\u00b4image &amp; l\u00b4embl\u00eame de l\u00b4autre.<\/p>\n","protected":false},"author":16,"featured_media":0,"parent":0,"menu_order":0,"comment_status":"closed","ping_status":"closed","template":"","meta":{"footnotes":""},"class_list":["post-2119","page","type-page","status-publish","hentry"],"_links":{"self":[{"href":"https:\/\/grupos.unileon.es\/mebar\/wp-json\/wp\/v2\/pages\/2119","targetHints":{"allow":["GET"]}}],"collection":[{"href":"https:\/\/grupos.unileon.es\/mebar\/wp-json\/wp\/v2\/pages"}],"about":[{"href":"https:\/\/grupos.unileon.es\/mebar\/wp-json\/wp\/v2\/types\/page"}],"author":[{"embeddable":true,"href":"https:\/\/grupos.unileon.es\/mebar\/wp-json\/wp\/v2\/users\/16"}],"replies":[{"embeddable":true,"href":"https:\/\/grupos.unileon.es\/mebar\/wp-json\/wp\/v2\/comments?post=2119"}],"version-history":[{"count":1,"href":"https:\/\/grupos.unileon.es\/mebar\/wp-json\/wp\/v2\/pages\/2119\/revisions"}],"predecessor-version":[{"id":2120,"href":"https:\/\/grupos.unileon.es\/mebar\/wp-json\/wp\/v2\/pages\/2119\/revisions\/2120"}],"wp:attachment":[{"href":"https:\/\/grupos.unileon.es\/mebar\/wp-json\/wp\/v2\/media?parent=2119"}],"curies":[{"name":"wp","href":"https:\/\/api.w.org\/{rel}","templated":true}]}}