{"id":2122,"date":"2015-09-23T14:05:46","date_gmt":"2015-09-23T14:05:46","guid":{"rendered":"http:\/\/grupos.unileon.es\/mebar\/?page_id=2122"},"modified":"2015-09-23T14:05:46","modified_gmt":"2015-09-23T14:05:46","slug":"subjectio-definicion-frances","status":"publish","type":"page","link":"https:\/\/grupos.unileon.es\/mebar\/subjectio-definicion-frances\/","title":{"rendered":"Subjectio. Definici\u00f3n franc\u00e9s"},"content":{"rendered":"<p><strong>GORP,\u00a0Hendrik van. et al.\u00a0<\/strong><em>Dictionnaire des termes litt\u00e9raires.<\/em>\u00a0Paris: Champion Classiques. H. Champion, 2005.<\/p>\n<p><strong>Gorp et al<\/strong>. \u00a02005<\/p>\n<p><strong>Subiectio<\/strong>\u00a0 &gt; Percontatio.<\/p>\n<p style=\"text-align: justify;\">\u00a0[p. 359-360] \u00a0Percontatio (lat. recherche, demande). Forme particuli\u00e8re de sermonicination dialogu\u00e9e (appel\u00e9e aussi exquisitio), o\u00f9 l\u00b4orateur discute fictivement avec son contradicteur ou avec le public, en formulant une question ou une assertion\u00a0 suppos\u00e9es de son interlocuteur pour y opposer ensuite sa r\u00e9ponse ou sa propre opinion (appel\u00e9e subiectio = suite, ajout).<\/p>\n","protected":false},"excerpt":{"rendered":"<p>GORP,\u00a0Hendrik van. et al.\u00a0Dictionnaire des termes litt\u00e9raires.\u00a0Paris: Champion Classiques. H. Champion, 2005. Gorp et al. \u00a02005 Subiectio\u00a0 &gt; Percontatio. \u00a0[p. 359-360] \u00a0Percontatio (lat. recherche, demande). Forme particuli\u00e8re de sermonicination dialogu\u00e9e (appel\u00e9e aussi exquisitio), o\u00f9 l\u00b4orateur discute fictivement avec son contradicteur ou avec le public, en formulant une question ou une assertion\u00a0 suppos\u00e9es de son interlocuteur [&hellip;]<\/p>\n","protected":false},"author":16,"featured_media":0,"parent":0,"menu_order":0,"comment_status":"closed","ping_status":"closed","template":"","meta":{"footnotes":""},"class_list":["post-2122","page","type-page","status-publish","hentry"],"_links":{"self":[{"href":"https:\/\/grupos.unileon.es\/mebar\/wp-json\/wp\/v2\/pages\/2122","targetHints":{"allow":["GET"]}}],"collection":[{"href":"https:\/\/grupos.unileon.es\/mebar\/wp-json\/wp\/v2\/pages"}],"about":[{"href":"https:\/\/grupos.unileon.es\/mebar\/wp-json\/wp\/v2\/types\/page"}],"author":[{"embeddable":true,"href":"https:\/\/grupos.unileon.es\/mebar\/wp-json\/wp\/v2\/users\/16"}],"replies":[{"embeddable":true,"href":"https:\/\/grupos.unileon.es\/mebar\/wp-json\/wp\/v2\/comments?post=2122"}],"version-history":[{"count":1,"href":"https:\/\/grupos.unileon.es\/mebar\/wp-json\/wp\/v2\/pages\/2122\/revisions"}],"predecessor-version":[{"id":2123,"href":"https:\/\/grupos.unileon.es\/mebar\/wp-json\/wp\/v2\/pages\/2122\/revisions\/2123"}],"wp:attachment":[{"href":"https:\/\/grupos.unileon.es\/mebar\/wp-json\/wp\/v2\/media?parent=2122"}],"curies":[{"name":"wp","href":"https:\/\/api.w.org\/{rel}","templated":true}]}}