{"id":2124,"date":"2015-09-23T14:06:23","date_gmt":"2015-09-23T14:06:23","guid":{"rendered":"http:\/\/grupos.unileon.es\/mebar\/?page_id=2124"},"modified":"2015-09-23T14:06:23","modified_gmt":"2015-09-23T14:06:23","slug":"subjectio-recepcion-frances","status":"publish","type":"page","link":"https:\/\/grupos.unileon.es\/mebar\/subjectio-recepcion-frances\/","title":{"rendered":"Subjectio. Recepci\u00f3n franc\u00e9s"},"content":{"rendered":"<p><strong><em>Encyclop\u00e9die M\u00e9thodique.<\/em><\/strong><em>\u00a0Grammaire et litt\u00e9rature.<\/em>\u00a0Paris: Chez Panckoucke Libraire, 1782. 3 Vols.<\/p>\n<p><strong>Subjection<\/strong><\/p>\n<p style=\"text-align: justify;\">[p. 425-426] Figure de pens\u00e9e par raisonnement, qui consiste dans une suite de propositions tendantes \u00e0 un m\u00eame but, dont chacune est imm\u00e9diatement suivie d\u00b4une proposition corr\u00e9lative, servant \u00e0 la pr\u00e9c\u00e9dente, ou de r\u00e9ponse, ou de d\u00e9veloppement, ou d\u00b4application, ou de cons\u00e9quence, etc.<\/p>\n","protected":false},"excerpt":{"rendered":"<p>Encyclop\u00e9die M\u00e9thodique.\u00a0Grammaire et litt\u00e9rature.\u00a0Paris: Chez Panckoucke Libraire, 1782. 3 Vols. Subjection [p. 425-426] Figure de pens\u00e9e par raisonnement, qui consiste dans une suite de propositions tendantes \u00e0 un m\u00eame but, dont chacune est imm\u00e9diatement suivie d\u00b4une proposition corr\u00e9lative, servant \u00e0 la pr\u00e9c\u00e9dente, ou de r\u00e9ponse, ou de d\u00e9veloppement, ou d\u00b4application, ou de cons\u00e9quence, etc.<\/p>\n","protected":false},"author":16,"featured_media":0,"parent":0,"menu_order":0,"comment_status":"closed","ping_status":"closed","template":"","meta":{"footnotes":""},"class_list":["post-2124","page","type-page","status-publish","hentry"],"_links":{"self":[{"href":"https:\/\/grupos.unileon.es\/mebar\/wp-json\/wp\/v2\/pages\/2124","targetHints":{"allow":["GET"]}}],"collection":[{"href":"https:\/\/grupos.unileon.es\/mebar\/wp-json\/wp\/v2\/pages"}],"about":[{"href":"https:\/\/grupos.unileon.es\/mebar\/wp-json\/wp\/v2\/types\/page"}],"author":[{"embeddable":true,"href":"https:\/\/grupos.unileon.es\/mebar\/wp-json\/wp\/v2\/users\/16"}],"replies":[{"embeddable":true,"href":"https:\/\/grupos.unileon.es\/mebar\/wp-json\/wp\/v2\/comments?post=2124"}],"version-history":[{"count":1,"href":"https:\/\/grupos.unileon.es\/mebar\/wp-json\/wp\/v2\/pages\/2124\/revisions"}],"predecessor-version":[{"id":2125,"href":"https:\/\/grupos.unileon.es\/mebar\/wp-json\/wp\/v2\/pages\/2124\/revisions\/2125"}],"wp:attachment":[{"href":"https:\/\/grupos.unileon.es\/mebar\/wp-json\/wp\/v2\/media?parent=2124"}],"curies":[{"name":"wp","href":"https:\/\/api.w.org\/{rel}","templated":true}]}}