{"id":2217,"date":"2015-12-09T11:36:50","date_gmt":"2015-12-09T11:36:50","guid":{"rendered":"http:\/\/grupos.unileon.es\/mebar\/?page_id=2217"},"modified":"2015-12-09T11:57:21","modified_gmt":"2015-12-09T11:57:21","slug":"novedades-2013","status":"publish","type":"page","link":"https:\/\/grupos.unileon.es\/mebar\/novedades-2013\/","title":{"rendered":"Novedades. 2013"},"content":{"rendered":"<p><strong><span style=\"color: #993300;\">MAYO<\/span><span style=\"color: #993300;\"><strong>\u00a0<\/strong>2013<\/span><\/strong><\/p>\n<p>La Agrupaci\u00f3n de Ret\u00f3rica y Elocuencia organiz\u00f3 el 6 de mayo en el <em>Ateneo Cient\u00edfico, Literario y Art\u00edstico de Madrid<\/em>\u00a0 la presentaci\u00f3n de la Revista Literaria.<strong>\u00a0<\/strong><\/p>\n<p><strong><em><a href=\"http:\/\/www.ateneodemadrid.com\/index.php\/esl\/Agenda\/Actividades\/Presentacion-de-Isidora.-Revista-de-Estudios-Galdosianos\" rel=\"nofollow\">ISIDORA. Revista de Estudios Galdosianos<\/a>,<\/em><\/strong>\u00a02013,<strong>\u00a0<\/strong>n\u00ba 21<\/p>\n<p><a href=\"http:\/\/grupos.unileon.es\/mebar\/novedades\/presentacion-de-isidora_-revista-de-estudios-galdosianos_lineview-2\/\" rel=\"attachment wp-att-126\"><img loading=\"lazy\" decoding=\"async\" class=\" wp-image-126 alignright\" src=\"http:\/\/grupos.unileon.es\/mebar\/files\/2013\/07\/Presentacion-de-Isidora_-Revista-de-Estudios-Galdosianos_lineView1.jpg\" alt=\"Presentacion-de-Isidora_-Revista-de-Estudios-Galdosianos_lineView\" width=\"132\" height=\"187\" \/><\/a><\/p>\n<p>&nbsp;<\/p>\n<p>&nbsp;<\/p>\n<p>&nbsp;<\/p>\n<p>&nbsp;<\/p>\n<p>&nbsp;<\/p>\n<p>Participo en el evento, \u00c1ngeles Varela Olea, Directora del Observatorio Universitario de la Mujer, CEU.<\/p>\n<p><a href=\"http:\/\/grupos.unileon.es\/mebar\/novedades\/angeles-varela-revista-de-estudios-galdosianos-isidora\/\" rel=\"attachment wp-att-124\"><img loading=\"lazy\" decoding=\"async\" class=\"alignleft size-medium wp-image-124\" src=\"http:\/\/grupos.unileon.es\/mebar\/files\/2013\/07\/Angeles-Varela-Revista-de-Estudios-galdosianos-ISIDORA-300x200.jpg\" alt=\"Angeles Varela Revista de Estudios galdosianos ISIDORA\" width=\"300\" height=\"200\" srcset=\"https:\/\/grupos.unileon.es\/mebar\/files\/2013\/07\/Angeles-Varela-Revista-de-Estudios-galdosianos-ISIDORA-300x200.jpg 300w, https:\/\/grupos.unileon.es\/mebar\/files\/2013\/07\/Angeles-Varela-Revista-de-Estudios-galdosianos-ISIDORA-1024x682.jpg 1024w\" sizes=\"auto, (max-width: 300px) 100vw, 300px\" \/><\/a><\/p>\n<p>&nbsp;<\/p>\n<p>&nbsp;<\/p>\n<p>&nbsp;<\/p>\n<p>&nbsp;<\/p>\n<p>&nbsp;<\/p>\n<hr \/>\n<p>&nbsp;<\/p>\n<p><strong><span style=\"color: #993300;\">JUNIO 2013<\/span><\/strong><\/p>\n<h3><strong><span style=\"font-size: medium;\">REUNI\u00d3N SOBRE RET\u00d3RICA<\/span><\/strong><\/h3>\n<p>Concurrieron ocho grupos de investigaci\u00f3n sobre ret\u00f3rica de distintas universidades espa\u00f1olas.<\/p>\n<p>Se fijaron unas tarea comunes para la construcci\u00f3n de una red de investigaci\u00f3n y se decidi\u00f3 comprobar el estado de cumplimiento de estos compromisos y presentar resultados cient\u00edficos el 17 de enero de 2014.<\/p>\n<p>La reuni\u00f3n tuvo lugar\u00a0el 27 de junio\u00a0en la Facultad de Humanidades y Ciencias de la Comunicaci\u00f3n del CEU. Madrid, con la colaboraci\u00f3n de\u00a0 la Dra. D\u00aa M\u00aa del Carmen Ru\u00edz de la Cierva.<a href=\"http:\/\/grupos.unileon.es\/mebar\/novedades-3\/\">http:\/\/grupos.unileon.es\/mebar\/novedades-3\/<\/a><\/p>\n<hr \/>\n<p>&nbsp;<\/p>\n<p>&nbsp;<\/p>\n","protected":false},"excerpt":{"rendered":"<p>MAYO\u00a02013 La Agrupaci\u00f3n de Ret\u00f3rica y Elocuencia organiz\u00f3 el 6 de mayo en el Ateneo Cient\u00edfico, Literario y Art\u00edstico de Madrid\u00a0 la presentaci\u00f3n de la Revista Literaria.\u00a0 ISIDORA. Revista de Estudios Galdosianos,\u00a02013,\u00a0n\u00ba 21 &nbsp; &nbsp; &nbsp; &nbsp; &nbsp; Participo en el evento, \u00c1ngeles Varela Olea, Directora del Observatorio Universitario de la Mujer, CEU. &nbsp; &nbsp; [&hellip;]<\/p>\n","protected":false},"author":16,"featured_media":0,"parent":0,"menu_order":0,"comment_status":"closed","ping_status":"closed","template":"","meta":{"footnotes":""},"class_list":["post-2217","page","type-page","status-publish","hentry"],"_links":{"self":[{"href":"https:\/\/grupos.unileon.es\/mebar\/wp-json\/wp\/v2\/pages\/2217","targetHints":{"allow":["GET"]}}],"collection":[{"href":"https:\/\/grupos.unileon.es\/mebar\/wp-json\/wp\/v2\/pages"}],"about":[{"href":"https:\/\/grupos.unileon.es\/mebar\/wp-json\/wp\/v2\/types\/page"}],"author":[{"embeddable":true,"href":"https:\/\/grupos.unileon.es\/mebar\/wp-json\/wp\/v2\/users\/16"}],"replies":[{"embeddable":true,"href":"https:\/\/grupos.unileon.es\/mebar\/wp-json\/wp\/v2\/comments?post=2217"}],"version-history":[{"count":5,"href":"https:\/\/grupos.unileon.es\/mebar\/wp-json\/wp\/v2\/pages\/2217\/revisions"}],"predecessor-version":[{"id":2234,"href":"https:\/\/grupos.unileon.es\/mebar\/wp-json\/wp\/v2\/pages\/2217\/revisions\/2234"}],"wp:attachment":[{"href":"https:\/\/grupos.unileon.es\/mebar\/wp-json\/wp\/v2\/media?parent=2217"}],"curies":[{"name":"wp","href":"https:\/\/api.w.org\/{rel}","templated":true}]}}