{"id":2267,"date":"2016-01-08T18:19:31","date_gmt":"2016-01-08T18:19:31","guid":{"rendered":"http:\/\/grupos.unileon.es\/mebar\/?page_id=2267"},"modified":"2016-01-08T19:32:18","modified_gmt":"2016-01-08T19:32:18","slug":"novedades-2016","status":"publish","type":"page","link":"https:\/\/grupos.unileon.es\/mebar\/novedades-2016\/","title":{"rendered":"Novedades. 2016"},"content":{"rendered":"<p>Os informamos de la\u00a0nueva publicaci\u00f3n sobre l\u00e9xico ret\u00f3rico \u00a0que est\u00e1 ya a la venta:<\/p>\n<p><strong>S\u00e1nchez Manzano, \u00a0Mar\u00eda Asunci\u00f3n; Gallego Lorenzo, Josefa <\/strong>(Eds.). <em>La novela en la tradici\u00f3n ret\u00f3rica: conceptos ret\u00f3rico-po\u00e9ticos en la literatura espa\u00f1ola, francesa inglesa y alemana (1650-1900)<\/em>. Con la colab. de \u00c1lvarez Ord\u00f3\u00f1ez, Gemma; Arenas Dol\u00e7, Francisco; \u00a0Guti\u00e9rrez Vi\u00f1ayo, F\u00e9lix; Mari\u00f1o G\u00f3mez, Francisco Manuel; Perojo Arronte, M\u00aa Eugenia; Trabado Cabado, Jose Manuel; Varela Olea, M\u00aa \u00c1ngeles. Berl\u00edn: Logos Verlag, 2015.<\/p>\n<p><a href=\"http:\/\/grupos.unileon.es\/mebar\/novedades-2016\/novela-ingles\/\" rel=\"attachment wp-att-2272\"><img loading=\"lazy\" decoding=\"async\" class=\"size-medium wp-image-2272 alignright\" src=\"http:\/\/grupos.unileon.es\/mebar\/files\/2016\/01\/novela-ingles-226x300.jpg\" alt=\"novela-ingles\" width=\"226\" height=\"300\" srcset=\"https:\/\/grupos.unileon.es\/mebar\/files\/2016\/01\/novela-ingles-226x300.jpg 226w, https:\/\/grupos.unileon.es\/mebar\/files\/2016\/01\/novela-ingles.jpg 454w\" sizes=\"auto, (max-width: 226px) 100vw, 226px\" \/><\/a><\/p>\n<p><a href=\"http:\/\/grupos.unileon.es\/mebar\/novedades-2016\/novela-espanol\/\" rel=\"attachment wp-att-2271\"><img loading=\"lazy\" decoding=\"async\" class=\"alignleft size-medium wp-image-2271\" src=\"http:\/\/grupos.unileon.es\/mebar\/files\/2016\/01\/novela-espa\u00f1ol-226x300.jpg\" alt=\"novela-espa\u00f1ol\" width=\"226\" height=\"300\" srcset=\"https:\/\/grupos.unileon.es\/mebar\/files\/2016\/01\/novela-espa\u00f1ol-226x300.jpg 226w, https:\/\/grupos.unileon.es\/mebar\/files\/2016\/01\/novela-espa\u00f1ol.jpg 454w\" sizes=\"auto, (max-width: 226px) 100vw, 226px\" \/><\/a><\/p>\n","protected":false},"excerpt":{"rendered":"<p>Os informamos de la\u00a0nueva publicaci\u00f3n sobre l\u00e9xico ret\u00f3rico \u00a0que est\u00e1 ya a la venta: S\u00e1nchez Manzano, \u00a0Mar\u00eda Asunci\u00f3n; Gallego Lorenzo, Josefa (Eds.). La novela en la tradici\u00f3n ret\u00f3rica: conceptos ret\u00f3rico-po\u00e9ticos en la literatura espa\u00f1ola, francesa inglesa y alemana (1650-1900). Con la colab. de \u00c1lvarez Ord\u00f3\u00f1ez, Gemma; Arenas Dol\u00e7, Francisco; \u00a0Guti\u00e9rrez Vi\u00f1ayo, F\u00e9lix; Mari\u00f1o G\u00f3mez, Francisco [&hellip;]<\/p>\n","protected":false},"author":16,"featured_media":0,"parent":0,"menu_order":0,"comment_status":"closed","ping_status":"closed","template":"","meta":{"footnotes":""},"class_list":["post-2267","page","type-page","status-publish","hentry"],"_links":{"self":[{"href":"https:\/\/grupos.unileon.es\/mebar\/wp-json\/wp\/v2\/pages\/2267","targetHints":{"allow":["GET"]}}],"collection":[{"href":"https:\/\/grupos.unileon.es\/mebar\/wp-json\/wp\/v2\/pages"}],"about":[{"href":"https:\/\/grupos.unileon.es\/mebar\/wp-json\/wp\/v2\/types\/page"}],"author":[{"embeddable":true,"href":"https:\/\/grupos.unileon.es\/mebar\/wp-json\/wp\/v2\/users\/16"}],"replies":[{"embeddable":true,"href":"https:\/\/grupos.unileon.es\/mebar\/wp-json\/wp\/v2\/comments?post=2267"}],"version-history":[{"count":6,"href":"https:\/\/grupos.unileon.es\/mebar\/wp-json\/wp\/v2\/pages\/2267\/revisions"}],"predecessor-version":[{"id":2276,"href":"https:\/\/grupos.unileon.es\/mebar\/wp-json\/wp\/v2\/pages\/2267\/revisions\/2276"}],"wp:attachment":[{"href":"https:\/\/grupos.unileon.es\/mebar\/wp-json\/wp\/v2\/media?parent=2267"}],"curies":[{"name":"wp","href":"https:\/\/api.w.org\/{rel}","templated":true}]}}