{"id":303,"date":"2014-07-07T12:12:42","date_gmt":"2014-07-07T12:12:42","guid":{"rendered":"http:\/\/grupos.unileon.es\/mebar\/?page_id=303"},"modified":"2017-02-09T00:12:26","modified_gmt":"2017-02-09T00:12:26","slug":"mebar","status":"publish","type":"page","link":"https:\/\/grupos.unileon.es\/mebar\/mebar\/","title":{"rendered":"Mebar"},"content":{"rendered":"<p>MEBAR es el acr\u00f3nimo de <strong>ME<\/strong>JORANDO EL MUNDO: DEL <strong>BA<\/strong>RROCO AL\u00a0<strong>R<\/strong>OMANTICISMO que dio nombre al Grupo de Investigaci\u00f3n \u00a0en Ciencias Humanas (BB141) de la Universidad de Le\u00f3n.<\/p>\n<p><strong>L\u00edneas de Investigaci\u00f3n:<\/strong><\/p>\n<p class=\"dentro\">Filolog\u00eda latina. Estudios centrados en la tradici\u00f3n cl\u00e1sica. Ret\u00f3rica y narrativa de la Ilustraci\u00f3n al Romanticismo. Literatura neolatina, espa\u00f1ola, francesa, inglesa y alemana de los siglos XVII-XIX. Relaciones literarias y culturales entre Espa\u00f1a y otros pueblos europeos durante los siglos XVIII-XIX.<\/p>\n<p>Literatura Francesa, XIX , XX y XXI. Memorias y Literatura Fant\u00e1stica.<br \/>\nDid\u00e1ctica de la Lengua y la Literatura Francesa.<br \/>\nLiteratura y medios audiovisuales<\/p>\n<p class=\"dentro\">Archiv\u00edstica, Investigaci\u00f3n en Archivos, Actas medievales y de la Europa moderna.<br \/>\nInformaci\u00f3n y documentaci\u00f3n sobre artes figurativas.<\/p>\n","protected":false},"excerpt":{"rendered":"<p>MEBAR es el acr\u00f3nimo de MEJORANDO EL MUNDO: DEL BARROCO AL\u00a0ROMANTICISMO que dio nombre al Grupo de Investigaci\u00f3n \u00a0en Ciencias Humanas (BB141) de la Universidad de Le\u00f3n. L\u00edneas de Investigaci\u00f3n: Filolog\u00eda latina. Estudios centrados en la tradici\u00f3n cl\u00e1sica. Ret\u00f3rica y narrativa de la Ilustraci\u00f3n al Romanticismo. Literatura neolatina, espa\u00f1ola, francesa, inglesa y alemana de los [&hellip;]<\/p>\n","protected":false},"author":16,"featured_media":0,"parent":0,"menu_order":0,"comment_status":"closed","ping_status":"closed","template":"","meta":{"footnotes":""},"class_list":["post-303","page","type-page","status-publish","hentry"],"_links":{"self":[{"href":"https:\/\/grupos.unileon.es\/mebar\/wp-json\/wp\/v2\/pages\/303","targetHints":{"allow":["GET"]}}],"collection":[{"href":"https:\/\/grupos.unileon.es\/mebar\/wp-json\/wp\/v2\/pages"}],"about":[{"href":"https:\/\/grupos.unileon.es\/mebar\/wp-json\/wp\/v2\/types\/page"}],"author":[{"embeddable":true,"href":"https:\/\/grupos.unileon.es\/mebar\/wp-json\/wp\/v2\/users\/16"}],"replies":[{"embeddable":true,"href":"https:\/\/grupos.unileon.es\/mebar\/wp-json\/wp\/v2\/comments?post=303"}],"version-history":[{"count":3,"href":"https:\/\/grupos.unileon.es\/mebar\/wp-json\/wp\/v2\/pages\/303\/revisions"}],"predecessor-version":[{"id":2287,"href":"https:\/\/grupos.unileon.es\/mebar\/wp-json\/wp\/v2\/pages\/303\/revisions\/2287"}],"wp:attachment":[{"href":"https:\/\/grupos.unileon.es\/mebar\/wp-json\/wp\/v2\/media?parent=303"}],"curies":[{"name":"wp","href":"https:\/\/api.w.org\/{rel}","templated":true}]}}