{"id":329,"date":"2014-07-08T02:24:08","date_gmt":"2014-07-08T02:24:08","guid":{"rendered":"http:\/\/grupos.unileon.es\/mebar\/?page_id=329"},"modified":"2015-09-18T13:29:44","modified_gmt":"2015-09-18T13:29:44","slug":"ambiguitas-critica-literaria","status":"publish","type":"page","link":"https:\/\/grupos.unileon.es\/mebar\/ambiguitas-critica-literaria\/","title":{"rendered":"Ambiguitas. Critica literaria ingl\u00e9s"},"content":{"rendered":"<p><strong>CAMPBELL,<\/strong> George. <em>The Philosophy of Rhetoric. <\/em>London: V. Strahan and T. Cadell, \u00a01776. Impreso.<\/p>\n<p style=\"text-align: justify;\">[v. 1, p. 38] I come now to consider that species of double meaning which ariseth, not from the use of equivocal terms, but solely from the construction, and which I therefore distinguish by the name of ambiguity. This, of all the faults against perspicuity, it is in all languages the most difficult to avoid. There is not one of the parts of speech, which may not be placed as that, agreeably to the rules of grammar, it may be construed with different parts of the sentence, and, by consequence, made to exhibit different senses. Besides, a writing intent upon his subject is less apt to advert to those imperfections in his style, which occasion ambiguity than to any other. As no term or phrase he employs doth of itself suggest the false meaning, a manner of construing his wording different from that which is expressive of his sentiment will not so readily occur to his thoughts; and yet this erroneous manner of construing them may be the most obvious to the reader. I shall give examples of ambiguities in most of the parts of speech, beginning with the pronouns.<\/p>\n<hr \/>\n<p><strong>BLAIR, Hugh<\/strong>.\u00a0<em>Lectures on Rhetoric and Belles Lettr<\/em><em>es<\/em>. 1785<em>.\u00a0<\/em>Ed.\u00a0de Linda Ferreira-Buckley and S. Michael Halloram. \u00a0Carbondale: Southern Illinois University Press, 2005.<\/p>\n<p style=\"padding-left: 30px;\"><span style=\"color: #999999;\">Blair, Hugo.\u00a0<em>Lecciones sobre la ret\u00f3rica<\/em><em>\u00a0<\/em><em>y las bellas letras.\u00a0<\/em>Trad.<em>\u00a0<\/em>\u00a0Jos\u00e9 Luis Munarriz. \u00a0Madrid: Ibarra, 1817, 3\u00aa ed.<\/span><\/p>\n<p><strong>Blair.<\/strong><strong>\u00a0<\/strong>(Ed. \u00a0de Linda\u00a0Ferreira-Buckley and S. Michael Halloram)<strong>\u00a0<\/strong>2005<\/p>\n<p>[p. 111] Ambiguity arises from two causes: either from a wrong choice of words, or a wrong collocation of them.<\/p>\n<p style=\"padding-left: 30px;\"><span style=\"color: #999999;\">Blair \u00a0(trad. Munarriz, 273)<br \/>\nDe dos causas nace la ambig\u00fcedad: de la mala elecci\u00f3n de las palabras, \u00f3 de su mala colocaci\u00f3n.\u00a0<\/span><\/p>\n<hr \/>\n<p style=\"padding-left: 30px;\">\n","protected":false},"excerpt":{"rendered":"<p>CAMPBELL, George. The Philosophy of Rhetoric. London: V. Strahan and T. Cadell, \u00a01776. Impreso. [v. 1, p. 38] I come now to consider that species of double meaning which ariseth, not from the use of equivocal terms, but solely from the construction, and which I therefore distinguish by the name of ambiguity. This, of all [&hellip;]<\/p>\n","protected":false},"author":16,"featured_media":0,"parent":0,"menu_order":0,"comment_status":"closed","ping_status":"closed","template":"","meta":{"footnotes":""},"class_list":["post-329","page","type-page","status-publish","hentry"],"_links":{"self":[{"href":"https:\/\/grupos.unileon.es\/mebar\/wp-json\/wp\/v2\/pages\/329","targetHints":{"allow":["GET"]}}],"collection":[{"href":"https:\/\/grupos.unileon.es\/mebar\/wp-json\/wp\/v2\/pages"}],"about":[{"href":"https:\/\/grupos.unileon.es\/mebar\/wp-json\/wp\/v2\/types\/page"}],"author":[{"embeddable":true,"href":"https:\/\/grupos.unileon.es\/mebar\/wp-json\/wp\/v2\/users\/16"}],"replies":[{"embeddable":true,"href":"https:\/\/grupos.unileon.es\/mebar\/wp-json\/wp\/v2\/comments?post=329"}],"version-history":[{"count":12,"href":"https:\/\/grupos.unileon.es\/mebar\/wp-json\/wp\/v2\/pages\/329\/revisions"}],"predecessor-version":[{"id":1960,"href":"https:\/\/grupos.unileon.es\/mebar\/wp-json\/wp\/v2\/pages\/329\/revisions\/1960"}],"wp:attachment":[{"href":"https:\/\/grupos.unileon.es\/mebar\/wp-json\/wp\/v2\/media?parent=329"}],"curies":[{"name":"wp","href":"https:\/\/api.w.org\/{rel}","templated":true}]}}