{"id":42,"date":"2013-07-02T19:06:47","date_gmt":"2013-07-02T19:06:47","guid":{"rendered":"http:\/\/grupos.unileon.es\/mebar\/?page_id=42"},"modified":"2017-04-28T17:22:33","modified_gmt":"2017-04-28T17:22:33","slug":"participantes-del-grupo","status":"publish","type":"page","link":"https:\/\/grupos.unileon.es\/mebar\/participantes-del-grupo\/","title":{"rendered":"Participantes del grupo"},"content":{"rendered":"<ul>\n<li><a href=\"http:\/\/grupos.unileon.es\/mebar\/participantes-del-grupo\/gemma-alvarez\/\">Gemma \u00c1lvarez Ord\u00f3\u00f1ez<\/a>. Universidad de Le\u00f3n.<\/li>\n<li><a href=\"http:\/\/grupos.unileon.es\/mebar\/francisco-arenas-dolz\/\">Francisco Arenas-Dolz<\/a>. Universidad de Valencia.<\/li>\n<li><a href=\"http:\/\/grupos.unileon.es\/mebar\/josefa-gallego-lorenzo\/\">Josefa Gallego Lorenzo<\/a>. Universidad de Le\u00f3n.<\/li>\n<li>\n<div style=\"text-align: justify;\"><a href=\"http:\/\/grupos.unileon.es\/mebar\/cesar-gutierrez-vinayo\/ \">F\u00e9lix C\u00e9sar Guti\u00e9rrez Vi\u00f1ayo<\/a>. Universidad de Le\u00f3n.<\/div>\n<\/li>\n<li><a href=\" http:\/\/grupos.unileon.es\/mebar\/francisco-manuel-marino\/\">Francisco Manuel Mari\u00f1o<\/a>. Universidad de Valladolid.<\/li>\n<li><a href=\"http:\/\/grupos.unileon.es\/mebar\/ma-eugenia-perojo-arrone\/\">M\u00aa Eugenia Perojo Arronte<\/a>. Universidad de Valladolid.<\/li>\n<li><a href=\"http:\/\/grupos.unileon.es\/mebar\/jose-manuel-trabado-cabado\/ \">Jos\u00e9 Manuel Trabado Cabado<\/a>. Universidad de Le\u00f3n.<\/li>\n<li><a href=\"http:\/\/grupos.unileon.es\/mebar\/angeles-varela-olea\">\u00c1ngeles Varela Olea<\/a>.\u00a0Universidad CEU San Pablo (Madrid).<\/li>\n<\/ul>\n","protected":false},"excerpt":{"rendered":"<p>Gemma \u00c1lvarez Ord\u00f3\u00f1ez. Universidad de Le\u00f3n. Francisco Arenas-Dolz. Universidad de Valencia. Josefa Gallego Lorenzo. Universidad de Le\u00f3n. F\u00e9lix C\u00e9sar Guti\u00e9rrez Vi\u00f1ayo. Universidad de Le\u00f3n. Francisco Manuel Mari\u00f1o. Universidad de Valladolid. M\u00aa Eugenia Perojo Arronte. Universidad de Valladolid. Jos\u00e9 Manuel Trabado Cabado. Universidad de Le\u00f3n. \u00c1ngeles Varela Olea.\u00a0Universidad CEU San Pablo (Madrid).<\/p>\n","protected":false},"author":16,"featured_media":0,"parent":0,"menu_order":0,"comment_status":"closed","ping_status":"open","template":"","meta":{"footnotes":""},"class_list":["post-42","page","type-page","status-publish","hentry"],"_links":{"self":[{"href":"https:\/\/grupos.unileon.es\/mebar\/wp-json\/wp\/v2\/pages\/42","targetHints":{"allow":["GET"]}}],"collection":[{"href":"https:\/\/grupos.unileon.es\/mebar\/wp-json\/wp\/v2\/pages"}],"about":[{"href":"https:\/\/grupos.unileon.es\/mebar\/wp-json\/wp\/v2\/types\/page"}],"author":[{"embeddable":true,"href":"https:\/\/grupos.unileon.es\/mebar\/wp-json\/wp\/v2\/users\/16"}],"replies":[{"embeddable":true,"href":"https:\/\/grupos.unileon.es\/mebar\/wp-json\/wp\/v2\/comments?post=42"}],"version-history":[{"count":20,"href":"https:\/\/grupos.unileon.es\/mebar\/wp-json\/wp\/v2\/pages\/42\/revisions"}],"predecessor-version":[{"id":2289,"href":"https:\/\/grupos.unileon.es\/mebar\/wp-json\/wp\/v2\/pages\/42\/revisions\/2289"}],"wp:attachment":[{"href":"https:\/\/grupos.unileon.es\/mebar\/wp-json\/wp\/v2\/media?parent=42"}],"curies":[{"name":"wp","href":"https:\/\/api.w.org\/{rel}","templated":true}]}}