{"id":581,"date":"2014-10-10T10:02:24","date_gmt":"2014-10-10T10:02:24","guid":{"rendered":"http:\/\/grupos.unileon.es\/mebar\/?page_id=581"},"modified":"2014-10-10T10:02:24","modified_gmt":"2014-10-10T10:02:24","slug":"ma-asuncion-sanchez-manzano","status":"publish","type":"page","link":"https:\/\/grupos.unileon.es\/mebar\/ma-asuncion-sanchez-manzano\/","title":{"rendered":"M\u00aa Asunci\u00f3n S\u00e1nchez Manzano"},"content":{"rendered":"<p style=\"text-align: justify;\"><a href=\"http:\/\/grupos.unileon.es\/mebar\/files\/2013\/06\/Asun1.png\"><img loading=\"lazy\" decoding=\"async\" class=\"alignleft size-medium wp-image-34\" src=\"http:\/\/grupos.unileon.es\/mebar\/files\/2013\/06\/Asun1-235x300.png\" alt=\"Asun1\" width=\"235\" height=\"300\" srcset=\"https:\/\/grupos.unileon.es\/mebar\/files\/2013\/06\/Asun1-235x300.png 235w, https:\/\/grupos.unileon.es\/mebar\/files\/2013\/06\/Asun1.png 405w\" sizes=\"auto, (max-width: 235px) 100vw, 235px\" \/><\/a>Se ha dedicado al estudio de textos latinos, sobre todo los del periodo renacentista del humanismo espa\u00f1ol. En la etapa hist\u00f3rica a la que se refiere el proyecto <em>Ret\u00f3rica y ficci\u00f3n narrativa<\/em> ha trabajado en obras de Gregorio Mayans, Jakob y Christian Thomasius y Samuel Pufendorf. Tambi\u00e9n ha investigado las disciplinas medievales en Ram\u00f3n Llull, donde ha observado el problema de la enciclopedia y la tipolog\u00eda de los conceptos; ha consultado tambi\u00e9n la obra de autores de su \u00e9poca relacionados con la tradici\u00f3n del comentario derivada de la interpretaci\u00f3n del corpus aristot\u00e9lico.<\/p>\n<p style=\"text-align: justify;\">El comienzo de su actividad investigadora en la sem\u00e1ntica latina ha facilitado la l\u00ednea de trabajo sobre terminolog\u00eda intelectual (<em>intentio, censere, arbitrari<\/em>), expresiones para la deliberaci\u00f3n y decisi\u00f3n. Ha realizado varias estancias en Alemania dedicadas al estudio de la ret\u00f3rica humanista. Ha estudiado el uso y la evoluci\u00f3n del l\u00e9xico latino en el periodo cl\u00e1sico (tipolog\u00eda y fundamentos del vocabulario latino en su uso literario) y del Renacimiento europeo (tradici\u00f3n de la filosof\u00eda y uso de la lengua latina, la preceptiva<em> De usu uerborum<\/em>) junto con las t\u00e9cnicas de composici\u00f3n ret\u00f3rica (aprendizaje de la lengua latina para la composici\u00f3n literaria, an\u00e1lisis de lengua y estilo de diferentes obras, t\u00e9cnicas de composici\u00f3n de los pr\u00f3logos a la Biblia de Arias Montano, sobre la teor\u00eda de la imitaci\u00f3n y la renovaci\u00f3n del l\u00e9xico renacentista latino). En esa l\u00ednea ha estudiado la evoluci\u00f3n de las definiciones de la ret\u00f3rica como disciplina desde la \u00e9poca medieval a la renacentista y barroca (concepto y funciones de la ret\u00f3rica, la ret\u00f3rica y su significado seg\u00fan los tratados de esa disciplina hasta 1650).<\/p>\n<p style=\"text-align: justify;\">Obtuvo un proyecto de la ULE por un a\u00f1o sobre <em>Estil\u00edstica Latina<\/em> en 2003; otro en diciembre de 2010 para el grupo MEBAR, origen del grupo de investigaci\u00f3n actual, y cuyo fruto fue la publicaci\u00f3n <em>Ret\u00f3rica de la Felicidad<\/em>, G. \u00c1lvarez Ord\u00f3\u00f1ez ed., (Palermo 2011). Ha dedicado varios trabajos al estudio de las fuentes y estructura de la edici\u00f3n de Hernando Alonso de Herrera, <em>Aduersus Aristotelem y al Rhetoricorum Libri V<\/em> de Jorge de Trebisonda.<\/p>\n<p>Ha publicado <em>Vida en las palabras. La palabra literaria en lat\u00edn antiguo<\/em> (2012). <em>Jorge de Trebisonda. Ret\u00f3rica libros I y II<\/em>, Madrid, Tecnos, 2012; \u201cBernard Le Bovier de Fontenelle y Alfons A. Sarasa. Una ret\u00f3rica de la felicidad\u201d, <em>Romanische Forschungen<\/em> 124, 4, 2012, 471-489. \u201cEl discurso \u2018De felicitate literatorum\u2019 de Jakob Thomasius\u201d, <em>Relat<\/em> 12 (2012) 91-107.<\/p>\n","protected":false},"excerpt":{"rendered":"<p>Se ha dedicado al estudio de textos latinos, sobre todo los del periodo renacentista del humanismo espa\u00f1ol. En la etapa hist\u00f3rica a la que se refiere el proyecto Ret\u00f3rica y ficci\u00f3n narrativa ha trabajado en obras de Gregorio Mayans, Jakob y Christian Thomasius y Samuel Pufendorf. Tambi\u00e9n ha investigado las disciplinas medievales en Ram\u00f3n Llull, [&hellip;]<\/p>\n","protected":false},"author":16,"featured_media":0,"parent":0,"menu_order":0,"comment_status":"closed","ping_status":"closed","template":"","meta":{"footnotes":""},"class_list":["post-581","page","type-page","status-publish","hentry"],"_links":{"self":[{"href":"https:\/\/grupos.unileon.es\/mebar\/wp-json\/wp\/v2\/pages\/581","targetHints":{"allow":["GET"]}}],"collection":[{"href":"https:\/\/grupos.unileon.es\/mebar\/wp-json\/wp\/v2\/pages"}],"about":[{"href":"https:\/\/grupos.unileon.es\/mebar\/wp-json\/wp\/v2\/types\/page"}],"author":[{"embeddable":true,"href":"https:\/\/grupos.unileon.es\/mebar\/wp-json\/wp\/v2\/users\/16"}],"replies":[{"embeddable":true,"href":"https:\/\/grupos.unileon.es\/mebar\/wp-json\/wp\/v2\/comments?post=581"}],"version-history":[{"count":1,"href":"https:\/\/grupos.unileon.es\/mebar\/wp-json\/wp\/v2\/pages\/581\/revisions"}],"predecessor-version":[{"id":582,"href":"https:\/\/grupos.unileon.es\/mebar\/wp-json\/wp\/v2\/pages\/581\/revisions\/582"}],"wp:attachment":[{"href":"https:\/\/grupos.unileon.es\/mebar\/wp-json\/wp\/v2\/media?parent=581"}],"curies":[{"name":"wp","href":"https:\/\/api.w.org\/{rel}","templated":true}]}}