{"id":669,"date":"2014-10-10T12:14:23","date_gmt":"2014-10-10T12:14:23","guid":{"rendered":"http:\/\/grupos.unileon.es\/mebar\/?page_id=669"},"modified":"2015-10-05T23:57:47","modified_gmt":"2015-10-05T23:57:47","slug":"allegoria-2","status":"publish","type":"page","link":"https:\/\/grupos.unileon.es\/mebar\/allegoria-2\/","title":{"rendered":"Allegoria"},"content":{"rendered":"<p><strong>1. DEFINICI\u00d3N<\/strong><br \/>\n1.1. <a href=\"http:\/\/grupos.unileon.es\/mebar\/allegoria-definicion-latin\/\">Textos latinos<\/a><br \/>\n1.2. <a href=\"http:\/\/grupos.unileon.es\/mebar\/allegoria-definicion-aleman\/\">Textos alemanes<\/a><br \/>\n1.3. <a href=\"http:\/\/grupos.unileon.es\/mebar\/allegoria-definicion-frances\/\">Textos franceses<\/a><br \/>\n1.4. <a href=\"http:\/\/grupos.unileon.es\/mebar\/allegoria-definicion-ingles\/\">Textos ingleses<br \/>\n1<\/a>.5. <a href=\"http:\/\/grupos.unileon.es\/mebar\/allegoria-definicion-espanol\/\">Textos espa\u00f1oles<\/a><\/p>\n<p><strong>2. RECEPCI\u00d3N<\/strong><br \/>\n2.1.\u00a0<a title=\"Allegoria. Recepci\u00f3n latina\" href=\"http:\/\/grupos.unileon.es\/mebar\/allegoria-2-1-recepcion-latina\/\">Textos latinos<\/a><br \/>\n2.2. <a href=\"http:\/\/grupos.unileon.es\/mebar\/allegoria-recepcion-alemana\/\">Textos alemanes<\/a><br \/>\n2.3. <a href=\"http:\/\/grupos.unileon.es\/mebar\/allegorie-recepcion-francesa\/\">Textos franceses<\/a><br \/>\n2.4. Textos ingleses<br \/>\n2.5. <a href=\"http:\/\/grupos.unileon.es\/mebar\/allegoria-recepcion-espanol\/\">Textos espa\u00f1oles<\/a><\/p>\n<p><strong>3. CR\u00cdTICA<br \/>\n<\/strong>3.1 <a href=\"http:\/\/grupos.unileon.es\/mebar\/allegoria-critica-literaria-aleman\/\">Textos alemanes<br \/>\n<\/a>3.2 <a href=\"http:\/\/grupos.unileon.es\/mebar\/allegoria-critica-literaria-frances-2\/\">Textos franceses<\/a><br \/>\n3.3\u00a0<a title=\"Allegoria. Cr\u00edtica literaria ingl\u00e9s\" href=\"http:\/\/grupos.unileon.es\/mebar\/allegoria-critica-literaria\/\">Textos ingleses<br \/>\n3<\/a>.4 <a href=\"http:\/\/grupos.unileon.es\/mebar\/allegoria-critica-espanol-2\/\">Textos espa\u00f1oles<\/a><\/p>\n<p><strong>4. REFERENTES O MODELOS LITERARIOS<\/strong><\/p>\n<p><strong>5. <a href=\"http:\/\/grupos.unileon.es\/mebar\/allegoria-bibliografia\/\">BIBLIOGRAF\u00cdA<\/a><\/strong><\/p>\n","protected":false},"excerpt":{"rendered":"<p>1. DEFINICI\u00d3N 1.1. Textos latinos 1.2. Textos alemanes 1.3. Textos franceses 1.4. Textos ingleses 1.5. Textos espa\u00f1oles 2. RECEPCI\u00d3N 2.1.\u00a0Textos latinos 2.2. Textos alemanes 2.3. Textos franceses 2.4. Textos ingleses 2.5. Textos espa\u00f1oles 3. CR\u00cdTICA 3.1 Textos alemanes 3.2 Textos franceses 3.3\u00a0Textos ingleses 3.4 Textos espa\u00f1oles 4. REFERENTES O MODELOS LITERARIOS 5. BIBLIOGRAF\u00cdA<\/p>\n","protected":false},"author":16,"featured_media":0,"parent":0,"menu_order":0,"comment_status":"closed","ping_status":"closed","template":"","meta":{"footnotes":""},"class_list":["post-669","page","type-page","status-publish","hentry"],"_links":{"self":[{"href":"https:\/\/grupos.unileon.es\/mebar\/wp-json\/wp\/v2\/pages\/669","targetHints":{"allow":["GET"]}}],"collection":[{"href":"https:\/\/grupos.unileon.es\/mebar\/wp-json\/wp\/v2\/pages"}],"about":[{"href":"https:\/\/grupos.unileon.es\/mebar\/wp-json\/wp\/v2\/types\/page"}],"author":[{"embeddable":true,"href":"https:\/\/grupos.unileon.es\/mebar\/wp-json\/wp\/v2\/users\/16"}],"replies":[{"embeddable":true,"href":"https:\/\/grupos.unileon.es\/mebar\/wp-json\/wp\/v2\/comments?post=669"}],"version-history":[{"count":26,"href":"https:\/\/grupos.unileon.es\/mebar\/wp-json\/wp\/v2\/pages\/669\/revisions"}],"predecessor-version":[{"id":2184,"href":"https:\/\/grupos.unileon.es\/mebar\/wp-json\/wp\/v2\/pages\/669\/revisions\/2184"}],"wp:attachment":[{"href":"https:\/\/grupos.unileon.es\/mebar\/wp-json\/wp\/v2\/media?parent=669"}],"curies":[{"name":"wp","href":"https:\/\/api.w.org\/{rel}","templated":true}]}}