{"id":73,"date":"2013-07-03T16:17:31","date_gmt":"2013-07-03T16:17:31","guid":{"rendered":"http:\/\/grupos.unileon.es\/mebar\/?page_id=73"},"modified":"2013-12-20T16:21:05","modified_gmt":"2013-12-20T16:21:05","slug":"gemma-alvarez","status":"publish","type":"page","link":"https:\/\/grupos.unileon.es\/mebar\/participantes-del-grupo\/gemma-alvarez\/","title":{"rendered":"Gemma \u00c1lvarez Ord\u00f3\u00f1ez"},"content":{"rendered":"<p><a href=\"http:\/\/grupos.unileon.es\/mebar\/files\/2013\/07\/Foto-Gemma.jpg\"><img loading=\"lazy\" decoding=\"async\" class=\"alignleft size-medium wp-image-74\" style=\"border: white 10px solid;\" alt=\"Foto Gemma\" src=\"http:\/\/grupos.unileon.es\/mebar\/files\/2013\/07\/Foto-Gemma-203x300.jpg\" width=\"136\" height=\"175\" \/><\/a>Profesora titular de Filolog\u00eda Francesa en la Universidad de Le\u00f3n; realiz\u00f3 sus estudios universitarios de E.F.P.E (Licence) y de Lettres Modernes, (Licence, Ma\u00eetrise et D.E.A.), en la Sorbona, Par\u00eds. Finalizar\u00eda el tercer ciclo, con una Tesis sobre Chateaubriand: <i>Chateaubriand, el eterno caballero errante en las Memorias de Ultra Tumba<\/i>.<\/p>\n<p>En Le\u00f3n organiz\u00f3 un Congreso Internacional sobre este autor <i>Chateaubriand, qui \u00eates-vous?,<\/i> al que ha dedicado muchos a\u00f1os de su labor investigadora, como lo prueban sus publicaciones: \u201cLes femmes dans les M\u00e9moires d\u00b4outre-Tombe\u201d; \u201cDe la femme objet chez certains philosophes \u00e0 la sylphide de Chateaubriand\u201d; \u201cLes demeures de Chateaubriand, lieu de passage du Juif errant\u201d; \u201cChateaubriand et les salons\u201d; \u00abLe bonheur dans les voies communes\u00bb.<\/p>\n<p>Caben destacar otros temas de investigaci\u00f3n sobre Literatura Fant\u00e1stica y m\u00e1s en concreto sobre <i>Les Contes Cruels de Villiers de l\u00b4Isle Adam <\/i>como<i>:<\/i> \u201cL\u00b4aventure dans les Contes Cruels de Villiers de l\u00b4Isle-Adam\u201d, y <i>Les Contes Fantastiques de Th\u00e9ophile Gautier <\/i>como:<i> <\/i>\u201cL\u00b4Aventure r\u00e9elle et fictive dans les Contes fantastiques de Th\u00e9ophile Gautier\u201d y\u00a0\u201cLes femmes dans les Contes fantastiques de Th\u00e9ophile Gautier\u201d.<\/p>\n<p>Tambi\u00e9n se ha interesado sobre literatura femenina francesa: \u201cLas escritoras de la literatura francesa y franc\u00f3fona\u201d publicado, en\u00a0<i>Revista Historia y Vida. A<\/i>s\u00ed como por las adaptaciones cinematogr\u00e1ficas de textos literarios: \u00abL\u00b4adaptation d\u00b4un texte litt\u00e9raire: <i>Le Colonel Chabert, de H. de Balzac, Le Colonel Chabert, de Yves Ang\u00e9lo<\/i>\u00ab; \u00abBel-Ami de Maupassant et Bel-Ami de Philippe Triboit\u00bb.<\/p>\n<p>Actualmente investiga sobre la Ret\u00f3rica que ampl\u00eda y profundiza la l\u00ednea seguida por nuestro grupo MEBAR, de Estudios del Barroco al Romanticismo cuyo resultado fue la publicaci\u00f3n del libro, <i>Ret\u00f3rica de la felicidad<\/i>, (Gemma \u00c1lvarez Ord\u00f3\u00f1ez ed.)<\/p>\n","protected":false},"excerpt":{"rendered":"<p>Profesora titular de Filolog\u00eda Francesa en la Universidad de Le\u00f3n; realiz\u00f3 sus estudios universitarios de E.F.P.E (Licence) y de Lettres Modernes, (Licence, Ma\u00eetrise et D.E.A.), en la Sorbona, Par\u00eds. Finalizar\u00eda el tercer ciclo, con una Tesis sobre Chateaubriand: Chateaubriand, el eterno caballero errante en las Memorias de Ultra Tumba. En Le\u00f3n organiz\u00f3 un Congreso Internacional [&hellip;]<\/p>\n","protected":false},"author":16,"featured_media":0,"parent":42,"menu_order":0,"comment_status":"closed","ping_status":"closed","template":"","meta":{"footnotes":""},"class_list":["post-73","page","type-page","status-publish","hentry"],"_links":{"self":[{"href":"https:\/\/grupos.unileon.es\/mebar\/wp-json\/wp\/v2\/pages\/73","targetHints":{"allow":["GET"]}}],"collection":[{"href":"https:\/\/grupos.unileon.es\/mebar\/wp-json\/wp\/v2\/pages"}],"about":[{"href":"https:\/\/grupos.unileon.es\/mebar\/wp-json\/wp\/v2\/types\/page"}],"author":[{"embeddable":true,"href":"https:\/\/grupos.unileon.es\/mebar\/wp-json\/wp\/v2\/users\/16"}],"replies":[{"embeddable":true,"href":"https:\/\/grupos.unileon.es\/mebar\/wp-json\/wp\/v2\/comments?post=73"}],"version-history":[{"count":10,"href":"https:\/\/grupos.unileon.es\/mebar\/wp-json\/wp\/v2\/pages\/73\/revisions"}],"predecessor-version":[{"id":232,"href":"https:\/\/grupos.unileon.es\/mebar\/wp-json\/wp\/v2\/pages\/73\/revisions\/232"}],"up":[{"embeddable":true,"href":"https:\/\/grupos.unileon.es\/mebar\/wp-json\/wp\/v2\/pages\/42"}],"wp:attachment":[{"href":"https:\/\/grupos.unileon.es\/mebar\/wp-json\/wp\/v2\/media?parent=73"}],"curies":[{"name":"wp","href":"https:\/\/api.w.org\/{rel}","templated":true}]}}