{"id":83,"date":"2013-07-03T16:30:32","date_gmt":"2013-07-03T16:30:32","guid":{"rendered":"http:\/\/grupos.unileon.es\/mebar\/?page_id=83"},"modified":"2013-12-20T16:25:52","modified_gmt":"2013-12-20T16:25:52","slug":"francisco-arenas-dolz","status":"publish","type":"page","link":"https:\/\/grupos.unileon.es\/mebar\/participantes-del-grupo\/francisco-arenas-dolz\/","title":{"rendered":"Francisco Arenas-Dolz"},"content":{"rendered":"<p style=\"text-align: justify;\"><a href=\"http:\/\/grupos.unileon.es\/mebar\/files\/2013\/07\/Dolz-Arenas.jpg\"><img loading=\"lazy\" decoding=\"async\" class=\"alignleft size-medium wp-image-85\" style=\"border: white 10px solid;\" alt=\"Dolz-Arenas\" src=\"http:\/\/grupos.unileon.es\/mebar\/files\/2013\/07\/Dolz-Arenas-300x200.jpg\" width=\"223\" height=\"147\" \/><\/a>Doctor en Filosof\u00eda y Licenciado en Filolog\u00eda Cl\u00e1sica por la Universidad de Valencia. Licenciado en Estudios Eclesi\u00e1sticos por la Facultad de Teolog\u00eda \u201cSan Vicente Ferrer\u201d de Valencia. Becado por el Real Colegio de Espa\u00f1a, ampli\u00f3 estudios en la Universidad de Bolonia, donde realiz\u00f3 una segunda tesis doctoral. Profesor visitante de la Universidad de Tur\u00edn (2002), de la Universidad de Par\u00eds IV-Sorbona (2003), de la Universidad Nacional Aut\u00f3noma de M\u00e9xico (2003), de la Universidad de Mainz (2004), del Colegio Universitario del Sur de Estocolmo (2004), de la Universidad de Georgetown (2006) y de Universidad de Oxford (2010). De 2004 a 2008 fue Profesor Ayudante de Filosof\u00eda Moral y Pol\u00edtica en la Universidad de Valencia; de 2008 a 2012, Profesor Ayudante Doctor en la misma Universidad. En 2012 recibi\u00f3 la acreditaci\u00f3n de la ANECA para el cuerpo de Profesores Titulares de Universidad. Actualmente es Profesor Contratado Doctor en la Universidad de Valencia y coordinador del primer curso de Grado en Filosof\u00eda.<\/p>\n<p style=\"text-align: justify;\">Es miembro del consejo de redacci\u00f3n de diversas revistas nacionales e internacionales. En 1993 obtuvo el I Premio de Poes\u00eda Miguel Hern\u00e1ndez; en 1994, el II Premio de Poes\u00eda Miguel Hern\u00e1ndez y el Premio de Poes\u00eda Joan Fuster; y, en 1995, el Premio Solstici de Poes\u00eda. Premio Extraordinario de Doctorado (2008).<\/p>\n","protected":false},"excerpt":{"rendered":"<p>Doctor en Filosof\u00eda y Licenciado en Filolog\u00eda Cl\u00e1sica por la Universidad de Valencia. Licenciado en Estudios Eclesi\u00e1sticos por la Facultad de Teolog\u00eda \u201cSan Vicente Ferrer\u201d de Valencia. Becado por el Real Colegio de Espa\u00f1a, ampli\u00f3 estudios en la Universidad de Bolonia, donde realiz\u00f3 una segunda tesis doctoral. Profesor visitante de la Universidad de Tur\u00edn (2002), [&hellip;]<\/p>\n","protected":false},"author":16,"featured_media":0,"parent":42,"menu_order":0,"comment_status":"closed","ping_status":"closed","template":"","meta":{"footnotes":""},"class_list":["post-83","page","type-page","status-publish","hentry"],"_links":{"self":[{"href":"https:\/\/grupos.unileon.es\/mebar\/wp-json\/wp\/v2\/pages\/83","targetHints":{"allow":["GET"]}}],"collection":[{"href":"https:\/\/grupos.unileon.es\/mebar\/wp-json\/wp\/v2\/pages"}],"about":[{"href":"https:\/\/grupos.unileon.es\/mebar\/wp-json\/wp\/v2\/types\/page"}],"author":[{"embeddable":true,"href":"https:\/\/grupos.unileon.es\/mebar\/wp-json\/wp\/v2\/users\/16"}],"replies":[{"embeddable":true,"href":"https:\/\/grupos.unileon.es\/mebar\/wp-json\/wp\/v2\/comments?post=83"}],"version-history":[{"count":5,"href":"https:\/\/grupos.unileon.es\/mebar\/wp-json\/wp\/v2\/pages\/83\/revisions"}],"predecessor-version":[{"id":238,"href":"https:\/\/grupos.unileon.es\/mebar\/wp-json\/wp\/v2\/pages\/83\/revisions\/238"}],"up":[{"embeddable":true,"href":"https:\/\/grupos.unileon.es\/mebar\/wp-json\/wp\/v2\/pages\/42"}],"wp:attachment":[{"href":"https:\/\/grupos.unileon.es\/mebar\/wp-json\/wp\/v2\/media?parent=83"}],"curies":[{"name":"wp","href":"https:\/\/api.w.org\/{rel}","templated":true}]}}