{"id":835,"date":"2015-06-18T11:07:05","date_gmt":"2015-06-18T11:07:05","guid":{"rendered":"http:\/\/grupos.unileon.es\/mebar\/?page_id=835"},"modified":"2015-09-18T09:42:09","modified_gmt":"2015-09-18T09:42:09","slug":"ambiguitas-recepcion-francesa","status":"publish","type":"page","link":"https:\/\/grupos.unileon.es\/mebar\/ambiguitas-recepcion-francesa\/","title":{"rendered":"Ambiguitas. Recepci\u00f3n francesa"},"content":{"rendered":"<p><strong><em>Encyclop\u00e9die M\u00e9thodique.<\/em><\/strong><em>\u00a0Grammaire et litt\u00e9rature.<\/em>\u00a0Paris: Chez Panckoucke Libraire, 1782. 3 Vols.<\/p>\n<p><em>Encyclop\u00e9die M\u00e9thodique<\/em>, 1782. T. 1<\/p>\n<p style=\"text-align: justify;\">[p. 148] Incertitude fur le vrai sens d\u2019une expression\u00a0: ce qui peut venir, ou de ce que l\u2019expression, trop g\u00e9n\u00e9rale, pr\u00e9sente n\u00e9cessairement un sens ind\u00e9termin\u00e9 &amp; par l\u00e0 incertain\u00a0; ou de ce que la phrase embarrasse l\u2019esprit par un tour amphibologique, qui la rend \u00e9quivoque ou louche. C\u2019est donc un vice d\u2019\u00e9locution oppose \u00e0 la perspicu\u00eft\u00e9 qui est le m\u00e9rite essentiel de tout discours.<\/p>\n<p>&nbsp;<\/p>\n<p>&nbsp;<\/p>\n<p>&nbsp;<\/p>\n<p>&nbsp;<\/p>\n<p>&nbsp;<\/p>\n<p>&nbsp;<\/p>\n","protected":false},"excerpt":{"rendered":"<p>Encyclop\u00e9die M\u00e9thodique.\u00a0Grammaire et litt\u00e9rature.\u00a0Paris: Chez Panckoucke Libraire, 1782. 3 Vols. Encyclop\u00e9die M\u00e9thodique, 1782. T. 1 [p. 148] Incertitude fur le vrai sens d\u2019une expression\u00a0: ce qui peut venir, ou de ce que l\u2019expression, trop g\u00e9n\u00e9rale, pr\u00e9sente n\u00e9cessairement un sens ind\u00e9termin\u00e9 &amp; par l\u00e0 incertain\u00a0; ou de ce que la phrase embarrasse l\u2019esprit par un tour [&hellip;]<\/p>\n","protected":false},"author":16,"featured_media":0,"parent":0,"menu_order":0,"comment_status":"closed","ping_status":"closed","template":"","meta":{"footnotes":""},"class_list":["post-835","page","type-page","status-publish","hentry"],"_links":{"self":[{"href":"https:\/\/grupos.unileon.es\/mebar\/wp-json\/wp\/v2\/pages\/835","targetHints":{"allow":["GET"]}}],"collection":[{"href":"https:\/\/grupos.unileon.es\/mebar\/wp-json\/wp\/v2\/pages"}],"about":[{"href":"https:\/\/grupos.unileon.es\/mebar\/wp-json\/wp\/v2\/types\/page"}],"author":[{"embeddable":true,"href":"https:\/\/grupos.unileon.es\/mebar\/wp-json\/wp\/v2\/users\/16"}],"replies":[{"embeddable":true,"href":"https:\/\/grupos.unileon.es\/mebar\/wp-json\/wp\/v2\/comments?post=835"}],"version-history":[{"count":5,"href":"https:\/\/grupos.unileon.es\/mebar\/wp-json\/wp\/v2\/pages\/835\/revisions"}],"predecessor-version":[{"id":1912,"href":"https:\/\/grupos.unileon.es\/mebar\/wp-json\/wp\/v2\/pages\/835\/revisions\/1912"}],"wp:attachment":[{"href":"https:\/\/grupos.unileon.es\/mebar\/wp-json\/wp\/v2\/media?parent=835"}],"curies":[{"name":"wp","href":"https:\/\/api.w.org\/{rel}","templated":true}]}}