{"id":858,"date":"2015-06-18T12:54:23","date_gmt":"2015-06-18T12:54:23","guid":{"rendered":"http:\/\/grupos.unileon.es\/mebar\/?page_id=858"},"modified":"2015-09-18T00:35:05","modified_gmt":"2015-09-18T00:35:05","slug":"auctoritas-critica-literaria-aleman","status":"publish","type":"page","link":"https:\/\/grupos.unileon.es\/mebar\/auctoritas-critica-literaria-aleman\/","title":{"rendered":"Auctoritas. Cr\u00edtica literaria alem\u00e1n"},"content":{"rendered":"<p><strong>SCHLEGEL, F.<\/strong> <em>Literary Notebooks 1797-1801.<\/em>\u00a0Ed. H. Eichner. London: Athlone, 1957.<\/p>\n<p><strong>WERNLY<\/strong>, Julia, Prolegomena zu einem Lexikon der \u00e4sthetisch-ethischen Terminologie Friedrich Schiller. Leipzig, 1909.<\/p>\n<p><strong>Michael Wetzel,<\/strong> Vol. 1, Auctor \/ Autor<\/p>\n<p style=\"text-align: justify;\">[p. 519] Zwei begriffgeschichtliche Tendenzen eines \u00e4s-\/p. 520 thetischen Eskapismus bestimmen folglich den Wandel der romantischen Autor- und K\u00fcnstlervorstellung eine apotheotische \u00dcberzeichnung der religi\u00f6sen Komponenten von k\u00fcnstlerischem Sch\u00f6pfertum zum Erl\u00f6ser-\/Sehertypus, der seine heilgeschichtliche Funktion aber zugunsten der s\u00e4kular-rhetorischen Stilisierung eines romantischen Lebensgef\u00fchls verloren hat; und die Suspendierung objektiver Gestaltung im Sinne einer Undarstellbarkeit unendlicher Autorschaft. Die radikale Begr\u00fcndung des Subjektivit\u00e4tsideals von Autonomie im existenziellen Apriori individueller Authentizit\u00e4t impliziert eine Lesart des Kunstwerks als Allegorie des Autor\/K\u00fcnstler-Genies als verbogener \u201ealter deus\u201c. Die darstellenden Anstrengungen konzentrieren sich folglich auf die Restitution des sch\u00f6pferischen Actus in Opus [Von Matt, P. Die Augen der Automaten. E.T.A. Hoffmanns Imaginationslehre als Prinzip seiner Erz\u00e4hlkunst, T\u00fcbingen, 1971, 30].<\/p>\n","protected":false},"excerpt":{"rendered":"<p>SCHLEGEL, F. Literary Notebooks 1797-1801.\u00a0Ed. H. Eichner. London: Athlone, 1957. WERNLY, Julia, Prolegomena zu einem Lexikon der \u00e4sthetisch-ethischen Terminologie Friedrich Schiller. Leipzig, 1909. Michael Wetzel, Vol. 1, Auctor \/ Autor [p. 519] Zwei begriffgeschichtliche Tendenzen eines \u00e4s-\/p. 520 thetischen Eskapismus bestimmen folglich den Wandel der romantischen Autor- und K\u00fcnstlervorstellung eine apotheotische \u00dcberzeichnung der religi\u00f6sen Komponenten [&hellip;]<\/p>\n","protected":false},"author":16,"featured_media":0,"parent":0,"menu_order":0,"comment_status":"closed","ping_status":"closed","template":"","meta":{"footnotes":""},"class_list":["post-858","page","type-page","status-publish","hentry"],"_links":{"self":[{"href":"https:\/\/grupos.unileon.es\/mebar\/wp-json\/wp\/v2\/pages\/858","targetHints":{"allow":["GET"]}}],"collection":[{"href":"https:\/\/grupos.unileon.es\/mebar\/wp-json\/wp\/v2\/pages"}],"about":[{"href":"https:\/\/grupos.unileon.es\/mebar\/wp-json\/wp\/v2\/types\/page"}],"author":[{"embeddable":true,"href":"https:\/\/grupos.unileon.es\/mebar\/wp-json\/wp\/v2\/users\/16"}],"replies":[{"embeddable":true,"href":"https:\/\/grupos.unileon.es\/mebar\/wp-json\/wp\/v2\/comments?post=858"}],"version-history":[{"count":5,"href":"https:\/\/grupos.unileon.es\/mebar\/wp-json\/wp\/v2\/pages\/858\/revisions"}],"predecessor-version":[{"id":1835,"href":"https:\/\/grupos.unileon.es\/mebar\/wp-json\/wp\/v2\/pages\/858\/revisions\/1835"}],"wp:attachment":[{"href":"https:\/\/grupos.unileon.es\/mebar\/wp-json\/wp\/v2\/media?parent=858"}],"curies":[{"name":"wp","href":"https:\/\/api.w.org\/{rel}","templated":true}]}}