{"id":88,"date":"2013-07-03T16:50:58","date_gmt":"2013-07-03T16:50:58","guid":{"rendered":"http:\/\/grupos.unileon.es\/mebar\/?page_id=88"},"modified":"2013-12-20T16:26:31","modified_gmt":"2013-12-20T16:26:31","slug":"josefa-gallego-lorenzo","status":"publish","type":"page","link":"https:\/\/grupos.unileon.es\/mebar\/participantes-del-grupo\/josefa-gallego-lorenzo\/","title":{"rendered":"Josefa Gallego Lorenzo"},"content":{"rendered":"<p style=\"text-align: justify;\"><a href=\"http:\/\/grupos.unileon.es\/mebar\/files\/2013\/07\/Fina-2012.jpg\"><img loading=\"lazy\" decoding=\"async\" class=\"alignleft size-medium wp-image-89\" style=\"border: white 10px solid;\" alt=\"Fina-2012\" src=\"http:\/\/grupos.unileon.es\/mebar\/files\/2013\/07\/Fina-2012-251x300.jpg\" width=\"173\" height=\"200\" \/><\/a>Profesora del \u00c1rea de Biblioteconom\u00eda y Documentaci\u00f3n de la Universidad de Le\u00f3n. Doctora en Historia del Arte y Licenciada en Geograf\u00eda e Historia por la Universidad de Santiago de Compostela. Realiz\u00f3 un DEA en la \u00c9cole des Hautes \u00c9tudes en Sciences Sociales, Paris. Una beca de investigaci\u00f3n le permiti\u00f3 trabajar en el Corpus des \u00c9maux M\u00e9ridionaux del CNRS, en Paris, cuyo resultado fue la realizaci\u00f3n de su tesis doctoral sobre las <i>Fuentes de informaci\u00f3n bibliogr\u00e1ficas para el estudio de los esmaltes en Espa\u00f1a: La obra de Limoges<\/i> (2002).<\/p>\n<p style=\"text-align: justify;\">Tema sobre el que ha\u00a0publicado varios libros, <i>El frontal de Limoges de la Catedral de Orense: <\/i>Documentaci\u00f3n<i> y fuentes para su estudio<\/i> (2001); <i>Recursos de informaci\u00f3n para el estudio de los esmaltes champlev\u00e9 en Espa\u00f1a<\/i> (2005); y diversos art\u00edculos en revistas: \u201cEl estado actual de los estudios bibliogr\u00e1ficos sobre el arte en Espa\u00f1a\u201d; \u201cColeccionismo y producci\u00f3n bibliogr\u00e1fica de los esmaltes champlev\u00e9 en Espa\u00f1a\u201d. Particip\u00f3 en obras colectivas como \u201cFrontal d&#8217;Orense: cinquante-trois fragments d\u00e9membr\u00e9s \u00bb, en <i>Catalogue International de l&#8217;Oeuvre de Limoges<\/i>, editado por el Comit\u00e9 des Travaux Historiques e Scientifiques y el Mus\u00e9e du Louvre (2011); \u00abLes \u00e9v\u00eaques et l\u2019Oeuvre de Limoges en Galice dans la premi\u00e8re moiti\u00e9 du XIII\u00e8 si\u00e8cle\u00bb, en <i>L\u2019\u0153uvre de Limoges et sa diffusion. <\/i><i>Tr\u00e9sors, objets, collections<\/i>, editado por Institut National d\u2019Histoire de l\u2019art et Presses Universitaires de Rennes (2011); \u00abThe Enamelled Altar Frontal of Orense: A Limoges Workshop in Galicia\u00bb, (2012).\u00a0Otras\u00a0l\u00edneas de investigaci\u00f3n\u00a0son las bibliograf\u00edas especializadas de arte y las fuentes y recursos de informaci\u00f3n bibliogr\u00e1ficas, destacan los estudios: \u201cEl estado actual de los estudios bibliogr\u00e1ficos sobre el arte en Espa\u00f1a\u201d y las \u201cFuentes de informaci\u00f3n bibliogr\u00e1ficas al servicio de la investigaci\u00f3n en Historia del Arte\u201d. Otros temas de inter\u00e9s son las herramientas 2.0 aplicadas a la docencia.<\/p>\n","protected":false},"excerpt":{"rendered":"<p>Profesora del \u00c1rea de Biblioteconom\u00eda y Documentaci\u00f3n de la Universidad de Le\u00f3n. Doctora en Historia del Arte y Licenciada en Geograf\u00eda e Historia por la Universidad de Santiago de Compostela. Realiz\u00f3 un DEA en la \u00c9cole des Hautes \u00c9tudes en Sciences Sociales, Paris. Una beca de investigaci\u00f3n le permiti\u00f3 trabajar en el Corpus des \u00c9maux [&hellip;]<\/p>\n","protected":false},"author":16,"featured_media":0,"parent":42,"menu_order":0,"comment_status":"closed","ping_status":"closed","template":"","meta":{"footnotes":""},"class_list":["post-88","page","type-page","status-publish","hentry"],"_links":{"self":[{"href":"https:\/\/grupos.unileon.es\/mebar\/wp-json\/wp\/v2\/pages\/88","targetHints":{"allow":["GET"]}}],"collection":[{"href":"https:\/\/grupos.unileon.es\/mebar\/wp-json\/wp\/v2\/pages"}],"about":[{"href":"https:\/\/grupos.unileon.es\/mebar\/wp-json\/wp\/v2\/types\/page"}],"author":[{"embeddable":true,"href":"https:\/\/grupos.unileon.es\/mebar\/wp-json\/wp\/v2\/users\/16"}],"replies":[{"embeddable":true,"href":"https:\/\/grupos.unileon.es\/mebar\/wp-json\/wp\/v2\/comments?post=88"}],"version-history":[{"count":3,"href":"https:\/\/grupos.unileon.es\/mebar\/wp-json\/wp\/v2\/pages\/88\/revisions"}],"predecessor-version":[{"id":240,"href":"https:\/\/grupos.unileon.es\/mebar\/wp-json\/wp\/v2\/pages\/88\/revisions\/240"}],"up":[{"embeddable":true,"href":"https:\/\/grupos.unileon.es\/mebar\/wp-json\/wp\/v2\/pages\/42"}],"wp:attachment":[{"href":"https:\/\/grupos.unileon.es\/mebar\/wp-json\/wp\/v2\/media?parent=88"}],"curies":[{"name":"wp","href":"https:\/\/api.w.org\/{rel}","templated":true}]}}