{"id":906,"date":"2015-07-02T18:43:13","date_gmt":"2015-07-02T18:43:13","guid":{"rendered":"http:\/\/grupos.unileon.es\/mebar\/?page_id=906"},"modified":"2015-09-18T02:10:23","modified_gmt":"2015-09-18T02:10:23","slug":"dubitatio-critica-literaria-aleman","status":"publish","type":"page","link":"https:\/\/grupos.unileon.es\/mebar\/dubitatio-critica-literaria-aleman\/","title":{"rendered":"Dubitatio. Cr\u00edtica literaria alem\u00e1n"},"content":{"rendered":"<p style=\"text-align: justify;\"><strong>SCHLEGEL, Friedrich.<\/strong>\u00a0\u201cKritische Fragmente\u00bb.\u00a0<em>Kritische Schriften und Fragmente (1798-18011)<\/em>. Eds. Ernst Behler und Hans Eichner. Paderborn. M\u00fcnchen. Wien. Z\u00fcrich: Ferdinand Sch\u00f6ningh, Band 1, 1988. 239-250. Impreso.<\/p>\n<p style=\"padding-left: 30px; text-align: justify;\"><span style=\"color: #999999;\"><strong>Schlegel,<\/strong>\u00a0Friedrich. \u201cFragmentos cr\u00edticos\u00bb.\u00a0<em>Fragmentos, seguido de Sobre la incomprensibilidad.<\/em>\u00a0Trad. y notas de Pere Pajerols. Barcelona: Marbot, 2009. 25-55. Impreso.<\/span><\/p>\n<p style=\"text-align: justify;\"><strong>Schlegel. <\/strong>1988<\/p>\n<p style=\"text-align: justify;\">[frg. 33, p. 241] \u00a0Eins von beiden ist fast immer herrschende Neigung jedes Schriftstellers: entweder manches nicht zu sagen, was durchaus gesagt werden m\u00fc\u00dfte, oder vieles zu sagen, was durchaus nicht gesagt zu werden brauchte. Das erste ist die Erbs\u00fcnde der synthetischen Naturen, das letzte der analytischen.<\/p>\n<p style=\"padding-left: 30px; text-align: justify;\"><span style=\"color: #999999;\"><strong>Schlegel.\u00a0<\/strong>\u00a0(Trad. y notas de Pere Pajerols, 2009)<\/span><\/p>\n<p style=\"padding-left: 30px; text-align: justify;\"><span style=\"color: #999999;\">[frg. 33, p. 31] \u00a0Una de estas dos costumbres constituye casi siempre la tendencia dominante de un escritor: o no decir algo que deber\u00eda haberse dicho a toda costa; o decir muchas cosas que no hab\u00eda ninguna necesidad de decir. Lo primero constituye el pecado original de las naturalezas sint\u00e9ticas; lo segundo, el de las anal\u00edticas.<\/span><\/p>\n<p style=\"padding-left: 30px; text-align: justify;\">\n","protected":false},"excerpt":{"rendered":"<p>SCHLEGEL, Friedrich.\u00a0\u201cKritische Fragmente\u00bb.\u00a0Kritische Schriften und Fragmente (1798-18011). Eds. Ernst Behler und Hans Eichner. Paderborn. M\u00fcnchen. Wien. Z\u00fcrich: Ferdinand Sch\u00f6ningh, Band 1, 1988. 239-250. Impreso. Schlegel,\u00a0Friedrich. \u201cFragmentos cr\u00edticos\u00bb.\u00a0Fragmentos, seguido de Sobre la incomprensibilidad.\u00a0Trad. y notas de Pere Pajerols. Barcelona: Marbot, 2009. 25-55. Impreso. Schlegel. 1988 [frg. 33, p. 241] \u00a0Eins von beiden ist fast immer herrschende [&hellip;]<\/p>\n","protected":false},"author":16,"featured_media":0,"parent":0,"menu_order":0,"comment_status":"closed","ping_status":"closed","template":"","meta":{"footnotes":""},"class_list":["post-906","page","type-page","status-publish","hentry"],"_links":{"self":[{"href":"https:\/\/grupos.unileon.es\/mebar\/wp-json\/wp\/v2\/pages\/906","targetHints":{"allow":["GET"]}}],"collection":[{"href":"https:\/\/grupos.unileon.es\/mebar\/wp-json\/wp\/v2\/pages"}],"about":[{"href":"https:\/\/grupos.unileon.es\/mebar\/wp-json\/wp\/v2\/types\/page"}],"author":[{"embeddable":true,"href":"https:\/\/grupos.unileon.es\/mebar\/wp-json\/wp\/v2\/users\/16"}],"replies":[{"embeddable":true,"href":"https:\/\/grupos.unileon.es\/mebar\/wp-json\/wp\/v2\/comments?post=906"}],"version-history":[{"count":5,"href":"https:\/\/grupos.unileon.es\/mebar\/wp-json\/wp\/v2\/pages\/906\/revisions"}],"predecessor-version":[{"id":1877,"href":"https:\/\/grupos.unileon.es\/mebar\/wp-json\/wp\/v2\/pages\/906\/revisions\/1877"}],"wp:attachment":[{"href":"https:\/\/grupos.unileon.es\/mebar\/wp-json\/wp\/v2\/media?parent=906"}],"curies":[{"name":"wp","href":"https:\/\/api.w.org\/{rel}","templated":true}]}}