{"id":912,"date":"2015-07-02T18:54:20","date_gmt":"2015-07-02T18:54:20","guid":{"rendered":"http:\/\/grupos.unileon.es\/mebar\/?page_id=912"},"modified":"2015-08-22T18:09:26","modified_gmt":"2015-08-22T18:09:26","slug":"suppositio-2","status":"publish","type":"page","link":"https:\/\/grupos.unileon.es\/mebar\/suppositio-2\/","title":{"rendered":"Suppositio. Cr\u00edtica literaria aleman"},"content":{"rendered":"<p style=\"text-align: justify;\">\n<p><strong>SCHLEGEL, Friedrich.<\/strong>\u00a0\u201cKritische Fragmente\u00bb. 1797.\u00a0 <em>Kritische Schriften und Fragmente (1798-18011)<\/em>.\u00a0<em>Studienausgabe.<\/em><em>\u00a0<\/em>Herausgegeben von Ernst Behler und Hans Eichner. Paderborn. M\u00fcnchen. Wien. Z\u00fcrich: Ferdinand Sch\u00f6ningh, Band 1, 1988. 239-250. Impreso.<\/p>\n<p style=\"padding-left: 30px;\"><span style=\"color: #999999;\"><strong>Schlegel,<\/strong>\u00a0Friedrich. \u201cFragmentos cr\u00edticos\u00bb. 1797.\u00a0<em>Fragmentos, seguido de Sobre la incomprensibilidad.<\/em>\u00a0Trad. y notas de Pere Pajerols. Barcelona: Marbot Ed., 2009. 25-55. Impreso.<\/span><\/p>\n<p style=\"text-align: justify;\"><strong>Schlegel<\/strong>, <strong>F.\u00a0<\/strong>1797<\/p>\n<p style=\"text-align: justify;\">[frg. 39, p. 242] \u00a0Die Geschichte der Nachahmung der alten Dichtkunst, vornehmlich im Auslande hat unter andern auch den Nutzen, da\u00df sich die wichtigen Begriffe von unwillk\u00fcrlicher Parodie und passivem Witz, hier am leichtesten und vollst\u00e4ndigsten entwickeln lassen.<\/p>\n<p style=\"padding-left: 30px;\"><span style=\"color: #999999;\"><strong>Schlegel, F.<\/strong><strong>\u00a0<\/strong>1797 (Trad. y notas de Pere Pajerols, 2009)<\/span><\/p>\n<p style=\"text-align: justify; padding-left: 30px;\"><span style=\"color: #999999;\">[frg. 39, pp. 33-34] \u00a0La historia de la imitaci\u00f3n de la poes\u00eda antigua, especialmente la que se ha llevado a cabo en el extranjero, tambi\u00e9n resulta \u00fatil, entre otras cosas porque los conceptos cruciales de parodia involuntaria y de ingenio pasivo se pueden desarrollar en ella del modo m\u00e1s f\u00e1cil y completo.<\/span><\/p>\n<p style=\"padding-left: 30px;\">\n<p>&nbsp;<\/p>\n","protected":false},"excerpt":{"rendered":"<p>SCHLEGEL, Friedrich.\u00a0\u201cKritische Fragmente\u00bb. 1797.\u00a0 Kritische Schriften und Fragmente (1798-18011).\u00a0Studienausgabe.\u00a0Herausgegeben von Ernst Behler und Hans Eichner. Paderborn. M\u00fcnchen. Wien. Z\u00fcrich: Ferdinand Sch\u00f6ningh, Band 1, 1988. 239-250. Impreso. Schlegel,\u00a0Friedrich. \u201cFragmentos cr\u00edticos\u00bb. 1797.\u00a0Fragmentos, seguido de Sobre la incomprensibilidad.\u00a0Trad. y notas de Pere Pajerols. Barcelona: Marbot Ed., 2009. 25-55. Impreso. Schlegel, F.\u00a01797 [frg. 39, p. 242] \u00a0Die Geschichte der [&hellip;]<\/p>\n","protected":false},"author":16,"featured_media":0,"parent":0,"menu_order":0,"comment_status":"closed","ping_status":"closed","template":"","meta":{"footnotes":""},"class_list":["post-912","page","type-page","status-publish","hentry"],"_links":{"self":[{"href":"https:\/\/grupos.unileon.es\/mebar\/wp-json\/wp\/v2\/pages\/912","targetHints":{"allow":["GET"]}}],"collection":[{"href":"https:\/\/grupos.unileon.es\/mebar\/wp-json\/wp\/v2\/pages"}],"about":[{"href":"https:\/\/grupos.unileon.es\/mebar\/wp-json\/wp\/v2\/types\/page"}],"author":[{"embeddable":true,"href":"https:\/\/grupos.unileon.es\/mebar\/wp-json\/wp\/v2\/users\/16"}],"replies":[{"embeddable":true,"href":"https:\/\/grupos.unileon.es\/mebar\/wp-json\/wp\/v2\/comments?post=912"}],"version-history":[{"count":4,"href":"https:\/\/grupos.unileon.es\/mebar\/wp-json\/wp\/v2\/pages\/912\/revisions"}],"predecessor-version":[{"id":1153,"href":"https:\/\/grupos.unileon.es\/mebar\/wp-json\/wp\/v2\/pages\/912\/revisions\/1153"}],"wp:attachment":[{"href":"https:\/\/grupos.unileon.es\/mebar\/wp-json\/wp\/v2\/media?parent=912"}],"curies":[{"name":"wp","href":"https:\/\/api.w.org\/{rel}","templated":true}]}}